{"id":2194,"date":"2020-07-21T11:07:58","date_gmt":"2020-07-21T09:07:58","guid":{"rendered":"https:\/\/timintralog.com\/?page_id=2194"},"modified":"2025-01-17T10:25:35","modified_gmt":"2025-01-17T09:25:35","slug":"unternehmen","status":"publish","type":"page","link":"https:\/\/timintralog.com\/de\/unternehmen\/","title":{"rendered":"Unternehmen"},"content":{"rendered":"<p>[et_pb_section fb_built=&#8220;1&#8243; _builder_version=&#8220;4.16&#8243; _module_preset=&#8220;default&#8220; background_color=&#8220;rgba(0,0,0,0)&#8220; use_background_color_gradient=&#8220;on&#8220; background_color_gradient_direction=&#8220;110deg&#8220; background_color_gradient_stops=&#8220;rgba(238,238,239,0.85) 30%|rgba(0,0,0,0) 100%&#8220; background_color_gradient_overlays_image=&#8220;on&#8220; background_color_gradient_start=&#8220;rgba(238,238,239,0.85)&#8220; background_color_gradient_start_position=&#8220;30%&#8220; background_color_gradient_end=&#8220;rgba(0,0,0,0)&#8220; background_image=&#8220;https:\/\/timintralog.com\/wp-content\/uploads\/2020\/07\/header-unternehmen-1-ti.jpg&#8220; custom_padding=&#8220;6vw||6vw||true|false&#8220; global_colors_info=&#8220;{}&#8220;][et_pb_row _builder_version=&#8220;4.16&#8243; _module_preset=&#8220;default&#8220; global_colors_info=&#8220;{}&#8220;][et_pb_column type=&#8220;4_4&#8243; _builder_version=&#8220;4.16&#8243; _module_preset=&#8220;default&#8220; global_colors_info=&#8220;{}&#8220;][et_pb_text _builder_version=&#8220;4.16&#8243; _module_preset=&#8220;default&#8220; width=&#8220;70%&#8220; custom_margin=&#8220;||||false|false&#8220; custom_padding=&#8220;||||false|false&#8220; global_colors_info=&#8220;{}&#8220;]<\/p>\n<h1>Gemeinsam sind wir stark<\/h1>\n<p>[\/et_pb_text][\/et_pb_column][\/et_pb_row][\/et_pb_section][et_pb_section fb_built=&#8220;1&#8243; _builder_version=&#8220;4.16&#8243; _module_preset=&#8220;default&#8220; custom_padding=&#8220;0px||0px||false|false&#8220; global_colors_info=&#8220;{}&#8220;][et_pb_row _builder_version=&#8220;4.16&#8243; _module_preset=&#8220;default&#8220; custom_padding=&#8220;20px||20px||true|false&#8220; global_colors_info=&#8220;{}&#8220;][et_pb_column type=&#8220;4_4&#8243; _builder_version=&#8220;4.16&#8243; _module_preset=&#8220;default&#8220; global_colors_info=&#8220;{}&#8220;][et_pb_text _builder_version=&#8220;4.5.6&#8243; _module_preset=&#8220;default&#8220; link_text_color=&#8220;#222222&#8243; global_module=&#8220;2466&#8243; saved_tabs=&#8220;all&#8220; global_colors_info=&#8220;{}&#8220; link_text_color__hover_enabled=&#8220;on|hover&#8220; link_text_color__hover=&#8220;#004b85&#8243;]<\/p>\n<span><span><a href=\"https:\/\/timintralog.com\/de\/\">Home<\/a><\/span><\/span>\n<p>[\/et_pb_text][\/et_pb_column][\/et_pb_row][\/et_pb_section][et_pb_section fb_built=&#8220;1&#8243; _builder_version=&#8220;4.16&#8243; _module_preset=&#8220;default&#8220; custom_padding=&#8220;0px||||false|false&#8220; global_colors_info=&#8220;{}&#8220;][et_pb_row use_custom_gutter=&#8220;on&#8220; gutter_width=&#8220;4&#8243; _builder_version=&#8220;4.16&#8243; _module_preset=&#8220;default&#8220; global_colors_info=&#8220;{}&#8220;][et_pb_column type=&#8220;4_4&#8243; _builder_version=&#8220;4.16&#8243; _module_preset=&#8220;default&#8220; global_colors_info=&#8220;{}&#8220;][et_pb_text _builder_version=&#8220;4.16&#8243; _module_preset=&#8220;default&#8220; global_colors_info=&#8220;{}&#8220;]<\/p>\n<h2>Unternehmen<\/h2>\n<p><strong>Als f\u00fchrende Beratung f\u00fcr Lager- und Intralogistik entwickeln wir seit \u00fcber 20 Jahren intelligente L\u00f6sungen f\u00fcr aktuelle und k\u00fcnftige Herausforderungen unserer Kunden und deren weltweiten Supply Chains.<\/strong><\/p>\n<p>Im Jahr 2002 sind wir als Bereich Lager- und Intralogistik der TIM CONSULT GmbH gestartet und bieten seit Sommer 2018 unsere bew\u00e4hrten Beratungsleistungen eigenst\u00e4ndig als TIM INTRALOG. an.<\/p>\n<p>Wir sind eigent\u00fcmergef\u00fchrt und erarbeiten lieferantenunabh\u00e4ngige Best-In-Class L\u00f6sungen. Dabei beschr\u00e4nken wir uns nicht auf die Sicht in \u201edas Lager\u201c, sondern haben relevante Supply-Chain-Schnittstellen und die ganzheitliche Optimierung immer im Blick. Gest\u00fctzt auf unsere langj\u00e4hrige Erfahrung erzeugen wir somit Transparenz, minimieren das Investitionsrisiko, senken die Logistikkosten und st\u00e4rken die Wettbewerbsposition unserer Kunden.<\/p>\n<p>Die Anforderungen an die Lagerlogistik und der Bedarf an Optimierungen sind so vielf\u00e4ltig und individuell wie Ihr Unternehmen selbst. In partnerschaftlicher Zusammenarbeit gestalten wir ma\u00dfgeschneiderte Intralogistikl\u00f6sungen, die wirtschaftlich, flexibel und skalierbar sind und Ihnen eine sichere Investition f\u00fcr die Zukunft garantieren.<\/p>\n<p>Wir planen, schreiben aus und unterst\u00fctzen Sie bei der Vergabe und Implementierung Ihres neuen Lagers bis zum stabilen und erfolgreichen Live-Betrieb.<\/p>\n<p>Zu unseren langj\u00e4hrigen Kunden z\u00e4hlen global t\u00e4tige Unternehmen und Marktf\u00fchrer aus dem Mittelstand. Auf Basis ihrer Bed\u00fcrfnisse und Anforderungen bauen wir unser Beratungsangebot kontinuierlich aus.<\/p>\n<p>Unser wachsendes Team unterschiedlicher Fachrichtungen entwickelt mit seiner Erfahrung f\u00fcr Sie innovative &amp; marktorientierte L\u00f6sungen.<\/p>\n<p>Von unserem zentral gelegenen Standort in Mannheim (unmittelbare N\u00e4he zum Bahnhof) haben wir eine gute Anbindung und sind somit schnell bei Ihnen, wenn Sie uns brauchen.<\/p>\n<p><strong>Intralogistics Excellence \u2013 Prozess \u2013 Technik \u2013 Mensch \u2013 Organisation<\/strong><\/p>\n<p>[\/et_pb_text][\/et_pb_column][\/et_pb_row][\/et_pb_section][et_pb_section fb_built=&#8220;1&#8243; custom_padding_last_edited=&#8220;off|desktop&#8220; _builder_version=&#8220;4.16&#8243; _module_preset=&#8220;default&#8220; custom_margin=&#8220;||||false|false&#8220; border_width_top=&#8220;1px&#8220; border_color_top=&#8220;#eeeeef&#8220; border_width_bottom=&#8220;1px&#8220; border_color_bottom=&#8220;#eeeeef&#8220; global_colors_info=&#8220;{}&#8220;][et_pb_row _builder_version=&#8220;4.16&#8243; _module_preset=&#8220;default&#8220; global_colors_info=&#8220;{}&#8220;][et_pb_column type=&#8220;4_4&#8243; _builder_version=&#8220;4.16&#8243; _module_preset=&#8220;default&#8220; global_colors_info=&#8220;{}&#8220;][et_pb_text _builder_version=&#8220;4.27.4&#8243; _module_preset=&#8220;default&#8220; text_orientation=&#8220;center&#8220; max_width=&#8220;800px&#8220; module_alignment=&#8220;center&#8220; global_colors_info=&#8220;{}&#8220;]<\/p>\n<h2>Management\u00a0<\/h2>\n<p><span><span class=\"ui-provider a b c d e f g h i j k l m n o p q r s t u v w x y z ab ac ae af ag ah ai aj ak\" dir=\"ltr\">Bj\u00f6rn Klippel und Nils Bernhard bilden als Gesch\u00e4ftsf\u00fchrer das kompetente Management-Team von TIM INTRALOG. Mit ihrer langj\u00e4hrigen Erfahrung und Expertise in der Intralogistik arbeiten sie mit Unterst\u00fctzung ihres Teams intensiv an neuen Projekten und f\u00fchren das Unternehmen erfolgreich in die Zukunft.<\/span><\/span><\/p>\n<p>Mit dem Schatz unserer unterschiedlichen Erfahrung, unserer beruflichen Wege und der fachlichen Spezialisierungen inspirieren und helfen wir uns gegenseitig und finden zu jeder Frage die passende Antwort.<\/p>\n<p>&nbsp;<\/p>\n<p>[\/et_pb_text][\/et_pb_column][\/et_pb_row][et_pb_row column_structure=&#8220;1_2,1_2&#8243; _builder_version=&#8220;4.24.2&#8243; _module_preset=&#8220;default&#8220; global_colors_info=&#8220;{}&#8220;][et_pb_column type=&#8220;1_2&#8243; _builder_version=&#8220;4.24.2&#8243; _module_preset=&#8220;default&#8220; global_colors_info=&#8220;{}&#8220;][et_pb_image src=&#8220;https:\/\/timintralog.com\/wp-content\/uploads\/2025\/01\/005-20231107-TIM-INTRALOG.-GmbH-IMG_4250-72DPI-scaled.jpg&#8220; alt=&#8220;Management-Team&#8220; title_text=&#8220;005 20231107 TIM INTRALOG. GmbH IMG_4250 72DPI&#8220; show_bottom_space=&#8220;off&#8220; _builder_version=&#8220;4.27.4&#8243; _module_preset=&#8220;default&#8220; width=&#8220;100%&#8220; module_alignment=&#8220;center&#8220; custom_margin=&#8220;||||false|false&#8220; global_colors_info=&#8220;{}&#8220;][\/et_pb_image][et_pb_text _builder_version=&#8220;4.27.4&#8243; _module_preset=&#8220;default&#8220; text_orientation=&#8220;center&#8220; module_alignment=&#8220;right&#8220; global_colors_info=&#8220;{}&#8220;]<\/p>\n<p>Nils Bernhard<\/p>\n<p>[\/et_pb_text][\/et_pb_column][et_pb_column type=&#8220;1_2&#8243; _builder_version=&#8220;4.24.2&#8243; _module_preset=&#8220;default&#8220; global_colors_info=&#8220;{}&#8220;][et_pb_image src=&#8220;https:\/\/timintralog.com\/wp-content\/uploads\/2025\/01\/001-20231107-TIM-INTRALOG.-GmbH-IMG_2221-72DPI-scaled.jpg&#8220; alt=&#8220;Management-Team&#8220; title_text=&#8220;001 20231107 TIM INTRALOG. GmbH IMG_2221 72DPI&#8220; show_bottom_space=&#8220;off&#8220; _builder_version=&#8220;4.27.4&#8243; _module_preset=&#8220;default&#8220; width=&#8220;100%&#8220; module_alignment=&#8220;center&#8220; global_colors_info=&#8220;{}&#8220;][\/et_pb_image][et_pb_text _builder_version=&#8220;4.27.4&#8243; _module_preset=&#8220;default&#8220; text_orientation=&#8220;center&#8220; global_colors_info=&#8220;{}&#8220;]<\/p>\n<p>Bj\u00f6rn Klippel<\/p>\n<p>[\/et_pb_text][\/et_pb_column][\/et_pb_row][\/et_pb_section][et_pb_section fb_built=&#8220;1&#8243; _builder_version=&#8220;4.16&#8243; _module_preset=&#8220;default&#8220; border_width_bottom=&#8220;1px&#8220; border_color_bottom=&#8220;#eeeeef&#8220; global_colors_info=&#8220;{}&#8220;][et_pb_row _builder_version=&#8220;4.16&#8243; _module_preset=&#8220;default&#8220; custom_margin=&#8220;||-50px||false|false&#8220; global_colors_info=&#8220;{}&#8220;][et_pb_column type=&#8220;4_4&#8243; _builder_version=&#8220;4.16&#8243; _module_preset=&#8220;default&#8220; global_colors_info=&#8220;{}&#8220;][et_pb_text _builder_version=&#8220;4.16&#8243; _module_preset=&#8220;default&#8220; global_colors_info=&#8220;{}&#8220;]<\/p>\n<h2 style=\"text-align: center;\">TIM INTRALOG. auf einen Blick<\/h2>\n<p>[\/et_pb_text][\/et_pb_column][\/et_pb_row][et_pb_row _builder_version=&#8220;4.16&#8243; _module_preset=&#8220;default&#8220; global_colors_info=&#8220;{}&#8220;][et_pb_column type=&#8220;4_4&#8243; _builder_version=&#8220;4.16&#8243; _module_preset=&#8220;default&#8220; global_colors_info=&#8220;{}&#8220;][et_pb_image src=&#8220;https:\/\/timintralog.com\/wp-content\/uploads\/2025\/01\/Unternehmensdaten.jpg&#8220; title_text=&#8220;Unternehmensdaten&#8220; align=&#8220;center&#8220; _builder_version=&#8220;4.27.4&#8243; _module_preset=&#8220;default&#8220; width=&#8220;100%&#8220; hover_enabled=&#8220;0&#8243; global_colors_info=&#8220;{}&#8220; sticky_enabled=&#8220;0&#8243;][\/et_pb_image][\/et_pb_column][\/et_pb_row][\/et_pb_section][et_pb_section fb_built=&#8220;1&#8243; _builder_version=&#8220;4.16&#8243; _module_preset=&#8220;default&#8220; global_colors_info=&#8220;{}&#8220;][et_pb_row column_structure=&#8220;1_2,1_2&#8243; _builder_version=&#8220;4.16&#8243; _module_preset=&#8220;default&#8220; global_colors_info=&#8220;{}&#8220;][et_pb_column type=&#8220;1_2&#8243; _builder_version=&#8220;4.16&#8243; _module_preset=&#8220;default&#8220; global_colors_info=&#8220;{}&#8220;][et_pb_text _builder_version=&#8220;4.16&#8243; _module_preset=&#8220;default&#8220; custom_padding=&#8220;||50px||false|false&#8220; custom_padding_tablet=&#8220;&#8220; custom_padding_phone=&#8220;&#8220; custom_padding_last_edited=&#8220;on|desktop&#8220; sticky_position=&#8220;top&#8220; sticky_offset_top=&#8220;20px&#8220; sticky_limit_bottom=&#8220;row&#8220; sticky_position_tablet=&#8220;none&#8220; sticky_position_phone=&#8220;&#8220; sticky_position_last_edited=&#8220;on|phone&#8220; global_colors_info=&#8220;{}&#8220;]<\/p>\n<h2>Historie<\/h2>\n<p>Die Geschichte der TIM CONSULT GmbH beginnt 1995 mit ersten Projekten, damals mit Schwerpunkten in Transportthemen aber auch schon mit Fragestellungen der Intralogistik.<\/p>\n<p>Unsere eigentliche Geschichte beginnt im Jahr 2002 mit dem Aufbau des Bereiches Logistics Engineering als Kompetenzcenter f\u00fcr Lager- und Intralogistik innerhalb der TIM CONSULT GmbH.<\/p>\n<p>Es folgten eine Vielzahl herausfordernder und erfolgreicher Projekte, die uns das Vertrauen und die Wertsch\u00e4tzung unserer Kunden gebracht haben. So k\u00f6nnen wir heute mit Stolz auf mehr als 20 Jahre T\u00e4tigkeit in Beratung und Umsetzung zur\u00fcckblicken, die von gesundem Wachstum und einem motivierten und engagierten Team gepr\u00e4gt waren.<\/p>\n<p>Der bisher letzte Schritt auf unserem Wachstumskurs ist die Verselbst\u00e4ndigung des Lager- und Intralogistikbereichs. So firmieren wir seit Sommer 2018 als TIM INTRALOG.<\/p>\n<p>Dazu haben wir unser Team ausgebaut und unser Leistungsportfolio erweitert. An Altbew\u00e4hrtem halten wir fest: Eigent\u00fcmer und bekanntes Team bleiben gleich und unterst\u00fctzen Sie mit der gewohnten Zuverl\u00e4ssigkeit und Fachkompetenz.<\/p>\n<p>Wir freuen uns auf das neue Kapitel unserer Geschichte!<\/p>\n<p>[\/et_pb_text][\/et_pb_column][et_pb_column type=&#8220;1_2&#8243; _builder_version=&#8220;4.16&#8243; _module_preset=&#8220;default&#8220; global_colors_info=&#8220;{}&#8220;][cwp_timeline_parent timeline_style=&#8220;left&#8220; timeline_item=&#8220;#eeeeef&#8220; timeline_line_color=&#8220;#eeeeef&#8220; circle_bg_color=&#8220;#eeeeef&#8220; circle_border_color=&#8220;#004b85&#8243; opposite_bg_color=&#8220;#eeeeef&#8220; _builder_version=&#8220;4.20.2&#8243; _module_preset=&#8220;default&#8220; timeline_title_font_size=&#8220;25px&#8220; custom_padding=&#8220;||||false|false&#8220; timeline_title_font_size_tablet=&#8220;23px&#8220; timeline_title_font_size_phone=&#8220;21px&#8220; timeline_title_font_size_last_edited=&#8220;on|phone&#8220; global_colors_info=&#8220;{}&#8220;][cwp_timeline_child timeline_title=&#8220;1995&#8243; timeline_content=&#8220;<\/p>\n<p>Gr\u00fcndung der TIM CONSULT GmbH<\/p>\n<p>&#8220; _builder_version=&#8220;4.16&#8243; _module_preset=&#8220;default&#8220; global_colors_info=&#8220;{}&#8220;][\/cwp_timeline_child][cwp_timeline_child timeline_title=&#8220;2002&#8243; timeline_content=&#8220;<\/p>\n<p>Gr\u00fcndung Gesch\u00e4ftsbereich Logistics Engineering<\/p>\n<p><span>Planung, Realisierung und Optimierung von Intralogistik, Lager und Distributionszentren<\/span><\/p>\n<p>&#8220; _builder_version=&#8220;4.16&#8243; _module_preset=&#8220;default&#8220; global_colors_info=&#8220;{}&#8220;][\/cwp_timeline_child][cwp_timeline_child timeline_title=&#8220;2003&#8243; timeline_content=&#8220;<\/p>\n<p>Durchf\u00fchrung erstes Lager-Audit bei einem Gro\u00dfh\u00e4ndler f\u00fcr Kfz-Ersatzteile<\/p>\n<p>&#8220; _builder_version=&#8220;4.16&#8243; _module_preset=&#8220;default&#8220; global_colors_info=&#8220;{}&#8220;][\/cwp_timeline_child][cwp_timeline_child timeline_title=&#8220;2005&#8243; timeline_content=&#8220;<\/p>\n<p>Erstes Outsourcing Projekt f\u00fcr einen f\u00fchrenden Hersteller von Home Appliance<\/p>\n<p>&#8220; _builder_version=&#8220;4.16&#8243; _module_preset=&#8220;default&#8220; global_colors_info=&#8220;{}&#8220;][\/cwp_timeline_child][cwp_timeline_child timeline_title=&#8220;2008&#8243; timeline_content=&#8220;<\/p>\n<p>Erster Messeauftritt LogiMAT<\/p>\n<p>&#8220; _builder_version=&#8220;4.16&#8243; _module_preset=&#8220;default&#8220; global_colors_info=&#8220;{}&#8220;][\/cwp_timeline_child][cwp_timeline_child timeline_title=&#8220;2009&#8243; timeline_content=&#8220;<\/p>\n<p>Planung und Realisierung des europ\u00e4ischen Zentrallagers f\u00fcr einen f\u00fchrenden Sportartikelhersteller<\/p>\n<p>&#8220; _builder_version=&#8220;4.16&#8243; _module_preset=&#8220;default&#8220; global_colors_info=&#8220;{}&#8220;][\/cwp_timeline_child][cwp_timeline_child timeline_title=&#8220;2010&#8243; timeline_content=&#8220;<\/p>\n<p>Unterst\u00fctzung der Planung und Realisierung eines automatisierten H\u00e4ngewarenlagers bei einem f\u00fchrenden Einzelhandelsunternehmen in UK<\/p>\n<p>&#8220; _builder_version=&#8220;4.16&#8243; _module_preset=&#8220;default&#8220; global_colors_info=&#8220;{}&#8220;][\/cwp_timeline_child][cwp_timeline_child timeline_title=&#8220;2011&#8243; timeline_content=&#8220;<\/p>\n<p>Erweiterungsplanung Pharmalager f\u00fcr eine f\u00fchrende Versandapotheke<\/p>\n<p>&#8220; _builder_version=&#8220;4.16&#8243; _module_preset=&#8220;default&#8220; global_colors_info=&#8220;{}&#8220;][\/cwp_timeline_child][cwp_timeline_child timeline_title=&#8220;2016&#8243; timeline_content=&#8220;<\/p>\n<p>Planung und Realisierung der Erweiterung des Zentrallagers f\u00fcr einen Hersteller von Elektronikbauelementen<\/p>\n<p>&#8220; _builder_version=&#8220;4.16&#8243; _module_preset=&#8220;default&#8220; global_colors_info=&#8220;{}&#8220;][\/cwp_timeline_child][cwp_timeline_child timeline_title=&#8220;2018&#8243; timeline_content=&#8220;<\/p>\n<p>Der Gesch\u00e4ftsbereich Logistics Engineering operiert als eigenst\u00e4ndige Einheit: TIM INTRALOG.<\/p>\n<p>TIM CONSULT wird Teil der Transporeon Group<\/p>\n<p>&#8220; _builder_version=&#8220;4.20.2&#8243; _module_preset=&#8220;default&#8220; global_colors_info=&#8220;{}&#8220;][\/cwp_timeline_child][cwp_timeline_child timeline_title=&#8220;2021&#8243; timeline_content=&#8220;<\/p>\n<p>TIM INTRALOG. zieht in neue Gesch\u00e4ftsr\u00e4ume um.<\/p>\n<p>&#8220; _builder_version=&#8220;4.20.2&#8243; _module_preset=&#8220;default&#8220; global_colors_info=&#8220;{}&#8220;][\/cwp_timeline_child][cwp_timeline_child timeline_title=&#8220;2022&#8243; timeline_content=&#8220;<\/p>\n<p>Erweiterung der TIM INTRALOG. Gesch\u00e4ftsf\u00fchrung<\/p>\n<p>Herr Dipl.-Kfm. Marco Kr\u00e4mer und Herr Dipl.-Wirtsch.-Ing. Nils Bernhard werden zu Gesch\u00e4ftsf\u00fchrern der TIM INTRALOG. GmbH bestellt.<\/p>\n<p>&#8220; _builder_version=&#8220;4.20.2&#8243; _module_preset=&#8220;default&#8220; global_colors_info=&#8220;{}&#8220;][\/cwp_timeline_child][\/cwp_timeline_parent][\/et_pb_column][\/et_pb_row][\/et_pb_section]<\/p>\n","protected":false},"excerpt":{"rendered":"<p>Gemeinsam sind wir stark<span><span><a href=\"https:\/\/timintralog.com\/de\/\">Home<\/a><\/span><\/span> Unternehmen Als f\u00fchrende Beratung f\u00fcr Lager- und Intralogistik entwickeln wir seit \u00fcber 20 Jahren intelligente L\u00f6sungen f\u00fcr aktuelle und k\u00fcnftige Herausforderungen unserer Kunden und deren weltweiten Supply Chains. Im Jahr 2002 sind wir als Bereich Lager- und Intralogistik der TIM CONSULT GmbH gestartet und bieten seit Sommer 2018 unsere bew\u00e4hrten Beratungsleistungen [&hellip;]<\/p>\n","protected":false},"author":1,"featured_media":0,"parent":0,"menu_order":1,"comment_status":"closed","ping_status":"closed","template":"","meta":{"_et_pb_use_builder":"on","_et_pb_old_content":"","_et_gb_content_width":"","footnotes":""},"class_list":["post-2194","page","type-page","status-publish","hentry"],"yoast_head":"<!-- This site is optimized with the Yoast SEO plugin v27.3 - https:\/\/yoast.com\/product\/yoast-seo-wordpress\/ -->\n<title>Unternehmen - Intralogistics Excellence seit 2002<\/title>\n<meta name=\"description\" content=\"Ma\u00dfgeschneiderte Intralogistikl\u00f6sungen seit mehr als 15 Jahren, die von einem motivierten und engagierten Team gepr\u00e4gt sind.\" \/>\n<meta name=\"robots\" content=\"index, follow, max-snippet:-1, max-image-preview:large, max-video-preview:-1\" \/>\n<link rel=\"canonical\" href=\"https:\/\/timintralog.com\/de\/unternehmen\/\" \/>\n<meta property=\"og:locale\" content=\"de_DE\" \/>\n<meta property=\"og:type\" content=\"article\" \/>\n<meta property=\"og:title\" content=\"Unternehmen - Intralogistics Excellence seit 2002\" \/>\n<meta property=\"og:description\" content=\"Ma\u00dfgeschneiderte Intralogistikl\u00f6sungen seit mehr als 15 Jahren, die von einem motivierten und engagierten Team gepr\u00e4gt sind.\" \/>\n<meta property=\"og:url\" content=\"https:\/\/timintralog.com\/de\/unternehmen\/\" \/>\n<meta property=\"og:site_name\" content=\"TIM INTRALOG.\" \/>\n<meta property=\"article:modified_time\" content=\"2025-01-17T09:25:35+00:00\" \/>\n<meta name=\"twitter:card\" content=\"summary_large_image\" \/>\n<meta name=\"twitter:label1\" content=\"Gesch\u00e4tzte Lesezeit\" \/>\n\t<meta name=\"twitter:data1\" content=\"5\u00a0Minuten\" \/>\n<script type=\"application\/ld+json\" class=\"yoast-schema-graph\">{\"@context\":\"https:\\\/\\\/schema.org\",\"@graph\":[{\"@type\":\"WebPage\",\"@id\":\"https:\\\/\\\/timintralog.com\\\/de\\\/unternehmen\\\/\",\"url\":\"https:\\\/\\\/timintralog.com\\\/de\\\/unternehmen\\\/\",\"name\":\"Unternehmen - Intralogistics Excellence seit 2002\",\"isPartOf\":{\"@id\":\"https:\\\/\\\/timintralog.com\\\/de\\\/#website\"},\"datePublished\":\"2020-07-21T09:07:58+00:00\",\"dateModified\":\"2025-01-17T09:25:35+00:00\",\"description\":\"Ma\u00dfgeschneiderte Intralogistikl\u00f6sungen seit mehr als 15 Jahren, die von einem motivierten und engagierten Team gepr\u00e4gt sind.\",\"breadcrumb\":{\"@id\":\"https:\\\/\\\/timintralog.com\\\/de\\\/unternehmen\\\/#breadcrumb\"},\"inLanguage\":\"de\",\"potentialAction\":[{\"@type\":\"ReadAction\",\"target\":[\"https:\\\/\\\/timintralog.com\\\/de\\\/unternehmen\\\/\"]}]},{\"@type\":\"BreadcrumbList\",\"@id\":\"https:\\\/\\\/timintralog.com\\\/de\\\/unternehmen\\\/#breadcrumb\",\"itemListElement\":[{\"@type\":\"ListItem\",\"position\":1,\"name\":\"Home\",\"item\":\"https:\\\/\\\/timintralog.com\\\/de\\\/\"},{\"@type\":\"ListItem\",\"position\":2,\"name\":\"Unternehmen\"}]},{\"@type\":\"WebSite\",\"@id\":\"https:\\\/\\\/timintralog.com\\\/de\\\/#website\",\"url\":\"https:\\\/\\\/timintralog.com\\\/de\\\/\",\"name\":\"TIM INTRALOG.\",\"description\":\"Lager- und Intralogistik Beratung\",\"publisher\":{\"@id\":\"https:\\\/\\\/timintralog.com\\\/de\\\/#organization\"},\"potentialAction\":[{\"@type\":\"SearchAction\",\"target\":{\"@type\":\"EntryPoint\",\"urlTemplate\":\"https:\\\/\\\/timintralog.com\\\/de\\\/?s={search_term_string}\"},\"query-input\":{\"@type\":\"PropertyValueSpecification\",\"valueRequired\":true,\"valueName\":\"search_term_string\"}}],\"inLanguage\":\"de\"},{\"@type\":\"Organization\",\"@id\":\"https:\\\/\\\/timintralog.com\\\/de\\\/#organization\",\"name\":\"TIM INTRALOG.\",\"url\":\"https:\\\/\\\/timintralog.com\\\/de\\\/\",\"logo\":{\"@type\":\"ImageObject\",\"inLanguage\":\"de\",\"@id\":\"https:\\\/\\\/timintralog.com\\\/de\\\/#\\\/schema\\\/logo\\\/image\\\/\",\"url\":\"https:\\\/\\\/timintralog.com\\\/wp-content\\\/uploads\\\/2020\\\/02\\\/logo.svg\",\"contentUrl\":\"https:\\\/\\\/timintralog.com\\\/wp-content\\\/uploads\\\/2020\\\/02\\\/logo.svg\",\"width\":552,\"height\":81,\"caption\":\"TIM INTRALOG.\"},\"image\":{\"@id\":\"https:\\\/\\\/timintralog.com\\\/de\\\/#\\\/schema\\\/logo\\\/image\\\/\"}}]}<\/script>\n<!-- \/ Yoast SEO plugin. -->","yoast_head_json":{"title":"Unternehmen - Intralogistics Excellence seit 2002","description":"Ma\u00dfgeschneiderte Intralogistikl\u00f6sungen seit mehr als 15 Jahren, die von einem motivierten und engagierten Team gepr\u00e4gt sind.","robots":{"index":"index","follow":"follow","max-snippet":"max-snippet:-1","max-image-preview":"max-image-preview:large","max-video-preview":"max-video-preview:-1"},"canonical":"https:\/\/timintralog.com\/de\/unternehmen\/","og_locale":"de_DE","og_type":"article","og_title":"Unternehmen - Intralogistics Excellence seit 2002","og_description":"Ma\u00dfgeschneiderte Intralogistikl\u00f6sungen seit mehr als 15 Jahren, die von einem motivierten und engagierten Team gepr\u00e4gt sind.","og_url":"https:\/\/timintralog.com\/de\/unternehmen\/","og_site_name":"TIM INTRALOG.","article_modified_time":"2025-01-17T09:25:35+00:00","twitter_card":"summary_large_image","twitter_misc":{"Gesch\u00e4tzte Lesezeit":"5\u00a0Minuten"},"schema":{"@context":"https:\/\/schema.org","@graph":[{"@type":"WebPage","@id":"https:\/\/timintralog.com\/de\/unternehmen\/","url":"https:\/\/timintralog.com\/de\/unternehmen\/","name":"Unternehmen - Intralogistics Excellence seit 2002","isPartOf":{"@id":"https:\/\/timintralog.com\/de\/#website"},"datePublished":"2020-07-21T09:07:58+00:00","dateModified":"2025-01-17T09:25:35+00:00","description":"Ma\u00dfgeschneiderte Intralogistikl\u00f6sungen seit mehr als 15 Jahren, die von einem motivierten und engagierten Team gepr\u00e4gt sind.","breadcrumb":{"@id":"https:\/\/timintralog.com\/de\/unternehmen\/#breadcrumb"},"inLanguage":"de","potentialAction":[{"@type":"ReadAction","target":["https:\/\/timintralog.com\/de\/unternehmen\/"]}]},{"@type":"BreadcrumbList","@id":"https:\/\/timintralog.com\/de\/unternehmen\/#breadcrumb","itemListElement":[{"@type":"ListItem","position":1,"name":"Home","item":"https:\/\/timintralog.com\/de\/"},{"@type":"ListItem","position":2,"name":"Unternehmen"}]},{"@type":"WebSite","@id":"https:\/\/timintralog.com\/de\/#website","url":"https:\/\/timintralog.com\/de\/","name":"TIM INTRALOG.","description":"Lager- und Intralogistik Beratung","publisher":{"@id":"https:\/\/timintralog.com\/de\/#organization"},"potentialAction":[{"@type":"SearchAction","target":{"@type":"EntryPoint","urlTemplate":"https:\/\/timintralog.com\/de\/?s={search_term_string}"},"query-input":{"@type":"PropertyValueSpecification","valueRequired":true,"valueName":"search_term_string"}}],"inLanguage":"de"},{"@type":"Organization","@id":"https:\/\/timintralog.com\/de\/#organization","name":"TIM INTRALOG.","url":"https:\/\/timintralog.com\/de\/","logo":{"@type":"ImageObject","inLanguage":"de","@id":"https:\/\/timintralog.com\/de\/#\/schema\/logo\/image\/","url":"https:\/\/timintralog.com\/wp-content\/uploads\/2020\/02\/logo.svg","contentUrl":"https:\/\/timintralog.com\/wp-content\/uploads\/2020\/02\/logo.svg","width":552,"height":81,"caption":"TIM INTRALOG."},"image":{"@id":"https:\/\/timintralog.com\/de\/#\/schema\/logo\/image\/"}}]}},"_links":{"self":[{"href":"https:\/\/timintralog.com\/de\/wp-json\/wp\/v2\/pages\/2194","targetHints":{"allow":["GET"]}}],"collection":[{"href":"https:\/\/timintralog.com\/de\/wp-json\/wp\/v2\/pages"}],"about":[{"href":"https:\/\/timintralog.com\/de\/wp-json\/wp\/v2\/types\/page"}],"author":[{"embeddable":true,"href":"https:\/\/timintralog.com\/de\/wp-json\/wp\/v2\/users\/1"}],"replies":[{"embeddable":true,"href":"https:\/\/timintralog.com\/de\/wp-json\/wp\/v2\/comments?post=2194"}],"version-history":[{"count":10,"href":"https:\/\/timintralog.com\/de\/wp-json\/wp\/v2\/pages\/2194\/revisions"}],"predecessor-version":[{"id":6038,"href":"https:\/\/timintralog.com\/de\/wp-json\/wp\/v2\/pages\/2194\/revisions\/6038"}],"wp:attachment":[{"href":"https:\/\/timintralog.com\/de\/wp-json\/wp\/v2\/media?parent=2194"}],"curies":[{"name":"wp","href":"https:\/\/api.w.org\/{rel}","templated":true}]}}