{"id":2215,"date":"2020-07-21T11:30:30","date_gmt":"2020-07-21T09:30:30","guid":{"rendered":"https:\/\/timintralog.com\/?page_id=2215"},"modified":"2025-11-10T14:46:00","modified_gmt":"2025-11-10T13:46:00","slug":"leistungsfelder","status":"publish","type":"page","link":"https:\/\/timintralog.com\/de\/leistungsfelder\/","title":{"rendered":"Leistungsfelder"},"content":{"rendered":"<p>[et_pb_section fb_built=&#8220;1&#8243; _builder_version=&#8220;4.16&#8243; _module_preset=&#8220;default&#8220; background_color=&#8220;rgba(0,0,0,0)&#8220; use_background_color_gradient=&#8220;on&#8220; background_color_gradient_direction=&#8220;110deg&#8220; background_color_gradient_stops=&#8220;rgba(238,238,239,0.85) 30%|rgba(0,0,0,0) 100%&#8220; background_color_gradient_overlays_image=&#8220;on&#8220; background_color_gradient_start=&#8220;rgba(238,238,239,0.85)&#8220; background_color_gradient_start_position=&#8220;30%&#8220; background_color_gradient_end=&#8220;rgba(0,0,0,0)&#8220; background_image=&#8220;https:\/\/timintralog.com\/wp-content\/uploads\/2020\/07\/header-leistungsfelder-1-ti.jpg&#8220; custom_padding=&#8220;6vw||6vw||true|false&#8220; global_colors_info=&#8220;{}&#8220;][et_pb_row _builder_version=&#8220;4.16&#8243; _module_preset=&#8220;default&#8220; global_colors_info=&#8220;{}&#8220;][et_pb_column type=&#8220;4_4&#8243; _builder_version=&#8220;4.16&#8243; _module_preset=&#8220;default&#8220; global_colors_info=&#8220;{}&#8220;][et_pb_text _builder_version=&#8220;4.16&#8243; _module_preset=&#8220;default&#8220; width=&#8220;80%&#8220; global_colors_info=&#8220;{}&#8220;]<\/p>\n<h1>Marktwissen,<br \/> Methodenkenntnis,<br \/> Prozess-Know-how<\/h1>\n<p>[\/et_pb_text][\/et_pb_column][\/et_pb_row][\/et_pb_section][et_pb_section fb_built=&#8220;1&#8243; disabled_on=&#8220;off|off|off&#8220; module_class=&#8220;custom-leistungen&#8220; _builder_version=&#8220;4.16&#8243; _module_preset=&#8220;default&#8220; custom_padding=&#8220;0px||0px||true|false&#8220; saved_tabs=&#8220;all&#8220; global_colors_info=&#8220;{}&#8220; theme_builder_area=&#8220;post_content&#8220;][et_pb_row column_structure=&#8220;1_4,1_4,1_4,1_4&#8243; use_custom_gutter=&#8220;on&#8220; gutter_width=&#8220;1&#8243; custom_padding_last_edited=&#8220;on|phone&#8220; module_class=&#8220;two-columns&#8220; _builder_version=&#8220;4.16&#8243; _module_preset=&#8220;default&#8220; width=&#8220;100%&#8220; width_tablet=&#8220;100%&#8220; width_phone=&#8220;&#8220; width_last_edited=&#8220;on|tablet&#8220; max_width=&#8220;100%&#8220; custom_margin=&#8220;||||false|false&#8220; custom_padding=&#8220;20px|15px|20px|15px|false|true&#8220; custom_padding_tablet=&#8220;|0px|0px|0px|false|true&#8220; custom_padding_phone=&#8220;&#8220; global_colors_info=&#8220;{}&#8220; theme_builder_area=&#8220;post_content&#8220;][et_pb_column type=&#8220;1_4&#8243; _builder_version=&#8220;4.16&#8243; _module_preset=&#8220;default&#8220; global_colors_info=&#8220;{}&#8220; theme_builder_area=&#8220;post_content&#8220;][et_pb_cta _builder_version=&#8220;4.27.4&#8243; _dynamic_attributes=&#8220;link_option_url&#8220; _module_preset=&#8220;b04c62ff-a178-468a-859d-1d00557f1bbd&#8220; background_image=&#8220;https:\/\/timintralog.com\/wp-content\/uploads\/2025\/10\/1-kachel-strategie-organisation_niedrig2.jpg&#8220; background_size=&#8220;contain&#8220; min_height=&#8220;15.2vw&#8220; custom_margin_phone=&#8220;|6px|||false|false&#8220; link_option_url=&#8220;@ET-DC@eyJkeW5hbWljIjp0cnVlLCJjb250ZW50IjoicG9zdF9saW5rX3VybF9wYWdlIiwic2V0dGluZ3MiOnsicG9zdF9pZCI6IjI2MTcifX0=@&#8220; body_font_size_tablet=&#8220;&#8220; body_font_size_phone=&#8220;&#8220; body_font_size_last_edited=&#8220;on|phone&#8220; global_colors_info=&#8220;{}&#8220; theme_builder_area=&#8220;post_content&#8220;]<\/p>\n<h2>Strategie &amp;<br \/>Organisation<\/h2>\n<p>[\/et_pb_cta][\/et_pb_column][et_pb_column type=&#8220;1_4&#8243; _builder_version=&#8220;4.16&#8243; _module_preset=&#8220;default&#8220; global_colors_info=&#8220;{}&#8220; theme_builder_area=&#8220;post_content&#8220;][et_pb_cta _builder_version=&#8220;4.27.4&#8243; _dynamic_attributes=&#8220;link_option_url&#8220; _module_preset=&#8220;b04c62ff-a178-468a-859d-1d00557f1bbd&#8220; background_image=&#8220;https:\/\/timintralog.com\/wp-content\/uploads\/2025\/10\/2-kachel-planung-realisierung_niedrig.jpg&#8220; background_size=&#8220;contain&#8220; min_height=&#8220;15.2vw&#8220; custom_margin_phone=&#8220;|||6px|false|false&#8220; link_option_url=&#8220;@ET-DC@eyJkeW5hbWljIjp0cnVlLCJjb250ZW50IjoicG9zdF9saW5rX3VybF9wYWdlIiwic2V0dGluZ3MiOnsicG9zdF9pZCI6IjI2MjEifX0=@&#8220; global_colors_info=&#8220;{}&#8220; theme_builder_area=&#8220;post_content&#8220;]<\/p>\n<h2>Planung &amp;<br \/>Realisierung<\/h2>\n<p>[\/et_pb_cta][\/et_pb_column][et_pb_column type=&#8220;1_4&#8243; _builder_version=&#8220;4.16&#8243; _module_preset=&#8220;default&#8220; global_colors_info=&#8220;{}&#8220; theme_builder_area=&#8220;post_content&#8220;][et_pb_cta _builder_version=&#8220;4.27.4&#8243; _dynamic_attributes=&#8220;link_option_url&#8220; _module_preset=&#8220;b04c62ff-a178-468a-859d-1d00557f1bbd&#8220; background_image=&#8220;https:\/\/timintralog.com\/wp-content\/uploads\/2025\/10\/3-kachel-optimierung-tuning_niedrig2.jpg&#8220; background_size=&#8220;contain&#8220; min_height=&#8220;15.2vw&#8220; custom_margin_phone=&#8220;|6px|||false|false&#8220; link_option_url=&#8220;@ET-DC@eyJkeW5hbWljIjp0cnVlLCJjb250ZW50IjoicG9zdF9saW5rX3VybF9wYWdlIiwic2V0dGluZ3MiOnsicG9zdF9pZCI6IjI2MjQifX0=@&#8220; global_colors_info=&#8220;{}&#8220; theme_builder_area=&#8220;post_content&#8220;]<\/p>\n<h2>Optimierung &amp;<br \/>Tuning<\/h2>\n<p>[\/et_pb_cta][\/et_pb_column][et_pb_column type=&#8220;1_4&#8243; _builder_version=&#8220;4.16&#8243; _module_preset=&#8220;default&#8220; global_colors_info=&#8220;{}&#8220; theme_builder_area=&#8220;post_content&#8220;][et_pb_cta _builder_version=&#8220;4.27.4&#8243; _dynamic_attributes=&#8220;link_option_url&#8220; _module_preset=&#8220;b04c62ff-a178-468a-859d-1d00557f1bbd&#8220; background_image=&#8220;https:\/\/timintralog.com\/wp-content\/uploads\/2025\/10\/4-kachel-logistik-it_niedrig.jpg&#8220; background_size=&#8220;contain&#8220; min_height=&#8220;15.2vw&#8220; custom_margin_phone=&#8220;|||6px|false|false&#8220; link_option_url=&#8220;@ET-DC@eyJkeW5hbWljIjp0cnVlLCJjb250ZW50IjoicG9zdF9saW5rX3VybF9wYWdlIiwic2V0dGluZ3MiOnsicG9zdF9pZCI6IjI2MjcifX0=@&#8220; global_colors_info=&#8220;{}&#8220; theme_builder_area=&#8220;post_content&#8220;]<\/p>\n<h2>Logistik IT<\/h2>\n<p>[\/et_pb_cta][\/et_pb_column][\/et_pb_row][\/et_pb_section]<\/p>\n","protected":false},"excerpt":{"rendered":"<p>Marktwissen, Methodenkenntnis, Prozess-Know-howStrategie &amp;OrganisationPlanung &amp;RealisierungOptimierung &amp;TuningLogistik IT<\/p>\n","protected":false},"author":1,"featured_media":1716,"parent":0,"menu_order":2,"comment_status":"closed","ping_status":"closed","template":"","meta":{"_et_pb_use_builder":"on","_et_pb_old_content":"<!-- wp:paragraph -->\r\n<p>This is an example page. It's different from a blog post because it will stay in one place and will show up in your site navigation (in most themes). Most people start with an About page that introduces them to potential site visitors. It might say something like this:<\/p>\r\n<!-- \/wp:paragraph -->\r\n\r\n<!-- wp:quote -->\r\n<blockquote class=\"wp-block-quote\"><p>Hi there! I'm a bike messenger by day, aspiring actor by night, and this is my website. I live in Los Angeles, have a great dog named Jack, and I like pi\u00f1a coladas. (And gettin' caught in the rain.)<\/p><\/blockquote>\r\n<!-- \/wp:quote -->\r\n\r\n<!-- wp:paragraph -->\r\n<p>...or something like this:<\/p>\r\n<!-- \/wp:paragraph -->\r\n\r\n<!-- wp:quote -->\r\n<blockquote class=\"wp-block-quote\"><p>The XYZ Doohickey Company was founded in 1971, and has been providing quality doohickeys to the public ever since. Located in Gotham City, XYZ employs over 2,000 people and does all kinds of awesome things for the Gotham community.<\/p><\/blockquote>\r\n<!-- \/wp:quote -->\r\n\r\n<!-- wp:paragraph -->\r\n<p>As a new WordPress user, you should go to <a href=\"https:\/\/timintralog.com\/wp-admin\/\">your dashboard<\/a> to delete this page and create new pages for your content. Have fun!<\/p>\r\n<!-- \/wp:paragraph -->","_et_gb_content_width":"","footnotes":""},"class_list":["post-2215","page","type-page","status-publish","has-post-thumbnail","hentry"],"yoast_head":"<!-- This site is optimized with the Yoast SEO plugin v27.3 - https:\/\/yoast.com\/product\/yoast-seo-wordpress\/ -->\n<title>TIM INTRALOG. - Umfassende Beratung f\u00fcr Ihre Intralogistik<\/title>\n<meta name=\"description\" content=\"Wir unterst\u00fctzen Sie von der Planung und Optimierung \u00fcber den Einkauf und die Realisierung Ihres neuen Lagers bis zum erfolgreichen Live-Betrieb\" \/>\n<meta name=\"robots\" content=\"index, follow, max-snippet:-1, max-image-preview:large, max-video-preview:-1\" \/>\n<link rel=\"canonical\" href=\"https:\/\/timintralog.com\/de\/leistungsfelder\/\" \/>\n<meta property=\"og:locale\" content=\"de_DE\" \/>\n<meta property=\"og:type\" content=\"article\" \/>\n<meta property=\"og:title\" content=\"TIM INTRALOG. - Umfassende Beratung f\u00fcr Ihre Intralogistik\" \/>\n<meta property=\"og:description\" content=\"Wir unterst\u00fctzen Sie von der Planung und Optimierung \u00fcber den Einkauf und die Realisierung Ihres neuen Lagers bis zum erfolgreichen Live-Betrieb\" \/>\n<meta property=\"og:url\" content=\"https:\/\/timintralog.com\/de\/leistungsfelder\/\" \/>\n<meta property=\"og:site_name\" content=\"TIM INTRALOG.\" \/>\n<meta property=\"article:modified_time\" content=\"2025-11-10T13:46:00+00:00\" \/>\n<meta property=\"og:image\" content=\"https:\/\/timintralog.com\/wp-content\/uploads\/2020\/02\/TIM-INTRALOG_Ru\u0308ckwand_1zu1_4462x3000_JFH-V2-1024x688.png\" \/>\n\t<meta property=\"og:image:width\" content=\"1024\" \/>\n\t<meta property=\"og:image:height\" content=\"688\" \/>\n\t<meta property=\"og:image:type\" content=\"image\/png\" \/>\n<meta name=\"twitter:card\" content=\"summary_large_image\" \/>\n<meta name=\"twitter:label1\" content=\"Gesch\u00e4tzte Lesezeit\" \/>\n\t<meta name=\"twitter:data1\" content=\"1\u00a0Minute\" \/>\n<script type=\"application\/ld+json\" class=\"yoast-schema-graph\">{\"@context\":\"https:\\\/\\\/schema.org\",\"@graph\":[{\"@type\":\"WebPage\",\"@id\":\"https:\\\/\\\/timintralog.com\\\/de\\\/leistungsfelder\\\/\",\"url\":\"https:\\\/\\\/timintralog.com\\\/de\\\/leistungsfelder\\\/\",\"name\":\"TIM INTRALOG. - Umfassende Beratung f\u00fcr Ihre Intralogistik\",\"isPartOf\":{\"@id\":\"https:\\\/\\\/timintralog.com\\\/de\\\/#website\"},\"primaryImageOfPage\":{\"@id\":\"https:\\\/\\\/timintralog.com\\\/de\\\/leistungsfelder\\\/#primaryimage\"},\"image\":{\"@id\":\"https:\\\/\\\/timintralog.com\\\/de\\\/leistungsfelder\\\/#primaryimage\"},\"thumbnailUrl\":\"https:\\\/\\\/timintralog.com\\\/wp-content\\\/uploads\\\/2020\\\/02\\\/TIM-INTRALOG_Ru\u0308ckwand_1zu1_4462x3000_JFH-V2.png\",\"datePublished\":\"2020-07-21T09:30:30+00:00\",\"dateModified\":\"2025-11-10T13:46:00+00:00\",\"description\":\"Wir unterst\u00fctzen Sie von der Planung und Optimierung \u00fcber den Einkauf und die Realisierung Ihres neuen Lagers bis zum erfolgreichen Live-Betrieb\",\"breadcrumb\":{\"@id\":\"https:\\\/\\\/timintralog.com\\\/de\\\/leistungsfelder\\\/#breadcrumb\"},\"inLanguage\":\"de\",\"potentialAction\":[{\"@type\":\"ReadAction\",\"target\":[\"https:\\\/\\\/timintralog.com\\\/de\\\/leistungsfelder\\\/\"]}]},{\"@type\":\"ImageObject\",\"inLanguage\":\"de\",\"@id\":\"https:\\\/\\\/timintralog.com\\\/de\\\/leistungsfelder\\\/#primaryimage\",\"url\":\"https:\\\/\\\/timintralog.com\\\/wp-content\\\/uploads\\\/2020\\\/02\\\/TIM-INTRALOG_Ru\u0308ckwand_1zu1_4462x3000_JFH-V2.png\",\"contentUrl\":\"https:\\\/\\\/timintralog.com\\\/wp-content\\\/uploads\\\/2020\\\/02\\\/TIM-INTRALOG_Ru\u0308ckwand_1zu1_4462x3000_JFH-V2.png\",\"width\":2000,\"height\":1344,\"caption\":\"Beitragsbild TIM INTRALOG Logimat\"},{\"@type\":\"BreadcrumbList\",\"@id\":\"https:\\\/\\\/timintralog.com\\\/de\\\/leistungsfelder\\\/#breadcrumb\",\"itemListElement\":[{\"@type\":\"ListItem\",\"position\":1,\"name\":\"Home\",\"item\":\"https:\\\/\\\/timintralog.com\\\/de\\\/\"},{\"@type\":\"ListItem\",\"position\":2,\"name\":\"Leistungsfelder\"}]},{\"@type\":\"WebSite\",\"@id\":\"https:\\\/\\\/timintralog.com\\\/de\\\/#website\",\"url\":\"https:\\\/\\\/timintralog.com\\\/de\\\/\",\"name\":\"TIM INTRALOG.\",\"description\":\"Lager- und Intralogistik Beratung\",\"publisher\":{\"@id\":\"https:\\\/\\\/timintralog.com\\\/de\\\/#organization\"},\"potentialAction\":[{\"@type\":\"SearchAction\",\"target\":{\"@type\":\"EntryPoint\",\"urlTemplate\":\"https:\\\/\\\/timintralog.com\\\/de\\\/?s={search_term_string}\"},\"query-input\":{\"@type\":\"PropertyValueSpecification\",\"valueRequired\":true,\"valueName\":\"search_term_string\"}}],\"inLanguage\":\"de\"},{\"@type\":\"Organization\",\"@id\":\"https:\\\/\\\/timintralog.com\\\/de\\\/#organization\",\"name\":\"TIM INTRALOG.\",\"url\":\"https:\\\/\\\/timintralog.com\\\/de\\\/\",\"logo\":{\"@type\":\"ImageObject\",\"inLanguage\":\"de\",\"@id\":\"https:\\\/\\\/timintralog.com\\\/de\\\/#\\\/schema\\\/logo\\\/image\\\/\",\"url\":\"https:\\\/\\\/timintralog.com\\\/wp-content\\\/uploads\\\/2020\\\/02\\\/logo.svg\",\"contentUrl\":\"https:\\\/\\\/timintralog.com\\\/wp-content\\\/uploads\\\/2020\\\/02\\\/logo.svg\",\"width\":552,\"height\":81,\"caption\":\"TIM INTRALOG.\"},\"image\":{\"@id\":\"https:\\\/\\\/timintralog.com\\\/de\\\/#\\\/schema\\\/logo\\\/image\\\/\"}}]}<\/script>\n<!-- \/ Yoast SEO plugin. -->","yoast_head_json":{"title":"TIM INTRALOG. - Umfassende Beratung f\u00fcr Ihre Intralogistik","description":"Wir unterst\u00fctzen Sie von der Planung und Optimierung \u00fcber den Einkauf und die Realisierung Ihres neuen Lagers bis zum erfolgreichen Live-Betrieb","robots":{"index":"index","follow":"follow","max-snippet":"max-snippet:-1","max-image-preview":"max-image-preview:large","max-video-preview":"max-video-preview:-1"},"canonical":"https:\/\/timintralog.com\/de\/leistungsfelder\/","og_locale":"de_DE","og_type":"article","og_title":"TIM INTRALOG. - Umfassende Beratung f\u00fcr Ihre Intralogistik","og_description":"Wir unterst\u00fctzen Sie von der Planung und Optimierung \u00fcber den Einkauf und die Realisierung Ihres neuen Lagers bis zum erfolgreichen Live-Betrieb","og_url":"https:\/\/timintralog.com\/de\/leistungsfelder\/","og_site_name":"TIM INTRALOG.","article_modified_time":"2025-11-10T13:46:00+00:00","og_image":[{"width":1024,"height":688,"url":"https:\/\/timintralog.com\/wp-content\/uploads\/2020\/02\/TIM-INTRALOG_Ru\u0308ckwand_1zu1_4462x3000_JFH-V2-1024x688.png","type":"image\/png"}],"twitter_card":"summary_large_image","twitter_misc":{"Gesch\u00e4tzte Lesezeit":"1\u00a0Minute"},"schema":{"@context":"https:\/\/schema.org","@graph":[{"@type":"WebPage","@id":"https:\/\/timintralog.com\/de\/leistungsfelder\/","url":"https:\/\/timintralog.com\/de\/leistungsfelder\/","name":"TIM INTRALOG. - Umfassende Beratung f\u00fcr Ihre Intralogistik","isPartOf":{"@id":"https:\/\/timintralog.com\/de\/#website"},"primaryImageOfPage":{"@id":"https:\/\/timintralog.com\/de\/leistungsfelder\/#primaryimage"},"image":{"@id":"https:\/\/timintralog.com\/de\/leistungsfelder\/#primaryimage"},"thumbnailUrl":"https:\/\/timintralog.com\/wp-content\/uploads\/2020\/02\/TIM-INTRALOG_Ru\u0308ckwand_1zu1_4462x3000_JFH-V2.png","datePublished":"2020-07-21T09:30:30+00:00","dateModified":"2025-11-10T13:46:00+00:00","description":"Wir unterst\u00fctzen Sie von der Planung und Optimierung \u00fcber den Einkauf und die Realisierung Ihres neuen Lagers bis zum erfolgreichen Live-Betrieb","breadcrumb":{"@id":"https:\/\/timintralog.com\/de\/leistungsfelder\/#breadcrumb"},"inLanguage":"de","potentialAction":[{"@type":"ReadAction","target":["https:\/\/timintralog.com\/de\/leistungsfelder\/"]}]},{"@type":"ImageObject","inLanguage":"de","@id":"https:\/\/timintralog.com\/de\/leistungsfelder\/#primaryimage","url":"https:\/\/timintralog.com\/wp-content\/uploads\/2020\/02\/TIM-INTRALOG_Ru\u0308ckwand_1zu1_4462x3000_JFH-V2.png","contentUrl":"https:\/\/timintralog.com\/wp-content\/uploads\/2020\/02\/TIM-INTRALOG_Ru\u0308ckwand_1zu1_4462x3000_JFH-V2.png","width":2000,"height":1344,"caption":"Beitragsbild TIM INTRALOG Logimat"},{"@type":"BreadcrumbList","@id":"https:\/\/timintralog.com\/de\/leistungsfelder\/#breadcrumb","itemListElement":[{"@type":"ListItem","position":1,"name":"Home","item":"https:\/\/timintralog.com\/de\/"},{"@type":"ListItem","position":2,"name":"Leistungsfelder"}]},{"@type":"WebSite","@id":"https:\/\/timintralog.com\/de\/#website","url":"https:\/\/timintralog.com\/de\/","name":"TIM INTRALOG.","description":"Lager- und Intralogistik Beratung","publisher":{"@id":"https:\/\/timintralog.com\/de\/#organization"},"potentialAction":[{"@type":"SearchAction","target":{"@type":"EntryPoint","urlTemplate":"https:\/\/timintralog.com\/de\/?s={search_term_string}"},"query-input":{"@type":"PropertyValueSpecification","valueRequired":true,"valueName":"search_term_string"}}],"inLanguage":"de"},{"@type":"Organization","@id":"https:\/\/timintralog.com\/de\/#organization","name":"TIM INTRALOG.","url":"https:\/\/timintralog.com\/de\/","logo":{"@type":"ImageObject","inLanguage":"de","@id":"https:\/\/timintralog.com\/de\/#\/schema\/logo\/image\/","url":"https:\/\/timintralog.com\/wp-content\/uploads\/2020\/02\/logo.svg","contentUrl":"https:\/\/timintralog.com\/wp-content\/uploads\/2020\/02\/logo.svg","width":552,"height":81,"caption":"TIM INTRALOG."},"image":{"@id":"https:\/\/timintralog.com\/de\/#\/schema\/logo\/image\/"}}]}},"_links":{"self":[{"href":"https:\/\/timintralog.com\/de\/wp-json\/wp\/v2\/pages\/2215","targetHints":{"allow":["GET"]}}],"collection":[{"href":"https:\/\/timintralog.com\/de\/wp-json\/wp\/v2\/pages"}],"about":[{"href":"https:\/\/timintralog.com\/de\/wp-json\/wp\/v2\/types\/page"}],"author":[{"embeddable":true,"href":"https:\/\/timintralog.com\/de\/wp-json\/wp\/v2\/users\/1"}],"replies":[{"embeddable":true,"href":"https:\/\/timintralog.com\/de\/wp-json\/wp\/v2\/comments?post=2215"}],"version-history":[{"count":2,"href":"https:\/\/timintralog.com\/de\/wp-json\/wp\/v2\/pages\/2215\/revisions"}],"predecessor-version":[{"id":6600,"href":"https:\/\/timintralog.com\/de\/wp-json\/wp\/v2\/pages\/2215\/revisions\/6600"}],"wp:featuredmedia":[{"embeddable":true,"href":"https:\/\/timintralog.com\/de\/wp-json\/wp\/v2\/media\/1716"}],"wp:attachment":[{"href":"https:\/\/timintralog.com\/de\/wp-json\/wp\/v2\/media?parent=2215"}],"curies":[{"name":"wp","href":"https:\/\/api.w.org\/{rel}","templated":true}]}}