{"id":2220,"date":"2020-07-21T11:34:55","date_gmt":"2020-07-21T09:34:55","guid":{"rendered":"https:\/\/timintralog.com\/?page_id=2220"},"modified":"2025-01-16T17:10:15","modified_gmt":"2025-01-16T16:10:15","slug":"referenzen","status":"publish","type":"page","link":"https:\/\/timintralog.com\/de\/referenzen\/","title":{"rendered":"Referenzen"},"content":{"rendered":"<p>[et_pb_section fb_built=&#8220;1&#8243; _builder_version=&#8220;4.16&#8243; _module_preset=&#8220;default&#8220; background_color=&#8220;rgba(0,0,0,0)&#8220; use_background_color_gradient=&#8220;on&#8220; background_color_gradient_direction=&#8220;110deg&#8220; background_color_gradient_stops=&#8220;rgba(238,238,239,0.85) 30%|rgba(0,0,0,0) 100%&#8220; background_color_gradient_overlays_image=&#8220;on&#8220; background_color_gradient_start=&#8220;rgba(238,238,239,0.85)&#8220; background_color_gradient_start_position=&#8220;30%&#8220; background_color_gradient_end=&#8220;rgba(0,0,0,0)&#8220; background_image=&#8220;https:\/\/timintralog.com\/wp-content\/uploads\/2020\/07\/header-referenzen-1-ti.jpg&#8220; custom_padding=&#8220;6vw||6vw||true|false&#8220; global_colors_info=&#8220;{}&#8220;][et_pb_row _builder_version=&#8220;4.16&#8243; _module_preset=&#8220;default&#8220; global_colors_info=&#8220;{}&#8220;][et_pb_column type=&#8220;4_4&#8243; _builder_version=&#8220;4.16&#8243; _module_preset=&#8220;default&#8220; global_colors_info=&#8220;{}&#8220;][et_pb_text _builder_version=&#8220;4.16&#8243; _module_preset=&#8220;default&#8220; custom_margin=&#8220;||||false|false&#8220; custom_padding=&#8220;||||false|false&#8220; global_colors_info=&#8220;{}&#8220;]<\/p>\n<h1 class=\"title-el-gallery\">Zufriedene Kunden<br \/>sprechen f\u00fcr sich!<\/h1>\n<p>[\/et_pb_text][\/et_pb_column][\/et_pb_row][\/et_pb_section][et_pb_section fb_built=&#8220;1&#8243; _builder_version=&#8220;4.16&#8243; _module_preset=&#8220;default&#8220; custom_padding=&#8220;0px||0px||false|false&#8220; global_colors_info=&#8220;{}&#8220;][et_pb_row _builder_version=&#8220;4.16&#8243; _module_preset=&#8220;default&#8220; custom_padding=&#8220;20px||20px||true|false&#8220; global_colors_info=&#8220;{}&#8220;][et_pb_column type=&#8220;4_4&#8243; _builder_version=&#8220;4.16&#8243; _module_preset=&#8220;default&#8220; global_colors_info=&#8220;{}&#8220;][et_pb_text _builder_version=&#8220;4.5.6&#8243; _module_preset=&#8220;default&#8220; link_text_color=&#8220;#222222&#8243; global_module=&#8220;2466&#8243; saved_tabs=&#8220;all&#8220; global_colors_info=&#8220;{}&#8220; link_text_color__hover_enabled=&#8220;on|hover&#8220; link_text_color__hover=&#8220;#004b85&#8243;]<\/p>\n<span><span><a href=\"https:\/\/timintralog.com\/de\/\">Home<\/a><\/span><\/span>\n<p>[\/et_pb_text][\/et_pb_column][\/et_pb_row][\/et_pb_section][et_pb_section fb_built=&#8220;1&#8243; _builder_version=&#8220;4.16&#8243; _module_preset=&#8220;default&#8220; custom_padding=&#8220;0px||||false|false&#8220; global_colors_info=&#8220;{}&#8220;][et_pb_row column_structure=&#8220;2_3,1_3&#8243; _builder_version=&#8220;4.16&#8243; _module_preset=&#8220;default&#8220; global_colors_info=&#8220;{}&#8220;][et_pb_column type=&#8220;2_3&#8243; _builder_version=&#8220;4.16&#8243; _module_preset=&#8220;default&#8220; global_colors_info=&#8220;{}&#8220;][et_pb_text _builder_version=&#8220;4.16&#8243; _module_preset=&#8220;default&#8220; global_colors_info=&#8220;{}&#8220;]<\/p>\n<h2>Referenzen<\/h2>\n<p>F\u00fcr den Erfolg unserer Kunden arbeiten wir seit \u00fcber 20 Jahren in Beratung und Umsetzung. Gemeinsam mit unseren Kunden gestalten wir ma\u00dfgeschneiderte Intralogistikl\u00f6sungen, die wirtschaftlich, flexibel und skalierbar sind und ihnen eine sichere Investition f\u00fcr die Zukunft garantieren.<\/p>\n<p>[\/et_pb_text][\/et_pb_column][et_pb_column type=&#8220;1_3&#8243; _builder_version=&#8220;4.16&#8243; _module_preset=&#8220;default&#8220; global_colors_info=&#8220;{}&#8220;][\/et_pb_column][\/et_pb_row][et_pb_row column_structure=&#8220;1_2,1_2&#8243; make_equal=&#8220;on&#8220; custom_padding_last_edited=&#8220;on|phone&#8220; _builder_version=&#8220;4.16&#8243; _module_preset=&#8220;default&#8220; custom_padding=&#8220;||||false|false&#8220; custom_padding_tablet=&#8220;0px||||false|false&#8220; custom_padding_phone=&#8220;&#8220; global_colors_info=&#8220;{}&#8220;][et_pb_column type=&#8220;1_2&#8243; _builder_version=&#8220;4.16&#8243; _module_preset=&#8220;default&#8220; background_color=&#8220;#eeeeef&#8220; global_colors_info=&#8220;{}&#8220;][et_pb_blurb title=&#8220;Nationales Multi-Channel-Lager&#8220; image=&#8220;https:\/\/timintralog.com\/wp-content\/uploads\/2020\/07\/la_fashion_referenzen-middle.png&#8220; alt=&#8220;Referenz: Nationales Multi-Channel-Lager&#8220; _builder_version=&#8220;4.16&#8243; _module_preset=&#8220;159352a1-29bb-45be-8da1-cebcb2b1497d&#8220; global_colors_info=&#8220;{}&#8220;]<\/p>\n<h4>Modernste Liege- und H\u00e4ngewarentechnik<\/h4>\n<p><strong>Kunde: Einzelhandel<\/strong><\/p>\n<ul>\n<li>Drastische Reduzierung Lagerstandorte und Komplexit\u00e4t<\/li>\n<li>Steigerung der Verf\u00fcgbarkeit durch einen Bestand f\u00fcr Filialen und eCommerce<\/li>\n<li>Shop-Floor-Readiness (u.a. mittels Matrix-Sortierung)<\/li>\n<li>Effiziente Beherrschung Sortimentswechsel \/ Saisons<\/li>\n<\/ul>\n<p>[\/et_pb_blurb][\/et_pb_column][et_pb_column type=&#8220;1_2&#8243; _builder_version=&#8220;4.16&#8243; _module_preset=&#8220;default&#8220; background_color=&#8220;#eeeeef&#8220; global_colors_info=&#8220;{}&#8220;][et_pb_blurb title=&#8220;Neuer Lagerkomplex schafft Platz f\u00fcr Expansion&#8220; image=&#8220;https:\/\/timintralog.com\/wp-content\/uploads\/2020\/07\/la_platine_referenzen_middle.png&#8220; alt=&#8220;Referenz: Lagerkomplex f\u00fcr Elektronikhersteller&#8220; _builder_version=&#8220;4.16&#8243; _module_preset=&#8220;159352a1-29bb-45be-8da1-cebcb2b1497d&#8220; global_colors_info=&#8220;{}&#8220;]<\/p>\n<h4>Auf Wachstum getrimmt<\/h4>\n<p><strong>Kunde: Elektronikhersteller<\/strong><\/p>\n<ul>\n<li>Flexibles &amp; skalierbares Lagerkonzept<\/li>\n<li>2 Erweiterungsstufen 2018 und 2023<\/li>\n<li>Kundenorientierte Belieferung mit Mustern<\/li>\n<li>Ergonomische und flexibel nutzbare Arbeitspl\u00e4tze<\/li>\n<li>Flexible Belegung der Stellpl\u00e4tze im Shuttle<\/li>\n<li>MHE Invest: 12 Mio. Euro, Sortiment: 36.000 SKU, Sendungen: 3.000 pro Tag, Positionen: 9.000 pro Tag<\/li>\n<\/ul>\n<p><a href=\"mailto:n.bernhard@timintralog.com\" title=\"Email Nils Bernhard\"><\/a><\/p>\n<p>[\/et_pb_blurb][\/et_pb_column][\/et_pb_row][et_pb_row column_structure=&#8220;1_2,1_2&#8243; make_equal=&#8220;on&#8220; custom_padding_last_edited=&#8220;on|phone&#8220; _builder_version=&#8220;4.16&#8243; _module_preset=&#8220;default&#8220; custom_padding=&#8220;||||false|false&#8220; custom_padding_tablet=&#8220;0px||||false|false&#8220; custom_padding_phone=&#8220;&#8220; global_colors_info=&#8220;{}&#8220;][et_pb_column type=&#8220;1_2&#8243; _builder_version=&#8220;4.16&#8243; _module_preset=&#8220;default&#8220; background_color=&#8220;#eeeeef&#8220; global_colors_info=&#8220;{}&#8220;][et_pb_blurb title=&#8220;Optimierung mit dem 3A-Lageraudit&#8220; image=&#8220;https:\/\/timintralog.com\/wp-content\/uploads\/2020\/07\/la_waage_referenzen.png&#8220; alt=&#8220;Referenz: Lageroptimierung&#8220; _builder_version=&#8220;4.23&#8243; _module_preset=&#8220;159352a1-29bb-45be-8da1-cebcb2b1497d&#8220; global_colors_info=&#8220;{}&#8220;]<\/p>\n<h4>Modernisierung der Lagerabwicklung<\/h4>\n<p><strong>Kunde: Maschinenbau<\/strong><\/p>\n<ul>\n<li><strong><\/strong>Auswahl und Bewertung geeigneter Kommissionierverfahren (pick-by-light, pick-by-beam, pick-by-scan)<\/li>\n<li>Absicherung der Investitionsentscheidung<\/li>\n<li>Reduzierung Auftragsdurchlaufzeit<\/li>\n<li>Hoher Servicegrad mit sp\u00e4terer Cut-off-Zeit<\/li>\n<li>Steigerung der Pick-Produktivit\u00e4t<\/li>\n<li>Signifikante Fehlerreduktion<\/li>\n<\/ul>\n<p><a href=\"mailto:n.bernhard@timintralog.com\" title=\"Mail Nils Bernhard\"><\/a><\/p>\n<p>[\/et_pb_blurb][\/et_pb_column][et_pb_column type=&#8220;1_2&#8243; _builder_version=&#8220;4.16&#8243; _module_preset=&#8220;default&#8220; background_color=&#8220;#eeeeef&#8220; global_colors_info=&#8220;{}&#8220;][et_pb_blurb title=&#8220;Auswahl &#038; Design neues LVS\/WMS&#8220; image=&#8220;https:\/\/timintralog.com\/wp-content\/uploads\/2020\/08\/tr_chemie_referenzen.png&#8220; alt=&#8220;Referenz: Auswahl &#038; Design neues LVS\/WMS&#8220; _builder_version=&#8220;4.16&#8243; _module_preset=&#8220;159352a1-29bb-45be-8da1-cebcb2b1497d&#8220; global_colors_info=&#8220;{}&#8220;]<\/p>\n<h4>Ausfallrisiko reduzieren<\/h4>\n<p><strong>Kunde: PBS\/Chemie<\/strong><\/p>\n<ul>\n<li>Integration von individuellem Mitarbeiter-Wissen<\/li>\n<li>Standardisierung der Kernprozesse<\/li>\n<li>Reduzierung Ausfallrisiko durch Ersatz des IST-Systems<\/li>\n<li>Abbildung diverser Anforderungen der Handelskunden<\/li>\n<li>Gefahrstoffanforderungen im Blick<\/li>\n<li>Einsatz tempor\u00e4rer Mitarbeiter vereinfachen<\/li>\n<\/ul>\n<p><a href=\"mailto:m.kraemer@timintralog.com\" title=\"Email Marco Kr\u00e4mer\"><\/a><\/p>\n<p>[\/et_pb_blurb][\/et_pb_column][\/et_pb_row][et_pb_row column_structure=&#8220;1_2,1_2&#8243; make_equal=&#8220;on&#8220; custom_padding_last_edited=&#8220;on|tablet&#8220; _builder_version=&#8220;4.16&#8243; _module_preset=&#8220;default&#8220; custom_padding=&#8220;||||false|false&#8220; custom_padding_tablet=&#8220;0px||||false|false&#8220; custom_padding_phone=&#8220;&#8220; global_colors_info=&#8220;{}&#8220;][et_pb_column type=&#8220;1_2&#8243; _builder_version=&#8220;4.16&#8243; _module_preset=&#8220;default&#8220; background_color=&#8220;#eeeeef&#8220; global_colors_info=&#8220;{}&#8220;][et_pb_blurb title=&#8220;Erweiterung Pharmalager B2C&#8220; image=&#8220;https:\/\/timintralog.com\/wp-content\/uploads\/2020\/08\/la_pharma-referenzen.png&#8220; alt=&#8220;Referenz: Erweiterung Pharmalager B2C&#8220; _builder_version=&#8220;4.16&#8243; _module_preset=&#8220;159352a1-29bb-45be-8da1-cebcb2b1497d&#8220; global_colors_info=&#8220;{}&#8220;]<\/p>\n<h4>Ausgerichtet an kontinuierliches Wachstum<\/h4>\n<div class=\"task\">\n<p><strong>Kunde: Pharma\/Health Care<\/strong><\/p>\n<\/div>\n<div class=\"specials\">\n<ul>\n<li>Kreative &amp; innovative Prozesse<\/li>\n<li>Hineinwachsen in die Automatisierung<\/li>\n<li>Erweiterung in Ausbaustufen<\/li>\n<li>100% Kontrolle als Qualit\u00e4tsanforderung<\/li>\n<li>Steigerung der Produktivit\u00e4t<\/li>\n<\/ul>\n<p><span id=\"eeb-312669\"><a href=\"mailto:m.kraemer@timintralog.com\" class=\"mailto-link\"><span><\/span><\/a><\/span><\/p>\n<\/div>\n<p>[\/et_pb_blurb][\/et_pb_column][et_pb_column type=&#8220;1_2&#8243; _builder_version=&#8220;4.16&#8243; _module_preset=&#8220;default&#8220; background_color=&#8220;#eeeeef&#8220; global_colors_info=&#8220;{}&#8220;][et_pb_blurb title=&#8220;Zentrallager auf der gr\u00fcnen Wiese&#8220; image=&#8220;https:\/\/timintralog.com\/wp-content\/uploads\/2020\/08\/la_kabel_referenzen.png&#8220; alt=&#8220;Referenz: Zentrallager auf gr\u00fcner Wiese&#8220; _builder_version=&#8220;4.16&#8243; _module_preset=&#8220;159352a1-29bb-45be-8da1-cebcb2b1497d&#8220; global_colors_info=&#8220;{}&#8220;]<\/p>\n<h4>Neuausrichtung Intralogistik<\/h4>\n<div class=\"task\">\n<p><strong>Kunde: Gro\u00dfhandel Elektro<\/strong><\/p>\n<\/div>\n<div class=\"specials\">\n<ul>\n<li>Hineinwachsen in die Automatisierung durch eingeplante Freifl\u00e4chen<\/li>\n<li>Lagerung &amp; Handling diverser Sondergebinde<\/li>\n<li>Flexible Fachbelegung entsprechend k\u00fcnftiger Bedarfe<\/li>\n<li>Ergonomische Prozessgestaltung durch geeignete Lager- und F\u00f6rdertechnik<\/li>\n<li>Reduzierung der Durchlaufzeit um 20%<\/li>\n<\/ul>\n<\/div>\n<div class=\"projectsuccess\">\n<p><span id=\"eeb-154538\"><a href=\"mailto:m.kraemer@timintralog.com\" class=\"mailto-link\"><span><\/span><\/a><\/span><\/p>\n<\/div>\n<p>[\/et_pb_blurb][\/et_pb_column][\/et_pb_row][et_pb_row column_structure=&#8220;1_2,1_2&#8243; make_equal=&#8220;on&#8220; custom_padding_last_edited=&#8220;on|tablet&#8220; _builder_version=&#8220;4.16&#8243; _module_preset=&#8220;default&#8220; custom_padding=&#8220;||||false|false&#8220; custom_padding_tablet=&#8220;0px||||false|false&#8220; custom_padding_phone=&#8220;&#8220; global_colors_info=&#8220;{}&#8220;][et_pb_column type=&#8220;1_2&#8243; _builder_version=&#8220;4.16&#8243; _module_preset=&#8220;default&#8220; background_color=&#8220;#eeeeef&#8220; global_colors_info=&#8220;{}&#8220;][et_pb_blurb title=&#8220;Zentralisierung Distributions-Zentrum&#8220; image=&#8220;https:\/\/timintralog.com\/wp-content\/uploads\/2020\/08\/la_waesche_referenzen.png&#8220; alt=&#8220;Referenz: Zentralisierung Distributionszentrum&#8220; _builder_version=&#8220;4.16&#8243; _module_preset=&#8220;159352a1-29bb-45be-8da1-cebcb2b1497d&#8220; global_colors_info=&#8220;{}&#8220;]<\/p>\n<h4>Starke Schwankungen beherrschen<\/h4>\n<div class=\"task\">\n<div class=\"task\">\n<p><strong>Kunde: Fashionbrand<\/strong><\/p>\n<\/div>\n<div class=\"specials\">\n<ul>\n<li>Extrem hohe Flexibilit\u00e4t und Skalierbarkeit<\/li>\n<li>Beherrschbarkeit starker Schwankungen<\/li>\n<li>Lastabh\u00e4ngige Auftragszusteuerung<\/li>\n<li>Produktivit\u00e4tssteigerung um 35 %<\/li>\n<li>Reduzierung St\u00fcckkosten um 25 %<\/li>\n<\/ul>\n<\/div>\n<div class=\"projectsuccess\">\n<p><span id=\"eeb-108628\"><a href=\"mailto:m.kraemer@timintralog.com\" class=\"mailto-link\"><span><\/span><\/a><\/span><\/p>\n<\/div>\n<\/div>\n<div class=\"specials\"><\/div>\n<p>[\/et_pb_blurb][\/et_pb_column][et_pb_column type=&#8220;1_2&#8243; _builder_version=&#8220;4.16&#8243; _module_preset=&#8220;default&#8220; background_color=&#8220;#eeeeef&#8220; global_colors_info=&#8220;{}&#8220;][et_pb_blurb title=&#8220;Logistikkonzept mit Service-Schwerpunkt&#8220; image=&#8220;https:\/\/timintralog.com\/wp-content\/uploads\/2020\/08\/la_schrauben_referenzen.png&#8220; alt=&#8220;Referenz: Logistikkonzept mit Service-Schwerpunkt&#8220; _builder_version=&#8220;4.16&#8243; _module_preset=&#8220;159352a1-29bb-45be-8da1-cebcb2b1497d&#8220; global_colors_info=&#8220;{}&#8220;]<\/p>\n<h4>Fokus Kundenservice<\/h4>\n<div class=\"task\">\n<div class=\"task\">\n<p><strong>Kunde: H\u00e4ndler Montage-\u00a0und Befestigungsmaterialien<\/strong><\/p>\n<\/div>\n<div class=\"specials\">\n<ul>\n<li>H\u00f6here Liefertermintreue durch neue serviceorientierte Steuerung der Bestandsanlage<\/li>\n<li>Zus\u00e4tzlicher Packbereich zur Erh\u00f6hung der Kapazit\u00e4ten f\u00fcr Gro\u00dfauftr\u00e4ge<\/li>\n<li>Elektronisch unterst\u00fctzte Packprozesse<\/li>\n<li>Ergonomische Arbeitspl\u00e4tze<\/li>\n<li>Implementierung im laufenden Betrieb\u00a0<\/li>\n<li>Neuer Packbereich Gro\u00dfauftr\u00e4ge: MHE Invest: &gt; 3 Mio. Euro, Sendungen: 400 pro Tag, Pick-Positionen: 30.000 pro Tag<\/li>\n<\/ul>\n<\/div>\n<div class=\"projectsuccess\">\n<p><span id=\"eeb-881203\"><a href=\"mailto:n.bernhard@timintralog.com\" class=\"mailto-link\"><span><\/span><\/a><\/span><\/p>\n<\/div>\n<\/div>\n<div class=\"projectsuccess\"><\/div>\n<p>[\/et_pb_blurb][\/et_pb_column][\/et_pb_row][\/et_pb_section]<\/p>\n","protected":false},"excerpt":{"rendered":"<p>Zufriedene Kundensprechen f\u00fcr sich!<span><span><a href=\"https:\/\/timintralog.com\/de\/\">Home<\/a><\/span><\/span> Referenzen F\u00fcr den Erfolg unserer Kunden arbeiten wir seit \u00fcber 20 Jahren in Beratung und Umsetzung. Gemeinsam mit unseren Kunden gestalten wir ma\u00dfgeschneiderte Intralogistikl\u00f6sungen, die wirtschaftlich, flexibel und skalierbar sind und ihnen eine sichere Investition f\u00fcr die Zukunft garantieren.Modernste Liege- und H\u00e4ngewarentechnik Kunde: Einzelhandel Drastische Reduzierung Lagerstandorte und Komplexit\u00e4t Steigerung der [&hellip;]<\/p>\n","protected":false},"author":1,"featured_media":0,"parent":0,"menu_order":3,"comment_status":"closed","ping_status":"closed","template":"","meta":{"_et_pb_use_builder":"on","_et_pb_old_content":"","_et_gb_content_width":"","footnotes":""},"class_list":["post-2220","page","type-page","status-publish","hentry"],"yoast_head":"<!-- This site is optimized with the Yoast SEO plugin v27.3 - https:\/\/yoast.com\/product\/yoast-seo-wordpress\/ -->\n<title>Referenzen - Zufriedene Kunden<\/title>\n<meta name=\"description\" content=\"Zu unseren langj\u00e4hrigen Kunden z\u00e4hlen multinationale und mittelst\u00e4ndische Unternehmen.\" \/>\n<meta name=\"robots\" content=\"index, follow, max-snippet:-1, max-image-preview:large, max-video-preview:-1\" \/>\n<link rel=\"canonical\" href=\"https:\/\/timintralog.com\/de\/referenzen\/\" \/>\n<meta property=\"og:locale\" content=\"de_DE\" \/>\n<meta property=\"og:type\" content=\"article\" \/>\n<meta property=\"og:title\" content=\"Referenzen - Zufriedene Kunden\" \/>\n<meta property=\"og:description\" content=\"Zu unseren langj\u00e4hrigen Kunden z\u00e4hlen multinationale und mittelst\u00e4ndische Unternehmen.\" \/>\n<meta property=\"og:url\" content=\"https:\/\/timintralog.com\/de\/referenzen\/\" \/>\n<meta property=\"og:site_name\" content=\"TIM INTRALOG.\" \/>\n<meta property=\"article:modified_time\" content=\"2025-01-16T16:10:15+00:00\" \/>\n<meta name=\"twitter:card\" content=\"summary_large_image\" \/>\n<meta name=\"twitter:label1\" content=\"Gesch\u00e4tzte Lesezeit\" \/>\n\t<meta name=\"twitter:data1\" content=\"4\u00a0Minuten\" \/>\n<script type=\"application\/ld+json\" class=\"yoast-schema-graph\">{\"@context\":\"https:\\\/\\\/schema.org\",\"@graph\":[{\"@type\":\"WebPage\",\"@id\":\"https:\\\/\\\/timintralog.com\\\/de\\\/referenzen\\\/\",\"url\":\"https:\\\/\\\/timintralog.com\\\/de\\\/referenzen\\\/\",\"name\":\"Referenzen - Zufriedene Kunden\",\"isPartOf\":{\"@id\":\"https:\\\/\\\/timintralog.com\\\/de\\\/#website\"},\"datePublished\":\"2020-07-21T09:34:55+00:00\",\"dateModified\":\"2025-01-16T16:10:15+00:00\",\"description\":\"Zu unseren langj\u00e4hrigen Kunden z\u00e4hlen multinationale und mittelst\u00e4ndische Unternehmen.\",\"breadcrumb\":{\"@id\":\"https:\\\/\\\/timintralog.com\\\/de\\\/referenzen\\\/#breadcrumb\"},\"inLanguage\":\"de\",\"potentialAction\":[{\"@type\":\"ReadAction\",\"target\":[\"https:\\\/\\\/timintralog.com\\\/de\\\/referenzen\\\/\"]}]},{\"@type\":\"BreadcrumbList\",\"@id\":\"https:\\\/\\\/timintralog.com\\\/de\\\/referenzen\\\/#breadcrumb\",\"itemListElement\":[{\"@type\":\"ListItem\",\"position\":1,\"name\":\"Home\",\"item\":\"https:\\\/\\\/timintralog.com\\\/de\\\/\"},{\"@type\":\"ListItem\",\"position\":2,\"name\":\"Referenzen\"}]},{\"@type\":\"WebSite\",\"@id\":\"https:\\\/\\\/timintralog.com\\\/de\\\/#website\",\"url\":\"https:\\\/\\\/timintralog.com\\\/de\\\/\",\"name\":\"TIM INTRALOG.\",\"description\":\"Lager- und Intralogistik Beratung\",\"publisher\":{\"@id\":\"https:\\\/\\\/timintralog.com\\\/de\\\/#organization\"},\"potentialAction\":[{\"@type\":\"SearchAction\",\"target\":{\"@type\":\"EntryPoint\",\"urlTemplate\":\"https:\\\/\\\/timintralog.com\\\/de\\\/?s={search_term_string}\"},\"query-input\":{\"@type\":\"PropertyValueSpecification\",\"valueRequired\":true,\"valueName\":\"search_term_string\"}}],\"inLanguage\":\"de\"},{\"@type\":\"Organization\",\"@id\":\"https:\\\/\\\/timintralog.com\\\/de\\\/#organization\",\"name\":\"TIM INTRALOG.\",\"url\":\"https:\\\/\\\/timintralog.com\\\/de\\\/\",\"logo\":{\"@type\":\"ImageObject\",\"inLanguage\":\"de\",\"@id\":\"https:\\\/\\\/timintralog.com\\\/de\\\/#\\\/schema\\\/logo\\\/image\\\/\",\"url\":\"https:\\\/\\\/timintralog.com\\\/wp-content\\\/uploads\\\/2020\\\/02\\\/logo.svg\",\"contentUrl\":\"https:\\\/\\\/timintralog.com\\\/wp-content\\\/uploads\\\/2020\\\/02\\\/logo.svg\",\"width\":552,\"height\":81,\"caption\":\"TIM INTRALOG.\"},\"image\":{\"@id\":\"https:\\\/\\\/timintralog.com\\\/de\\\/#\\\/schema\\\/logo\\\/image\\\/\"}}]}<\/script>\n<!-- \/ Yoast SEO plugin. -->","yoast_head_json":{"title":"Referenzen - Zufriedene Kunden","description":"Zu unseren langj\u00e4hrigen Kunden z\u00e4hlen multinationale und mittelst\u00e4ndische Unternehmen.","robots":{"index":"index","follow":"follow","max-snippet":"max-snippet:-1","max-image-preview":"max-image-preview:large","max-video-preview":"max-video-preview:-1"},"canonical":"https:\/\/timintralog.com\/de\/referenzen\/","og_locale":"de_DE","og_type":"article","og_title":"Referenzen - Zufriedene Kunden","og_description":"Zu unseren langj\u00e4hrigen Kunden z\u00e4hlen multinationale und mittelst\u00e4ndische Unternehmen.","og_url":"https:\/\/timintralog.com\/de\/referenzen\/","og_site_name":"TIM INTRALOG.","article_modified_time":"2025-01-16T16:10:15+00:00","twitter_card":"summary_large_image","twitter_misc":{"Gesch\u00e4tzte Lesezeit":"4\u00a0Minuten"},"schema":{"@context":"https:\/\/schema.org","@graph":[{"@type":"WebPage","@id":"https:\/\/timintralog.com\/de\/referenzen\/","url":"https:\/\/timintralog.com\/de\/referenzen\/","name":"Referenzen - Zufriedene Kunden","isPartOf":{"@id":"https:\/\/timintralog.com\/de\/#website"},"datePublished":"2020-07-21T09:34:55+00:00","dateModified":"2025-01-16T16:10:15+00:00","description":"Zu unseren langj\u00e4hrigen Kunden z\u00e4hlen multinationale und mittelst\u00e4ndische Unternehmen.","breadcrumb":{"@id":"https:\/\/timintralog.com\/de\/referenzen\/#breadcrumb"},"inLanguage":"de","potentialAction":[{"@type":"ReadAction","target":["https:\/\/timintralog.com\/de\/referenzen\/"]}]},{"@type":"BreadcrumbList","@id":"https:\/\/timintralog.com\/de\/referenzen\/#breadcrumb","itemListElement":[{"@type":"ListItem","position":1,"name":"Home","item":"https:\/\/timintralog.com\/de\/"},{"@type":"ListItem","position":2,"name":"Referenzen"}]},{"@type":"WebSite","@id":"https:\/\/timintralog.com\/de\/#website","url":"https:\/\/timintralog.com\/de\/","name":"TIM INTRALOG.","description":"Lager- und Intralogistik Beratung","publisher":{"@id":"https:\/\/timintralog.com\/de\/#organization"},"potentialAction":[{"@type":"SearchAction","target":{"@type":"EntryPoint","urlTemplate":"https:\/\/timintralog.com\/de\/?s={search_term_string}"},"query-input":{"@type":"PropertyValueSpecification","valueRequired":true,"valueName":"search_term_string"}}],"inLanguage":"de"},{"@type":"Organization","@id":"https:\/\/timintralog.com\/de\/#organization","name":"TIM INTRALOG.","url":"https:\/\/timintralog.com\/de\/","logo":{"@type":"ImageObject","inLanguage":"de","@id":"https:\/\/timintralog.com\/de\/#\/schema\/logo\/image\/","url":"https:\/\/timintralog.com\/wp-content\/uploads\/2020\/02\/logo.svg","contentUrl":"https:\/\/timintralog.com\/wp-content\/uploads\/2020\/02\/logo.svg","width":552,"height":81,"caption":"TIM INTRALOG."},"image":{"@id":"https:\/\/timintralog.com\/de\/#\/schema\/logo\/image\/"}}]}},"_links":{"self":[{"href":"https:\/\/timintralog.com\/de\/wp-json\/wp\/v2\/pages\/2220","targetHints":{"allow":["GET"]}}],"collection":[{"href":"https:\/\/timintralog.com\/de\/wp-json\/wp\/v2\/pages"}],"about":[{"href":"https:\/\/timintralog.com\/de\/wp-json\/wp\/v2\/types\/page"}],"author":[{"embeddable":true,"href":"https:\/\/timintralog.com\/de\/wp-json\/wp\/v2\/users\/1"}],"replies":[{"embeddable":true,"href":"https:\/\/timintralog.com\/de\/wp-json\/wp\/v2\/comments?post=2220"}],"version-history":[{"count":4,"href":"https:\/\/timintralog.com\/de\/wp-json\/wp\/v2\/pages\/2220\/revisions"}],"predecessor-version":[{"id":5935,"href":"https:\/\/timintralog.com\/de\/wp-json\/wp\/v2\/pages\/2220\/revisions\/5935"}],"wp:attachment":[{"href":"https:\/\/timintralog.com\/de\/wp-json\/wp\/v2\/media?parent=2220"}],"curies":[{"name":"wp","href":"https:\/\/api.w.org\/{rel}","templated":true}]}}