{"id":2233,"date":"2020-07-21T11:44:43","date_gmt":"2020-07-21T09:44:43","guid":{"rendered":"https:\/\/timintralog.com\/?page_id=2233"},"modified":"2025-01-27T09:33:48","modified_gmt":"2025-01-27T08:33:48","slug":"blog","status":"publish","type":"page","link":"https:\/\/timintralog.com\/de\/blog\/","title":{"rendered":"Blog"},"content":{"rendered":"<p>[et_pb_section fb_built=&#8220;1&#8243; _builder_version=&#8220;4.16&#8243; _module_preset=&#8220;default&#8220; background_color=&#8220;rgba(0,0,0,0)&#8220; use_background_color_gradient=&#8220;on&#8220; background_color_gradient_direction=&#8220;110deg&#8220; background_color_gradient_stops=&#8220;rgba(238,238,239,0.85) 30%|rgba(0,0,0,0) 100%&#8220; background_color_gradient_overlays_image=&#8220;on&#8220; background_color_gradient_start=&#8220;rgba(238,238,239,0.85)&#8220; background_color_gradient_start_position=&#8220;30%&#8220; background_color_gradient_end=&#8220;rgba(0,0,0,0)&#8220; background_image=&#8220;https:\/\/timintralog.com\/wp-content\/uploads\/2020\/07\/header-blog-1-ti.jpg&#8220; custom_padding=&#8220;6vw||6vw||true|false&#8220; global_colors_info=&#8220;{}&#8220;][et_pb_row _builder_version=&#8220;4.16&#8243; _module_preset=&#8220;default&#8220; global_colors_info=&#8220;{}&#8220;][et_pb_column type=&#8220;4_4&#8243; _builder_version=&#8220;4.16&#8243; _module_preset=&#8220;default&#8220; global_colors_info=&#8220;{}&#8220;][et_pb_text _builder_version=&#8220;4.16&#8243; _module_preset=&#8220;default&#8220; custom_margin=&#8220;||||false|false&#8220; custom_padding=&#8220;||||false|false&#8220; global_colors_info=&#8220;{}&#8220;]<\/p>\n<h1 class=\"title-el-gallery\">News, Events, Projekte<br \/>Bei uns ist was los!<\/h1>\n<p>[\/et_pb_text][\/et_pb_column][\/et_pb_row][\/et_pb_section][et_pb_section fb_built=&#8220;1&#8243; _builder_version=&#8220;4.16&#8243; _module_preset=&#8220;default&#8220; custom_padding=&#8220;0px||0px||false|false&#8220; global_colors_info=&#8220;{}&#8220;][et_pb_row _builder_version=&#8220;4.16&#8243; _module_preset=&#8220;default&#8220; custom_padding=&#8220;20px||20px||true|false&#8220; global_colors_info=&#8220;{}&#8220;][et_pb_column type=&#8220;4_4&#8243; _builder_version=&#8220;4.16&#8243; _module_preset=&#8220;default&#8220; global_colors_info=&#8220;{}&#8220;][et_pb_text _builder_version=&#8220;4.5.6&#8243; _module_preset=&#8220;default&#8220; link_text_color=&#8220;#222222&#8243; global_module=&#8220;2466&#8243; saved_tabs=&#8220;all&#8220; global_colors_info=&#8220;{}&#8220; link_text_color__hover_enabled=&#8220;on|hover&#8220; link_text_color__hover=&#8220;#004b85&#8243;]<\/p>\n<span><span><a href=\"https:\/\/timintralog.com\/de\/\">Home<\/a><\/span><\/span>\n<p>[\/et_pb_text][\/et_pb_column][\/et_pb_row][\/et_pb_section][et_pb_section fb_built=&#8220;1&#8243; _builder_version=&#8220;4.16&#8243; _module_preset=&#8220;default&#8220; custom_padding=&#8220;0px||||false|false&#8220; global_colors_info=&#8220;{}&#8220;][et_pb_row column_structure=&#8220;2_3,1_3&#8243; use_custom_gutter=&#8220;on&#8220; gutter_width=&#8220;4&#8243; _builder_version=&#8220;4.16&#8243; _module_preset=&#8220;default&#8220; global_colors_info=&#8220;{}&#8220;][et_pb_column type=&#8220;2_3&#8243; _builder_version=&#8220;4.16&#8243; _module_preset=&#8220;default&#8220; global_colors_info=&#8220;{}&#8220;][et_pb_text _builder_version=&#8220;4.16&#8243; _module_preset=&#8220;default&#8220; global_colors_info=&#8220;{}&#8220;]<\/p>\n<h2>Blog<\/h2>\n<p>Wir informieren Sie regelm\u00e4\u00dfig \u00fcber aktuelle Markttrends, innovative Leistungen &amp; neue Produkte, Veranstaltungen und unser Team. Schauen Sie also gerne regelm\u00e4\u00dfig vorbei.<\/p>\n<p>[\/et_pb_text][et_pb_blog_extras posts_number=&#8220;7&#8243; meta_date=&#8220;d.m.Y&#8220; excerpt_length=&#8220;0&#8243; module_id=&#8220;custom-blog&#8220; _builder_version=&#8220;4.16&#8243; _module_preset=&#8220;default&#8220; global_colors_info=&#8220;{}&#8220; ajax_pagination_bg_enable_color__hover=&#8220;on&#8220;][\/et_pb_blog_extras][\/et_pb_column][et_pb_column type=&#8220;1_3&#8243; _builder_version=&#8220;4.16&#8243; _module_preset=&#8220;default&#8220; global_colors_info=&#8220;{}&#8220;][et_pb_text _builder_version=&#8220;4.16&#8243; _module_preset=&#8220;default&#8220; header_4_font=&#8220;|600||on|||||&#8220; custom_margin=&#8220;7px||||false|false&#8220; global_colors_info=&#8220;{}&#8220;]<\/p>\n<h4>Presse-Kontakt<\/h4>\n<p>Gerne beantworten wir Fragen zum Unternehmen oder unterst\u00fctzen mit Fachwissen und redaktionellen Beitr\u00e4gen<\/p>\n<p>[\/et_pb_text][et_pb_team_member name=&#8220;Christoph Rehm&#8220; position=&#8220;Consultant&#8220; image_url=&#8220;https:\/\/timintralog.com\/wp-content\/uploads\/2024\/03\/009-20231107-TIM-INTRALOG.-GmbH-IMG_4519Z-2000x1334px-72DPI.jpg&#8220; _builder_version=&#8220;4.27.4&#8243; _module_preset=&#8220;default&#8220; hover_enabled=&#8220;0&#8243; saved_tabs=&#8220;all&#8220; global_colors_info=&#8220;{}&#8220; sticky_enabled=&#8220;0&#8243;]<\/p>\n<p><a title=\"Mail Christoph Rehm\" href=\"mailto:c.rehm@timintralog.com\">c.rehm@timintralog.com<\/a><br \/>\n<a title=\"Telefon Marco Kr\u00e4mer\" href=\"tel:+49621490855-17\">+49 (0)621 490855-17<\/a><br \/>\n<a href=\"\/wp-content\/uploads\/2021\/10\/Christoph-Rehm.vcf\">Download Visitenkarte<\/a><\/p>\n<p>[\/et_pb_team_member][et_pb_button button_url=&#8220;mailto:c.rehm@timintralog.com&#8220; button_text=&#8220;Jetzt Kontakt aufnhemen&#8220; button_alignment=&#8220;center&#8220; _builder_version=&#8220;4.27.4&#8243; _module_preset=&#8220;348f19b4-43c0-43f7-bba8-36c430caaa73&#8243; custom_margin=&#8220;0px||||false|false&#8220; global_colors_info=&#8220;{}&#8220;][\/et_pb_button][\/et_pb_column][\/et_pb_row][\/et_pb_section]<\/p>\n","protected":false},"excerpt":{"rendered":"<p>News, Events, ProjekteBei uns ist was los!<span><span><a href=\"https:\/\/timintralog.com\/de\/\">Home<\/a><\/span><\/span> Blog Wir informieren Sie regelm\u00e4\u00dfig \u00fcber aktuelle Markttrends, innovative Leistungen &amp; neue Produkte, Veranstaltungen und unser Team. Schauen Sie also gerne regelm\u00e4\u00dfig vorbei.Presse-Kontakt Gerne beantworten wir Fragen zum Unternehmen oder unterst\u00fctzen mit Fachwissen und redaktionellen Beitr\u00e4genc.rehm@timintralog.com +49 (0)621 490855-17 Download Visitenkarte<\/p>\n","protected":false},"author":1,"featured_media":0,"parent":0,"menu_order":5,"comment_status":"closed","ping_status":"closed","template":"","meta":{"_et_pb_use_builder":"on","_et_pb_old_content":"","_et_gb_content_width":"","footnotes":""},"class_list":["post-2233","page","type-page","status-publish","hentry"],"yoast_head":"<!-- This site is optimized with the Yoast SEO plugin v27.4 - https:\/\/yoast.com\/product\/yoast-seo-wordpress\/ -->\n<title>Blog - TIM INTRALOG.<\/title>\n<meta name=\"description\" content=\"Wir informieren regelm\u00e4\u00dfig \u00fcber aktuelle Trends, innovative Leistungen &amp; neue Produkte, Veranstaltungen und unser Team.\" \/>\n<meta name=\"robots\" content=\"index, follow, max-snippet:-1, max-image-preview:large, max-video-preview:-1\" \/>\n<link rel=\"canonical\" href=\"https:\/\/timintralog.com\/de\/blog\/\" \/>\n<meta property=\"og:locale\" content=\"de_DE\" \/>\n<meta property=\"og:type\" content=\"article\" \/>\n<meta property=\"og:title\" content=\"Blog - TIM INTRALOG.\" \/>\n<meta property=\"og:description\" content=\"Wir informieren regelm\u00e4\u00dfig \u00fcber aktuelle Trends, innovative Leistungen &amp; neue Produkte, Veranstaltungen und unser Team.\" \/>\n<meta property=\"og:url\" content=\"https:\/\/timintralog.com\/de\/blog\/\" \/>\n<meta property=\"og:site_name\" content=\"TIM INTRALOG.\" \/>\n<meta property=\"article:modified_time\" content=\"2025-01-27T08:33:48+00:00\" \/>\n<meta name=\"twitter:card\" content=\"summary_large_image\" \/>\n<meta name=\"twitter:label1\" content=\"Gesch\u00e4tzte Lesezeit\" \/>\n\t<meta name=\"twitter:data1\" content=\"3\u00a0Minuten\" \/>\n<script type=\"application\/ld+json\" class=\"yoast-schema-graph\">{\"@context\":\"https:\\\/\\\/schema.org\",\"@graph\":[{\"@type\":\"WebPage\",\"@id\":\"https:\\\/\\\/timintralog.com\\\/de\\\/blog\\\/\",\"url\":\"https:\\\/\\\/timintralog.com\\\/de\\\/blog\\\/\",\"name\":\"Blog - TIM INTRALOG.\",\"isPartOf\":{\"@id\":\"https:\\\/\\\/timintralog.com\\\/de\\\/#website\"},\"datePublished\":\"2020-07-21T09:44:43+00:00\",\"dateModified\":\"2025-01-27T08:33:48+00:00\",\"description\":\"Wir informieren regelm\u00e4\u00dfig \u00fcber aktuelle Trends, innovative Leistungen & neue Produkte, Veranstaltungen und unser Team.\",\"breadcrumb\":{\"@id\":\"https:\\\/\\\/timintralog.com\\\/de\\\/blog\\\/#breadcrumb\"},\"inLanguage\":\"de\",\"potentialAction\":[{\"@type\":\"ReadAction\",\"target\":[\"https:\\\/\\\/timintralog.com\\\/de\\\/blog\\\/\"]}]},{\"@type\":\"BreadcrumbList\",\"@id\":\"https:\\\/\\\/timintralog.com\\\/de\\\/blog\\\/#breadcrumb\",\"itemListElement\":[{\"@type\":\"ListItem\",\"position\":1,\"name\":\"Home\",\"item\":\"https:\\\/\\\/timintralog.com\\\/de\\\/\"},{\"@type\":\"ListItem\",\"position\":2,\"name\":\"Blog\"}]},{\"@type\":\"WebSite\",\"@id\":\"https:\\\/\\\/timintralog.com\\\/de\\\/#website\",\"url\":\"https:\\\/\\\/timintralog.com\\\/de\\\/\",\"name\":\"TIM INTRALOG.\",\"description\":\"Lager- und Intralogistik Beratung\",\"publisher\":{\"@id\":\"https:\\\/\\\/timintralog.com\\\/de\\\/#organization\"},\"potentialAction\":[{\"@type\":\"SearchAction\",\"target\":{\"@type\":\"EntryPoint\",\"urlTemplate\":\"https:\\\/\\\/timintralog.com\\\/de\\\/?s={search_term_string}\"},\"query-input\":{\"@type\":\"PropertyValueSpecification\",\"valueRequired\":true,\"valueName\":\"search_term_string\"}}],\"inLanguage\":\"de\"},{\"@type\":\"Organization\",\"@id\":\"https:\\\/\\\/timintralog.com\\\/de\\\/#organization\",\"name\":\"TIM INTRALOG.\",\"url\":\"https:\\\/\\\/timintralog.com\\\/de\\\/\",\"logo\":{\"@type\":\"ImageObject\",\"inLanguage\":\"de\",\"@id\":\"https:\\\/\\\/timintralog.com\\\/de\\\/#\\\/schema\\\/logo\\\/image\\\/\",\"url\":\"https:\\\/\\\/timintralog.com\\\/wp-content\\\/uploads\\\/2020\\\/02\\\/logo.svg\",\"contentUrl\":\"https:\\\/\\\/timintralog.com\\\/wp-content\\\/uploads\\\/2020\\\/02\\\/logo.svg\",\"width\":552,\"height\":81,\"caption\":\"TIM INTRALOG.\"},\"image\":{\"@id\":\"https:\\\/\\\/timintralog.com\\\/de\\\/#\\\/schema\\\/logo\\\/image\\\/\"}}]}<\/script>\n<!-- \/ Yoast SEO plugin. -->","yoast_head_json":{"title":"Blog - TIM INTRALOG.","description":"Wir informieren regelm\u00e4\u00dfig \u00fcber aktuelle Trends, innovative Leistungen & neue Produkte, Veranstaltungen und unser Team.","robots":{"index":"index","follow":"follow","max-snippet":"max-snippet:-1","max-image-preview":"max-image-preview:large","max-video-preview":"max-video-preview:-1"},"canonical":"https:\/\/timintralog.com\/de\/blog\/","og_locale":"de_DE","og_type":"article","og_title":"Blog - TIM INTRALOG.","og_description":"Wir informieren regelm\u00e4\u00dfig \u00fcber aktuelle Trends, innovative Leistungen & neue Produkte, Veranstaltungen und unser Team.","og_url":"https:\/\/timintralog.com\/de\/blog\/","og_site_name":"TIM INTRALOG.","article_modified_time":"2025-01-27T08:33:48+00:00","twitter_card":"summary_large_image","twitter_misc":{"Gesch\u00e4tzte Lesezeit":"3\u00a0Minuten"},"schema":{"@context":"https:\/\/schema.org","@graph":[{"@type":"WebPage","@id":"https:\/\/timintralog.com\/de\/blog\/","url":"https:\/\/timintralog.com\/de\/blog\/","name":"Blog - TIM INTRALOG.","isPartOf":{"@id":"https:\/\/timintralog.com\/de\/#website"},"datePublished":"2020-07-21T09:44:43+00:00","dateModified":"2025-01-27T08:33:48+00:00","description":"Wir informieren regelm\u00e4\u00dfig \u00fcber aktuelle Trends, innovative Leistungen & neue Produkte, Veranstaltungen und unser Team.","breadcrumb":{"@id":"https:\/\/timintralog.com\/de\/blog\/#breadcrumb"},"inLanguage":"de","potentialAction":[{"@type":"ReadAction","target":["https:\/\/timintralog.com\/de\/blog\/"]}]},{"@type":"BreadcrumbList","@id":"https:\/\/timintralog.com\/de\/blog\/#breadcrumb","itemListElement":[{"@type":"ListItem","position":1,"name":"Home","item":"https:\/\/timintralog.com\/de\/"},{"@type":"ListItem","position":2,"name":"Blog"}]},{"@type":"WebSite","@id":"https:\/\/timintralog.com\/de\/#website","url":"https:\/\/timintralog.com\/de\/","name":"TIM INTRALOG.","description":"Lager- und Intralogistik Beratung","publisher":{"@id":"https:\/\/timintralog.com\/de\/#organization"},"potentialAction":[{"@type":"SearchAction","target":{"@type":"EntryPoint","urlTemplate":"https:\/\/timintralog.com\/de\/?s={search_term_string}"},"query-input":{"@type":"PropertyValueSpecification","valueRequired":true,"valueName":"search_term_string"}}],"inLanguage":"de"},{"@type":"Organization","@id":"https:\/\/timintralog.com\/de\/#organization","name":"TIM INTRALOG.","url":"https:\/\/timintralog.com\/de\/","logo":{"@type":"ImageObject","inLanguage":"de","@id":"https:\/\/timintralog.com\/de\/#\/schema\/logo\/image\/","url":"https:\/\/timintralog.com\/wp-content\/uploads\/2020\/02\/logo.svg","contentUrl":"https:\/\/timintralog.com\/wp-content\/uploads\/2020\/02\/logo.svg","width":552,"height":81,"caption":"TIM INTRALOG."},"image":{"@id":"https:\/\/timintralog.com\/de\/#\/schema\/logo\/image\/"}}]}},"_links":{"self":[{"href":"https:\/\/timintralog.com\/de\/wp-json\/wp\/v2\/pages\/2233","targetHints":{"allow":["GET"]}}],"collection":[{"href":"https:\/\/timintralog.com\/de\/wp-json\/wp\/v2\/pages"}],"about":[{"href":"https:\/\/timintralog.com\/de\/wp-json\/wp\/v2\/types\/page"}],"author":[{"embeddable":true,"href":"https:\/\/timintralog.com\/de\/wp-json\/wp\/v2\/users\/1"}],"replies":[{"embeddable":true,"href":"https:\/\/timintralog.com\/de\/wp-json\/wp\/v2\/comments?post=2233"}],"version-history":[{"count":4,"href":"https:\/\/timintralog.com\/de\/wp-json\/wp\/v2\/pages\/2233\/revisions"}],"predecessor-version":[{"id":6075,"href":"https:\/\/timintralog.com\/de\/wp-json\/wp\/v2\/pages\/2233\/revisions\/6075"}],"wp:attachment":[{"href":"https:\/\/timintralog.com\/de\/wp-json\/wp\/v2\/media?parent=2233"}],"curies":[{"name":"wp","href":"https:\/\/api.w.org\/{rel}","templated":true}]}}