{"id":2617,"date":"2020-07-30T14:20:32","date_gmt":"2020-07-30T12:20:32","guid":{"rendered":"https:\/\/timintralog.com\/?page_id=2617"},"modified":"2025-01-16T17:43:38","modified_gmt":"2025-01-16T16:43:38","slug":"strategie-und-organisation","status":"publish","type":"page","link":"https:\/\/timintralog.com\/de\/leistungsfelder\/strategie-und-organisation\/","title":{"rendered":"Strategie &#038; Organisation"},"content":{"rendered":"<p>[et_pb_section fb_built=&#8220;1&#8243; _builder_version=&#8220;4.16&#8243; _module_preset=&#8220;default&#8220; background_color=&#8220;rgba(0,0,0,0)&#8220; use_background_color_gradient=&#8220;on&#8220; background_color_gradient_direction=&#8220;110deg&#8220; background_color_gradient_stops=&#8220;rgba(238,238,239,0.85) 30%|rgba(0,0,0,0) 100%&#8220; background_color_gradient_overlays_image=&#8220;on&#8220; background_color_gradient_start=&#8220;rgba(238,238,239,0.85)&#8220; background_color_gradient_start_position=&#8220;30%&#8220; background_color_gradient_end=&#8220;rgba(0,0,0,0)&#8220; background_image=&#8220;https:\/\/timintralog.com\/wp-content\/uploads\/2020\/09\/header-strategie-organisation.jpg&#8220; custom_padding=&#8220;6vw||6vw||true|false&#8220; global_colors_info=&#8220;{}&#8220;][et_pb_row _builder_version=&#8220;4.16&#8243; _module_preset=&#8220;default&#8220; global_colors_info=&#8220;{}&#8220;][et_pb_column type=&#8220;4_4&#8243; _builder_version=&#8220;4.16&#8243; _module_preset=&#8220;default&#8220; global_colors_info=&#8220;{}&#8220;][et_pb_text _builder_version=&#8220;4.16&#8243; _module_preset=&#8220;default&#8220; custom_margin=&#8220;||||false|false&#8220; custom_padding=&#8220;||||false|false&#8220; global_colors_info=&#8220;{}&#8220;]<\/p>\n<h1>Ganzheitlich denken<\/h1>\n<p>[\/et_pb_text][\/et_pb_column][\/et_pb_row][\/et_pb_section][et_pb_section fb_built=&#8220;1&#8243; _builder_version=&#8220;4.16&#8243; _module_preset=&#8220;default&#8220; custom_padding=&#8220;0px||0px||false|false&#8220; global_colors_info=&#8220;{}&#8220;][et_pb_row _builder_version=&#8220;4.16&#8243; _module_preset=&#8220;default&#8220; custom_padding=&#8220;20px||20px||true|false&#8220; global_colors_info=&#8220;{}&#8220;][et_pb_column type=&#8220;4_4&#8243; _builder_version=&#8220;4.16&#8243; _module_preset=&#8220;default&#8220; global_colors_info=&#8220;{}&#8220;][et_pb_text _builder_version=&#8220;4.5.6&#8243; _module_preset=&#8220;default&#8220; link_text_color=&#8220;#222222&#8243; global_module=&#8220;2466&#8243; saved_tabs=&#8220;all&#8220; global_colors_info=&#8220;{}&#8220; link_text_color__hover_enabled=&#8220;on|hover&#8220; link_text_color__hover=&#8220;#004b85&#8243;]<\/p>\n<span><span><a href=\"https:\/\/timintralog.com\/de\/\">Home<\/a><\/span><\/span>\n<p>[\/et_pb_text][\/et_pb_column][\/et_pb_row][\/et_pb_section][et_pb_section fb_built=&#8220;1&#8243; _builder_version=&#8220;4.16&#8243; _module_preset=&#8220;default&#8220; custom_padding=&#8220;0px||||false|false&#8220; global_colors_info=&#8220;{}&#8220;][et_pb_row column_structure=&#8220;2_3,1_3&#8243; use_custom_gutter=&#8220;on&#8220; gutter_width=&#8220;4&#8243; _builder_version=&#8220;4.16&#8243; _module_preset=&#8220;default&#8220; global_colors_info=&#8220;{}&#8220;][et_pb_column type=&#8220;2_3&#8243; _builder_version=&#8220;4.16&#8243; _module_preset=&#8220;default&#8220; global_colors_info=&#8220;{}&#8220;][et_pb_text _builder_version=&#8220;4.16&#8243; _module_preset=&#8220;default&#8220; global_colors_info=&#8220;{}&#8220;]<\/p>\n<h2>Strategie &amp; Organisation<\/h2>\n<p><strong>Denken Sie \u00fcber die Anzahl ben\u00f6tigter Logistikstandorte nach? Fragen Sie sich, welche logistischen Aufgaben Ihre Standorte erf\u00fcllen sollen? Sind Ihre Logistikkosten zu hoch oder steigen immer weiter? Erreichen Sie vereinbarte Service-Level nicht? \u00dcberlegen Sie, ob einzelne Standorte outgesourct oder wieder selbst betrieben werden sollten?<\/strong><\/p>\n<p>Strategische Fragen, bei deren Beantwortung wir Sie gerne unterst\u00fctzen.<\/p>\n<p>Gemeinsam mit Ihnen betrachten wir Ihre Netzwerke und entwickeln strategische Konzepte f\u00fcr Ihre Lagerstandorte. F\u00fcr die optimale Auslegung ber\u00fccksichtigen wir Ihr zuk\u00fcnftiges Wachstum und strukturelle Ver\u00e4nderungen sowie die Entwicklung von Kapazit\u00e4ten und Kosten. Wir definieren f\u00fcr Sie Multi-Standort-Strategien und allokieren Sortimente und Best\u00e4nde bestm\u00f6glich. Wir stimmen die Aufgaben der Standorte optimal aufeinander ab und ber\u00fccksichtigen spezifische Lagerfunktionen. Dar\u00fcber hinaus definieren wir die logistischen Leistungsanforderungen an die einzelnen Standorte und optimieren Prozesse und Organisation vor Ort.<\/p>\n<p>Wenn Sie sich die Frage \u201eMake or Buy\u201c stellen, bewerten wir die Vor- und Nachteile von In- &amp; Outsourcing-Alternativen. Wir \u00fcberpr\u00fcfen die Wirtschaftlichkeit alternativer Konzepte und unterst\u00fctzen Sie bei der Erstellung von Business Cases f\u00fcr unterschiedliche Szenarien.<\/p>\n<p>Unser oberstes Ziel: mit unserem Know-how in Strategie und Organisation die Grundlage f\u00fcr Ihre erfolgreiche Logistik legen. Dazu betrachten wir Ihre Herausforderungen umfassend und zeigen Ihnen Potenziale auf. So verschaffen wir Ihnen Wettbewerbsvorteile und ebnen langfristige Wachstumspfade.<\/p>\n<p>Was wir im Einzelnen f\u00fcr Sie tun k\u00f6nnen:<\/p>\n<ul>\n<li>Analyse Insourcing oder Outsourcing<\/li>\n<li>Entwicklung von Logistikkonzepten inkl. Multi-Standort-Strategie<\/li>\n<li>Definition der Standortfunktionen im Logistiknetzwerk<\/li>\n<li>Konzipierung leistungsorientierter F\u00fchrung<\/li>\n<li>Aufbau Logistik-Kennzahlensystem<\/li>\n<\/ul>\n<p><strong>Mit unseren Logistikkonzepten ebnen wir den Weg f\u00fcr Ihren langfristigen Erfolg<\/strong><\/p>\n<p>[\/et_pb_text][\/et_pb_column][et_pb_column type=&#8220;1_3&#8243; _builder_version=&#8220;4.16&#8243; _module_preset=&#8220;default&#8220; global_colors_info=&#8220;{}&#8220;][et_pb_team_member name=&#8220;Bj\u00f6rn Klippel&#8220; position=&#8220;Gesch\u00e4ftsf\u00fchrer&#8220; image_url=&#8220;https:\/\/timintralog.com\/wp-content\/uploads\/2025\/01\/001-20231107-TIM-INTRALOG.-GmbH-IMG_2221-72DPI-scaled.jpg&#8220; _builder_version=&#8220;4.27.4&#8243; _module_preset=&#8220;default&#8220; saved_tabs=&#8220;all&#8220; global_colors_info=&#8220;{}&#8220;]<\/p>\n<p><a title=\"Mail Bj\u00f6rn Klippel\" href=\"mailto:b.klippel@timintralog.com\">b.klippel@timintralog.com<\/a><br \/><a title=\"Telefon Bj\u00f6rn Klippel\" href=\"tel:+49621490855-0\">+49 (0)621 490855-0<\/a><\/p>\n<p>[\/et_pb_team_member][et_pb_button button_url=&#8220;mailto:b.klippel@timintralog.com&#8220; button_text=&#8220;Jetzt Kontakt aufnhemen&#8220; button_alignment=&#8220;center&#8220; _builder_version=&#8220;4.27.4&#8243; _module_preset=&#8220;348f19b4-43c0-43f7-bba8-36c430caaa73&#8243; custom_margin=&#8220;0px||||false|false&#8220; global_colors_info=&#8220;{}&#8220;][\/et_pb_button][\/et_pb_column][\/et_pb_row][\/et_pb_section]<\/p>\n","protected":false},"excerpt":{"rendered":"<p>Ganzheitlich denken<span><span><a href=\"https:\/\/timintralog.com\/de\/\">Home<\/a><\/span><\/span> Strategie &amp; Organisation Denken Sie \u00fcber die Anzahl ben\u00f6tigter Logistikstandorte nach? Fragen Sie sich, welche logistischen Aufgaben Ihre Standorte erf\u00fcllen sollen? Sind Ihre Logistikkosten zu hoch oder steigen immer weiter? Erreichen Sie vereinbarte Service-Level nicht? \u00dcberlegen Sie, ob einzelne Standorte outgesourct oder wieder selbst betrieben werden sollten? Strategische Fragen, bei deren Beantwortung wir [&hellip;]<\/p>\n","protected":false},"author":1,"featured_media":0,"parent":2215,"menu_order":1,"comment_status":"closed","ping_status":"closed","template":"","meta":{"_et_pb_use_builder":"on","_et_pb_old_content":"","_et_gb_content_width":"","footnotes":""},"class_list":["post-2617","page","type-page","status-publish","hentry"],"yoast_head":"<!-- This site is optimized with the Yoast SEO plugin v27.3 - https:\/\/yoast.com\/product\/yoast-seo-wordpress\/ -->\n<title>Strategie &amp; Organisation - Erfolgreiche Logistik<\/title>\n<meta name=\"description\" content=\"Mit unserem Know-how unterst\u00fctzen wir Sie durch Make-or-Buy- und Standort-Analysen bei der strategischen Ausrichtung Ihrer Lagerlogistik.\" \/>\n<meta name=\"robots\" content=\"index, follow, max-snippet:-1, max-image-preview:large, max-video-preview:-1\" \/>\n<link rel=\"canonical\" href=\"https:\/\/timintralog.com\/de\/leistungsfelder\/strategie-und-organisation\/\" \/>\n<meta property=\"og:locale\" content=\"de_DE\" \/>\n<meta property=\"og:type\" content=\"article\" \/>\n<meta property=\"og:title\" content=\"Strategie &amp; Organisation - Erfolgreiche Logistik\" \/>\n<meta property=\"og:description\" content=\"Mit unserem Know-how unterst\u00fctzen wir Sie durch Make-or-Buy- und Standort-Analysen bei der strategischen Ausrichtung Ihrer Lagerlogistik.\" \/>\n<meta property=\"og:url\" content=\"https:\/\/timintralog.com\/de\/leistungsfelder\/strategie-und-organisation\/\" \/>\n<meta property=\"og:site_name\" content=\"TIM INTRALOG.\" \/>\n<meta property=\"article:modified_time\" content=\"2025-01-16T16:43:38+00:00\" \/>\n<meta name=\"twitter:card\" content=\"summary_large_image\" \/>\n<meta name=\"twitter:label1\" content=\"Gesch\u00e4tzte Lesezeit\" \/>\n\t<meta name=\"twitter:data1\" content=\"2\u00a0Minuten\" \/>\n<script type=\"application\/ld+json\" class=\"yoast-schema-graph\">{\"@context\":\"https:\\\/\\\/schema.org\",\"@graph\":[{\"@type\":\"WebPage\",\"@id\":\"https:\\\/\\\/timintralog.com\\\/de\\\/leistungsfelder\\\/strategie-und-organisation\\\/\",\"url\":\"https:\\\/\\\/timintralog.com\\\/de\\\/leistungsfelder\\\/strategie-und-organisation\\\/\",\"name\":\"Strategie & Organisation - Erfolgreiche Logistik\",\"isPartOf\":{\"@id\":\"https:\\\/\\\/timintralog.com\\\/de\\\/#website\"},\"datePublished\":\"2020-07-30T12:20:32+00:00\",\"dateModified\":\"2025-01-16T16:43:38+00:00\",\"description\":\"Mit unserem Know-how unterst\u00fctzen wir Sie durch Make-or-Buy- und Standort-Analysen bei der strategischen Ausrichtung Ihrer Lagerlogistik.\",\"breadcrumb\":{\"@id\":\"https:\\\/\\\/timintralog.com\\\/de\\\/leistungsfelder\\\/strategie-und-organisation\\\/#breadcrumb\"},\"inLanguage\":\"de\",\"potentialAction\":[{\"@type\":\"ReadAction\",\"target\":[\"https:\\\/\\\/timintralog.com\\\/de\\\/leistungsfelder\\\/strategie-und-organisation\\\/\"]}]},{\"@type\":\"BreadcrumbList\",\"@id\":\"https:\\\/\\\/timintralog.com\\\/de\\\/leistungsfelder\\\/strategie-und-organisation\\\/#breadcrumb\",\"itemListElement\":[{\"@type\":\"ListItem\",\"position\":1,\"name\":\"Home\",\"item\":\"https:\\\/\\\/timintralog.com\\\/de\\\/\"},{\"@type\":\"ListItem\",\"position\":2,\"name\":\"Leistungsfelder\",\"item\":\"https:\\\/\\\/timintralog.com\\\/de\\\/leistungsfelder\\\/\"},{\"@type\":\"ListItem\",\"position\":3,\"name\":\"Strategie &#038; Organisation\"}]},{\"@type\":\"WebSite\",\"@id\":\"https:\\\/\\\/timintralog.com\\\/de\\\/#website\",\"url\":\"https:\\\/\\\/timintralog.com\\\/de\\\/\",\"name\":\"TIM INTRALOG.\",\"description\":\"Lager- und Intralogistik Beratung\",\"publisher\":{\"@id\":\"https:\\\/\\\/timintralog.com\\\/de\\\/#organization\"},\"potentialAction\":[{\"@type\":\"SearchAction\",\"target\":{\"@type\":\"EntryPoint\",\"urlTemplate\":\"https:\\\/\\\/timintralog.com\\\/de\\\/?s={search_term_string}\"},\"query-input\":{\"@type\":\"PropertyValueSpecification\",\"valueRequired\":true,\"valueName\":\"search_term_string\"}}],\"inLanguage\":\"de\"},{\"@type\":\"Organization\",\"@id\":\"https:\\\/\\\/timintralog.com\\\/de\\\/#organization\",\"name\":\"TIM INTRALOG.\",\"url\":\"https:\\\/\\\/timintralog.com\\\/de\\\/\",\"logo\":{\"@type\":\"ImageObject\",\"inLanguage\":\"de\",\"@id\":\"https:\\\/\\\/timintralog.com\\\/de\\\/#\\\/schema\\\/logo\\\/image\\\/\",\"url\":\"https:\\\/\\\/timintralog.com\\\/wp-content\\\/uploads\\\/2020\\\/02\\\/logo.svg\",\"contentUrl\":\"https:\\\/\\\/timintralog.com\\\/wp-content\\\/uploads\\\/2020\\\/02\\\/logo.svg\",\"width\":552,\"height\":81,\"caption\":\"TIM INTRALOG.\"},\"image\":{\"@id\":\"https:\\\/\\\/timintralog.com\\\/de\\\/#\\\/schema\\\/logo\\\/image\\\/\"}}]}<\/script>\n<!-- \/ Yoast SEO plugin. -->","yoast_head_json":{"title":"Strategie & Organisation - Erfolgreiche Logistik","description":"Mit unserem Know-how unterst\u00fctzen wir Sie durch Make-or-Buy- und Standort-Analysen bei der strategischen Ausrichtung Ihrer Lagerlogistik.","robots":{"index":"index","follow":"follow","max-snippet":"max-snippet:-1","max-image-preview":"max-image-preview:large","max-video-preview":"max-video-preview:-1"},"canonical":"https:\/\/timintralog.com\/de\/leistungsfelder\/strategie-und-organisation\/","og_locale":"de_DE","og_type":"article","og_title":"Strategie & Organisation - Erfolgreiche Logistik","og_description":"Mit unserem Know-how unterst\u00fctzen wir Sie durch Make-or-Buy- und Standort-Analysen bei der strategischen Ausrichtung Ihrer Lagerlogistik.","og_url":"https:\/\/timintralog.com\/de\/leistungsfelder\/strategie-und-organisation\/","og_site_name":"TIM INTRALOG.","article_modified_time":"2025-01-16T16:43:38+00:00","twitter_card":"summary_large_image","twitter_misc":{"Gesch\u00e4tzte Lesezeit":"2\u00a0Minuten"},"schema":{"@context":"https:\/\/schema.org","@graph":[{"@type":"WebPage","@id":"https:\/\/timintralog.com\/de\/leistungsfelder\/strategie-und-organisation\/","url":"https:\/\/timintralog.com\/de\/leistungsfelder\/strategie-und-organisation\/","name":"Strategie & Organisation - Erfolgreiche Logistik","isPartOf":{"@id":"https:\/\/timintralog.com\/de\/#website"},"datePublished":"2020-07-30T12:20:32+00:00","dateModified":"2025-01-16T16:43:38+00:00","description":"Mit unserem Know-how unterst\u00fctzen wir Sie durch Make-or-Buy- und Standort-Analysen bei der strategischen Ausrichtung Ihrer Lagerlogistik.","breadcrumb":{"@id":"https:\/\/timintralog.com\/de\/leistungsfelder\/strategie-und-organisation\/#breadcrumb"},"inLanguage":"de","potentialAction":[{"@type":"ReadAction","target":["https:\/\/timintralog.com\/de\/leistungsfelder\/strategie-und-organisation\/"]}]},{"@type":"BreadcrumbList","@id":"https:\/\/timintralog.com\/de\/leistungsfelder\/strategie-und-organisation\/#breadcrumb","itemListElement":[{"@type":"ListItem","position":1,"name":"Home","item":"https:\/\/timintralog.com\/de\/"},{"@type":"ListItem","position":2,"name":"Leistungsfelder","item":"https:\/\/timintralog.com\/de\/leistungsfelder\/"},{"@type":"ListItem","position":3,"name":"Strategie &#038; Organisation"}]},{"@type":"WebSite","@id":"https:\/\/timintralog.com\/de\/#website","url":"https:\/\/timintralog.com\/de\/","name":"TIM INTRALOG.","description":"Lager- und Intralogistik Beratung","publisher":{"@id":"https:\/\/timintralog.com\/de\/#organization"},"potentialAction":[{"@type":"SearchAction","target":{"@type":"EntryPoint","urlTemplate":"https:\/\/timintralog.com\/de\/?s={search_term_string}"},"query-input":{"@type":"PropertyValueSpecification","valueRequired":true,"valueName":"search_term_string"}}],"inLanguage":"de"},{"@type":"Organization","@id":"https:\/\/timintralog.com\/de\/#organization","name":"TIM INTRALOG.","url":"https:\/\/timintralog.com\/de\/","logo":{"@type":"ImageObject","inLanguage":"de","@id":"https:\/\/timintralog.com\/de\/#\/schema\/logo\/image\/","url":"https:\/\/timintralog.com\/wp-content\/uploads\/2020\/02\/logo.svg","contentUrl":"https:\/\/timintralog.com\/wp-content\/uploads\/2020\/02\/logo.svg","width":552,"height":81,"caption":"TIM INTRALOG."},"image":{"@id":"https:\/\/timintralog.com\/de\/#\/schema\/logo\/image\/"}}]}},"_links":{"self":[{"href":"https:\/\/timintralog.com\/de\/wp-json\/wp\/v2\/pages\/2617","targetHints":{"allow":["GET"]}}],"collection":[{"href":"https:\/\/timintralog.com\/de\/wp-json\/wp\/v2\/pages"}],"about":[{"href":"https:\/\/timintralog.com\/de\/wp-json\/wp\/v2\/types\/page"}],"author":[{"embeddable":true,"href":"https:\/\/timintralog.com\/de\/wp-json\/wp\/v2\/users\/1"}],"replies":[{"embeddable":true,"href":"https:\/\/timintralog.com\/de\/wp-json\/wp\/v2\/comments?post=2617"}],"version-history":[{"count":8,"href":"https:\/\/timintralog.com\/de\/wp-json\/wp\/v2\/pages\/2617\/revisions"}],"predecessor-version":[{"id":5961,"href":"https:\/\/timintralog.com\/de\/wp-json\/wp\/v2\/pages\/2617\/revisions\/5961"}],"up":[{"embeddable":true,"href":"https:\/\/timintralog.com\/de\/wp-json\/wp\/v2\/pages\/2215"}],"wp:attachment":[{"href":"https:\/\/timintralog.com\/de\/wp-json\/wp\/v2\/media?parent=2617"}],"curies":[{"name":"wp","href":"https:\/\/api.w.org\/{rel}","templated":true}]}}