{"id":2627,"date":"2020-07-30T14:35:07","date_gmt":"2020-07-30T12:35:07","guid":{"rendered":"https:\/\/timintralog.com\/?page_id=2627"},"modified":"2025-01-16T17:18:51","modified_gmt":"2025-01-16T16:18:51","slug":"logistik-it","status":"publish","type":"page","link":"https:\/\/timintralog.com\/de\/leistungsfelder\/logistik-it\/","title":{"rendered":"Logistik-IT"},"content":{"rendered":"<p>[et_pb_section fb_built=&#8220;1&#8243; _builder_version=&#8220;4.16&#8243; _module_preset=&#8220;default&#8220; background_color=&#8220;rgba(0,0,0,0)&#8220; use_background_color_gradient=&#8220;on&#8220; background_color_gradient_direction=&#8220;110deg&#8220; background_color_gradient_stops=&#8220;rgba(238,238,239,0.85) 30%|rgba(0,0,0,0) 100%&#8220; background_color_gradient_overlays_image=&#8220;on&#8220; background_color_gradient_start=&#8220;rgba(238,238,239,0.85)&#8220; background_color_gradient_start_position=&#8220;30%&#8220; background_color_gradient_end=&#8220;rgba(0,0,0,0)&#8220; background_image=&#8220;https:\/\/timintralog.com\/wp-content\/uploads\/2020\/09\/header-logistik-it.jpg&#8220; custom_padding=&#8220;6vw||6vw||true|false&#8220; global_colors_info=&#8220;{}&#8220;][et_pb_row _builder_version=&#8220;4.16&#8243; _module_preset=&#8220;default&#8220; global_colors_info=&#8220;{}&#8220;][et_pb_column type=&#8220;4_4&#8243; _builder_version=&#8220;4.16&#8243; _module_preset=&#8220;default&#8220; global_colors_info=&#8220;{}&#8220;][et_pb_text _builder_version=&#8220;4.16&#8243; _module_preset=&#8220;default&#8220; custom_margin=&#8220;||||false|false&#8220; custom_padding=&#8220;||||false|false&#8220; global_colors_info=&#8220;{}&#8220;]<\/p>\n<h1>Intelligent verbinden<\/h1>\n<p>[\/et_pb_text][\/et_pb_column][\/et_pb_row][\/et_pb_section][et_pb_section fb_built=&#8220;1&#8243; _builder_version=&#8220;4.16&#8243; _module_preset=&#8220;default&#8220; custom_padding=&#8220;0px||0px||false|false&#8220; global_colors_info=&#8220;{}&#8220;][et_pb_row _builder_version=&#8220;4.16&#8243; _module_preset=&#8220;default&#8220; custom_padding=&#8220;20px||20px||true|false&#8220; global_colors_info=&#8220;{}&#8220;][et_pb_column type=&#8220;4_4&#8243; _builder_version=&#8220;4.16&#8243; _module_preset=&#8220;default&#8220; global_colors_info=&#8220;{}&#8220;][et_pb_text _builder_version=&#8220;4.5.6&#8243; _module_preset=&#8220;default&#8220; link_text_color=&#8220;#222222&#8243; global_module=&#8220;2466&#8243; saved_tabs=&#8220;all&#8220; global_colors_info=&#8220;{}&#8220; link_text_color__hover_enabled=&#8220;on|hover&#8220; link_text_color__hover=&#8220;#004b85&#8243;]<\/p>\n<span><span><a href=\"https:\/\/timintralog.com\/de\/\">Home<\/a><\/span><\/span>\n<p>[\/et_pb_text][\/et_pb_column][\/et_pb_row][\/et_pb_section][et_pb_section fb_built=&#8220;1&#8243; _builder_version=&#8220;4.16&#8243; _module_preset=&#8220;default&#8220; custom_padding=&#8220;0px||||false|false&#8220; global_colors_info=&#8220;{}&#8220;][et_pb_row column_structure=&#8220;2_3,1_3&#8243; use_custom_gutter=&#8220;on&#8220; gutter_width=&#8220;4&#8243; _builder_version=&#8220;4.16&#8243; _module_preset=&#8220;default&#8220; global_colors_info=&#8220;{}&#8220;][et_pb_column type=&#8220;2_3&#8243; _builder_version=&#8220;4.16&#8243; _module_preset=&#8220;default&#8220; global_colors_info=&#8220;{}&#8220;][et_pb_text _builder_version=&#8220;4.16&#8243; _module_preset=&#8220;default&#8220; global_colors_info=&#8220;{}&#8220;]<\/p>\n<h2>Logistik-IT<\/h2>\n<p><strong>Sind Ihre Lagerverwaltung und die Prozesssteuerung noch up-to-date? K\u00f6nnen Sie durch Anpassungen oder ein neues System die Produktivit\u00e4t Ihres Lagers deutlich steigern?<\/strong><\/p>\n<p>In unseren Lagerprojekten ist Logistik-IT immer ein zentraler Bestandteil. Als Logistikberatung haben wir im Laufe der Jahre ein fundiertes Wissen \u00fcber Lagerverwaltungssysteme (LVS) und Materialflusssteuerungssysteme (MFS) aufgebaut. Unabh\u00e4ngig von Herstellern und Softwareanbietern setzen wir dieses gerne zu Ihrem Nutzen ein.<\/p>\n<p>Wir analysieren Ihre Lagerprozesse und pr\u00fcfen, ob Ihre Logistik-IT optimal darauf ausgerichtet ist. Als Ergebnis zeigen wir Ihnen, wie sich durch Systemmodifikationen oder ein neues System Optimierungen im Lager realisieren lassen.<\/p>\n<p>Gemeinsam mit Ihnen entwickeln wir ein neues IT-Konzept f\u00fcr Ihre Logistik. Wir definieren Anforderungen an LVS und MFS. Hierbei ber\u00fccksichtigen wir Ihre Herausforderungen von morgen &amp; \u00fcbermorgen und passen die Prozesse darauf an. Im Zusammenspiel mit dem neuesten Stand der Technologie sichern wir Ihnen damit eine lange Nutzungsdauer der Systeme.<\/p>\n<p>Gerne treffen wir f\u00fcr Sie eine Vorauswahl passender Softwareanbieter, k\u00fcmmern uns um Ausschreibung &amp; Vergabe und unterst\u00fctzen Sie bei der Einf\u00fchrung bis zum stabilen Go-Live Ihres neuen Systems.<\/p>\n<p>Was wir im Einzelnen f\u00fcr Sie tun k\u00f6nnen:<\/p>\n<ul>\n<li>Zukunftsgerichtete IT-Konzepte<\/li>\n<li>Identifikation und Bewertung von Verbesserungspotenzialen<\/li>\n<li>Prozessgest\u00fctzte Spezifikation der IT Anforderungen<\/li>\n<li>Ausschreibung und Vergabe von LVS und MFS<\/li>\n<li>Begleitung der Erstellung von IT Pflichtenheften und Projektmanagement<\/li>\n<\/ul>\n<p><strong>Wir sind Ihr Partner f\u00fcr eine zukunftsorientierte Logistik-IT<\/strong><\/p>\n<p>[\/et_pb_text][\/et_pb_column][et_pb_column type=&#8220;1_3&#8243; _builder_version=&#8220;4.16&#8243; _module_preset=&#8220;default&#8220; global_colors_info=&#8220;{}&#8220;][et_pb_team_member name=&#8220;Nils Bernhard&#8220; position=&#8220;Gesch\u00e4ftsf\u00fchrer&#8220; image_url=&#8220;https:\/\/timintralog.com\/wp-content\/uploads\/2024\/03\/006-20231107-TIM-INTRALOG.-GmbH-IMG_4272Z-2000x1334px-72DPI.jpg&#8220; _builder_version=&#8220;4.24.2&#8243; _module_preset=&#8220;default&#8220; saved_tabs=&#8220;all&#8220; global_colors_info=&#8220;{}&#8220; global_module=&#8220;3147&#8243; theme_builder_area=&#8220;post_content&#8220;]<\/p>\n<p><a title=\"Mail Nils Bernhard\" href=\"mailto:n.bernhard@timintralog.com\">n.bernhard@timintralog.com<\/a><br \/><a title=\"Telefon Nils Bernhard\" href=\"tel:+4962115044895\">+49 (0) 621 150 448-95<\/a><br \/><a href=\"\/wp-content\/uploads\/2022\/04\/Nils-Bernhard.vcf\">Download Visitenkarte<\/a><\/p>\n<p>[\/et_pb_team_member][et_pb_button button_url=&#8220;mailto:n.bernhard@timintralog.com&#8220; button_text=&#8220;Jetzt Kontakt aufnehmen&#8220; button_alignment=&#8220;center&#8220; _builder_version=&#8220;4.27.4&#8243; _module_preset=&#8220;348f19b4-43c0-43f7-bba8-36c430caaa73&#8243; custom_margin=&#8220;0px||||false|false&#8220; hover_enabled=&#8220;0&#8243; global_colors_info=&#8220;{}&#8220; sticky_enabled=&#8220;0&#8243;][\/et_pb_button][\/et_pb_column][\/et_pb_row][\/et_pb_section]<\/p>\n","protected":false},"excerpt":{"rendered":"<p>Intelligent verbinden<span><span><a href=\"https:\/\/timintralog.com\/de\/\">Home<\/a><\/span><\/span> Logistik-IT Sind Ihre Lagerverwaltung und die Prozesssteuerung noch up-to-date? K\u00f6nnen Sie durch Anpassungen oder ein neues System die Produktivit\u00e4t Ihres Lagers deutlich steigern? In unseren Lagerprojekten ist Logistik-IT immer ein zentraler Bestandteil. Als Logistikberatung haben wir im Laufe der Jahre ein fundiertes Wissen \u00fcber Lagerverwaltungssysteme (LVS) und Materialflusssteuerungssysteme (MFS) aufgebaut. Unabh\u00e4ngig von Herstellern [&hellip;]<\/p>\n","protected":false},"author":1,"featured_media":0,"parent":2215,"menu_order":4,"comment_status":"closed","ping_status":"closed","template":"","meta":{"_et_pb_use_builder":"on","_et_pb_old_content":"","_et_gb_content_width":"","footnotes":""},"class_list":["post-2627","page","type-page","status-publish","hentry"],"yoast_head":"<!-- This site is optimized with the Yoast SEO plugin v27.4 - https:\/\/yoast.com\/product\/yoast-seo-wordpress\/ -->\n<title>Logistik-IT - Zukunftsgerichtete IT-Konzepte<\/title>\n<meta name=\"description\" content=\"Gemeinsam mit Ihnen entwickeln wir ein neues IT-Konzept f\u00fcr Ihre Logistik. Wir definieren Anforderungen an LVS und MFS.\" \/>\n<meta name=\"robots\" content=\"index, follow, max-snippet:-1, max-image-preview:large, max-video-preview:-1\" \/>\n<link rel=\"canonical\" href=\"https:\/\/timintralog.com\/de\/leistungsfelder\/logistik-it\/\" \/>\n<meta property=\"og:locale\" content=\"de_DE\" \/>\n<meta property=\"og:type\" content=\"article\" \/>\n<meta property=\"og:title\" content=\"Logistik-IT - Zukunftsgerichtete IT-Konzepte\" \/>\n<meta property=\"og:description\" content=\"Gemeinsam mit Ihnen entwickeln wir ein neues IT-Konzept f\u00fcr Ihre Logistik. Wir definieren Anforderungen an LVS und MFS.\" \/>\n<meta property=\"og:url\" content=\"https:\/\/timintralog.com\/de\/leistungsfelder\/logistik-it\/\" \/>\n<meta property=\"og:site_name\" content=\"TIM INTRALOG.\" \/>\n<meta property=\"article:modified_time\" content=\"2025-01-16T16:18:51+00:00\" \/>\n<meta name=\"twitter:card\" content=\"summary_large_image\" \/>\n<meta name=\"twitter:label1\" content=\"Gesch\u00e4tzte Lesezeit\" \/>\n\t<meta name=\"twitter:data1\" content=\"2\u00a0Minuten\" \/>\n<script type=\"application\/ld+json\" class=\"yoast-schema-graph\">{\"@context\":\"https:\\\/\\\/schema.org\",\"@graph\":[{\"@type\":\"WebPage\",\"@id\":\"https:\\\/\\\/timintralog.com\\\/de\\\/leistungsfelder\\\/logistik-it\\\/\",\"url\":\"https:\\\/\\\/timintralog.com\\\/de\\\/leistungsfelder\\\/logistik-it\\\/\",\"name\":\"Logistik-IT - Zukunftsgerichtete IT-Konzepte\",\"isPartOf\":{\"@id\":\"https:\\\/\\\/timintralog.com\\\/de\\\/#website\"},\"datePublished\":\"2020-07-30T12:35:07+00:00\",\"dateModified\":\"2025-01-16T16:18:51+00:00\",\"description\":\"Gemeinsam mit Ihnen entwickeln wir ein neues IT-Konzept f\u00fcr Ihre Logistik. Wir definieren Anforderungen an LVS und MFS.\",\"breadcrumb\":{\"@id\":\"https:\\\/\\\/timintralog.com\\\/de\\\/leistungsfelder\\\/logistik-it\\\/#breadcrumb\"},\"inLanguage\":\"de\",\"potentialAction\":[{\"@type\":\"ReadAction\",\"target\":[\"https:\\\/\\\/timintralog.com\\\/de\\\/leistungsfelder\\\/logistik-it\\\/\"]}]},{\"@type\":\"BreadcrumbList\",\"@id\":\"https:\\\/\\\/timintralog.com\\\/de\\\/leistungsfelder\\\/logistik-it\\\/#breadcrumb\",\"itemListElement\":[{\"@type\":\"ListItem\",\"position\":1,\"name\":\"Home\",\"item\":\"https:\\\/\\\/timintralog.com\\\/de\\\/\"},{\"@type\":\"ListItem\",\"position\":2,\"name\":\"Leistungsfelder\",\"item\":\"https:\\\/\\\/timintralog.com\\\/de\\\/leistungsfelder\\\/\"},{\"@type\":\"ListItem\",\"position\":3,\"name\":\"Logistik-IT\"}]},{\"@type\":\"WebSite\",\"@id\":\"https:\\\/\\\/timintralog.com\\\/de\\\/#website\",\"url\":\"https:\\\/\\\/timintralog.com\\\/de\\\/\",\"name\":\"TIM INTRALOG.\",\"description\":\"Lager- und Intralogistik Beratung\",\"publisher\":{\"@id\":\"https:\\\/\\\/timintralog.com\\\/de\\\/#organization\"},\"potentialAction\":[{\"@type\":\"SearchAction\",\"target\":{\"@type\":\"EntryPoint\",\"urlTemplate\":\"https:\\\/\\\/timintralog.com\\\/de\\\/?s={search_term_string}\"},\"query-input\":{\"@type\":\"PropertyValueSpecification\",\"valueRequired\":true,\"valueName\":\"search_term_string\"}}],\"inLanguage\":\"de\"},{\"@type\":\"Organization\",\"@id\":\"https:\\\/\\\/timintralog.com\\\/de\\\/#organization\",\"name\":\"TIM INTRALOG.\",\"url\":\"https:\\\/\\\/timintralog.com\\\/de\\\/\",\"logo\":{\"@type\":\"ImageObject\",\"inLanguage\":\"de\",\"@id\":\"https:\\\/\\\/timintralog.com\\\/de\\\/#\\\/schema\\\/logo\\\/image\\\/\",\"url\":\"https:\\\/\\\/timintralog.com\\\/wp-content\\\/uploads\\\/2020\\\/02\\\/logo.svg\",\"contentUrl\":\"https:\\\/\\\/timintralog.com\\\/wp-content\\\/uploads\\\/2020\\\/02\\\/logo.svg\",\"width\":552,\"height\":81,\"caption\":\"TIM INTRALOG.\"},\"image\":{\"@id\":\"https:\\\/\\\/timintralog.com\\\/de\\\/#\\\/schema\\\/logo\\\/image\\\/\"}}]}<\/script>\n<!-- \/ Yoast SEO plugin. -->","yoast_head_json":{"title":"Logistik-IT - Zukunftsgerichtete IT-Konzepte","description":"Gemeinsam mit Ihnen entwickeln wir ein neues IT-Konzept f\u00fcr Ihre Logistik. Wir definieren Anforderungen an LVS und MFS.","robots":{"index":"index","follow":"follow","max-snippet":"max-snippet:-1","max-image-preview":"max-image-preview:large","max-video-preview":"max-video-preview:-1"},"canonical":"https:\/\/timintralog.com\/de\/leistungsfelder\/logistik-it\/","og_locale":"de_DE","og_type":"article","og_title":"Logistik-IT - Zukunftsgerichtete IT-Konzepte","og_description":"Gemeinsam mit Ihnen entwickeln wir ein neues IT-Konzept f\u00fcr Ihre Logistik. Wir definieren Anforderungen an LVS und MFS.","og_url":"https:\/\/timintralog.com\/de\/leistungsfelder\/logistik-it\/","og_site_name":"TIM INTRALOG.","article_modified_time":"2025-01-16T16:18:51+00:00","twitter_card":"summary_large_image","twitter_misc":{"Gesch\u00e4tzte Lesezeit":"2\u00a0Minuten"},"schema":{"@context":"https:\/\/schema.org","@graph":[{"@type":"WebPage","@id":"https:\/\/timintralog.com\/de\/leistungsfelder\/logistik-it\/","url":"https:\/\/timintralog.com\/de\/leistungsfelder\/logistik-it\/","name":"Logistik-IT - Zukunftsgerichtete IT-Konzepte","isPartOf":{"@id":"https:\/\/timintralog.com\/de\/#website"},"datePublished":"2020-07-30T12:35:07+00:00","dateModified":"2025-01-16T16:18:51+00:00","description":"Gemeinsam mit Ihnen entwickeln wir ein neues IT-Konzept f\u00fcr Ihre Logistik. Wir definieren Anforderungen an LVS und MFS.","breadcrumb":{"@id":"https:\/\/timintralog.com\/de\/leistungsfelder\/logistik-it\/#breadcrumb"},"inLanguage":"de","potentialAction":[{"@type":"ReadAction","target":["https:\/\/timintralog.com\/de\/leistungsfelder\/logistik-it\/"]}]},{"@type":"BreadcrumbList","@id":"https:\/\/timintralog.com\/de\/leistungsfelder\/logistik-it\/#breadcrumb","itemListElement":[{"@type":"ListItem","position":1,"name":"Home","item":"https:\/\/timintralog.com\/de\/"},{"@type":"ListItem","position":2,"name":"Leistungsfelder","item":"https:\/\/timintralog.com\/de\/leistungsfelder\/"},{"@type":"ListItem","position":3,"name":"Logistik-IT"}]},{"@type":"WebSite","@id":"https:\/\/timintralog.com\/de\/#website","url":"https:\/\/timintralog.com\/de\/","name":"TIM INTRALOG.","description":"Lager- und Intralogistik Beratung","publisher":{"@id":"https:\/\/timintralog.com\/de\/#organization"},"potentialAction":[{"@type":"SearchAction","target":{"@type":"EntryPoint","urlTemplate":"https:\/\/timintralog.com\/de\/?s={search_term_string}"},"query-input":{"@type":"PropertyValueSpecification","valueRequired":true,"valueName":"search_term_string"}}],"inLanguage":"de"},{"@type":"Organization","@id":"https:\/\/timintralog.com\/de\/#organization","name":"TIM INTRALOG.","url":"https:\/\/timintralog.com\/de\/","logo":{"@type":"ImageObject","inLanguage":"de","@id":"https:\/\/timintralog.com\/de\/#\/schema\/logo\/image\/","url":"https:\/\/timintralog.com\/wp-content\/uploads\/2020\/02\/logo.svg","contentUrl":"https:\/\/timintralog.com\/wp-content\/uploads\/2020\/02\/logo.svg","width":552,"height":81,"caption":"TIM INTRALOG."},"image":{"@id":"https:\/\/timintralog.com\/de\/#\/schema\/logo\/image\/"}}]}},"_links":{"self":[{"href":"https:\/\/timintralog.com\/de\/wp-json\/wp\/v2\/pages\/2627","targetHints":{"allow":["GET"]}}],"collection":[{"href":"https:\/\/timintralog.com\/de\/wp-json\/wp\/v2\/pages"}],"about":[{"href":"https:\/\/timintralog.com\/de\/wp-json\/wp\/v2\/types\/page"}],"author":[{"embeddable":true,"href":"https:\/\/timintralog.com\/de\/wp-json\/wp\/v2\/users\/1"}],"replies":[{"embeddable":true,"href":"https:\/\/timintralog.com\/de\/wp-json\/wp\/v2\/comments?post=2627"}],"version-history":[{"count":5,"href":"https:\/\/timintralog.com\/de\/wp-json\/wp\/v2\/pages\/2627\/revisions"}],"predecessor-version":[{"id":5941,"href":"https:\/\/timintralog.com\/de\/wp-json\/wp\/v2\/pages\/2627\/revisions\/5941"}],"up":[{"embeddable":true,"href":"https:\/\/timintralog.com\/de\/wp-json\/wp\/v2\/pages\/2215"}],"wp:attachment":[{"href":"https:\/\/timintralog.com\/de\/wp-json\/wp\/v2\/media?parent=2627"}],"curies":[{"name":"wp","href":"https:\/\/api.w.org\/{rel}","templated":true}]}}