{"id":2811,"date":"2020-08-03T16:19:34","date_gmt":"2020-08-03T14:19:34","guid":{"rendered":"https:\/\/timintralog.com\/?page_id=2811"},"modified":"2024-03-12T13:56:07","modified_gmt":"2024-03-12T12:56:07","slug":"detailplanung","status":"publish","type":"page","link":"https:\/\/timintralog.com\/de\/leistungsfelder\/planung-und-realisierung\/detailplanung\/","title":{"rendered":"Detailplanung"},"content":{"rendered":"<p>[et_pb_section fb_built=&#8220;1&#8243; _builder_version=&#8220;4.16&#8243; _module_preset=&#8220;default&#8220; background_color=&#8220;rgba(0,0,0,0)&#8220; use_background_color_gradient=&#8220;on&#8220; background_color_gradient_direction=&#8220;110deg&#8220; background_color_gradient_stops=&#8220;rgba(238,238,239,0.85) 30%|rgba(0,0,0,0) 100%&#8220; background_color_gradient_overlays_image=&#8220;on&#8220; background_color_gradient_start=&#8220;rgba(238,238,239,0.85)&#8220; background_color_gradient_start_position=&#8220;30%&#8220; background_color_gradient_end=&#8220;rgba(0,0,0,0)&#8220; background_image=&#8220;https:\/\/timintralog.com\/wp-content\/uploads\/2020\/09\/header-detailplanung.jpg&#8220; custom_padding=&#8220;6vw||6vw||true|false&#8220; global_colors_info=&#8220;{}&#8220;][et_pb_row _builder_version=&#8220;4.16&#8243; _module_preset=&#8220;default&#8220; global_colors_info=&#8220;{}&#8220;][et_pb_column type=&#8220;4_4&#8243; _builder_version=&#8220;4.16&#8243; _module_preset=&#8220;default&#8220; global_colors_info=&#8220;{}&#8220;][et_pb_text _builder_version=&#8220;4.16&#8243; _module_preset=&#8220;default&#8220; width=&#8220;70%&#8220; max_width_last_edited=&#8220;off|tablet&#8220; custom_margin=&#8220;||||false|false&#8220; custom_padding=&#8220;||||false|false&#8220; global_colors_info=&#8220;{}&#8220;]<\/p>\n<h1>Im Detail liegt die St\u00e4rke<\/h1>\n<p>[\/et_pb_text][\/et_pb_column][\/et_pb_row][\/et_pb_section][et_pb_section fb_built=&#8220;1&#8243; _builder_version=&#8220;4.16&#8243; _module_preset=&#8220;default&#8220; custom_padding=&#8220;0px||0px||false|false&#8220; global_colors_info=&#8220;{}&#8220;][et_pb_row _builder_version=&#8220;4.16&#8243; _module_preset=&#8220;default&#8220; custom_padding=&#8220;20px||20px||true|false&#8220; global_colors_info=&#8220;{}&#8220;][et_pb_column type=&#8220;4_4&#8243; _builder_version=&#8220;4.16&#8243; _module_preset=&#8220;default&#8220; global_colors_info=&#8220;{}&#8220;][et_pb_text _builder_version=&#8220;4.5.6&#8243; _module_preset=&#8220;default&#8220; link_text_color=&#8220;#222222&#8243; global_module=&#8220;2466&#8243; saved_tabs=&#8220;all&#8220; global_colors_info=&#8220;{}&#8220; link_text_color__hover_enabled=&#8220;on|hover&#8220; link_text_color__hover=&#8220;#004b85&#8243;]<\/p>\n<span><span><a href=\"https:\/\/timintralog.com\/de\/\">Home<\/a><\/span><\/span>\n<p>[\/et_pb_text][\/et_pb_column][\/et_pb_row][\/et_pb_section][et_pb_section fb_built=&#8220;1&#8243; _builder_version=&#8220;4.16&#8243; _module_preset=&#8220;default&#8220; custom_padding=&#8220;0px||||false|false&#8220; global_colors_info=&#8220;{}&#8220;][et_pb_row column_structure=&#8220;2_3,1_3&#8243; use_custom_gutter=&#8220;on&#8220; gutter_width=&#8220;4&#8243; _builder_version=&#8220;4.16&#8243; _module_preset=&#8220;default&#8220; global_colors_info=&#8220;{}&#8220;][et_pb_column type=&#8220;2_3&#8243; _builder_version=&#8220;4.16&#8243; _module_preset=&#8220;default&#8220; global_colors_info=&#8220;{}&#8220;][et_pb_text _builder_version=&#8220;4.16&#8243; _module_preset=&#8220;default&#8220; global_colors_info=&#8220;{}&#8220;]<\/p>\n<h2>Detailplanung<\/h2>\n<p>Generelle Prozesse und Techniken sind ausgew\u00e4hlt, Dimension und Lage des Lagers entschieden, Budgets freigegeben \u2013 nun geht es an die Vertiefung des Konzeptes und die Erarbeitung der Details.<\/p>\n<p>Unter intensiver Nutzung und Einbringung unserer Realisierungsexpertise verfeinern wir gemeinsam mit Ihnen das Konzept und schaffen so die Basis f\u00fcr eine marktorientierte Ausschreibung.<\/p>\n<p>In der Detailplanung \u00fcberpr\u00fcfen wir getroffene Annahmen und konkretisieren die Anforderungen. Die weiter detaillierten Prozesse werden Basis der Lastenhefte f\u00fcr die Logistik-IT. Die Arbeitsplatzgestaltung wird auf Ergonomie getrimmt und in Testaufbauten erprobt. Wir betrachten brandschutz- und bauseitige Aspekte im Detail und definieren notwendige Anpassungen mit den Partnern der entsprechenden Gewerke. Gemeinsam mit Ihnen stimmen wir uns mit Beh\u00f6rden, Versicherungen und weiteren Partnern ab. Mit dem erstellten Detailkonzept sind Sie sicher, dass die vorgeschlagene L\u00f6sung f\u00fcr alle Projektpartner umsetzbar ist. Sie k\u00f6nnen bestens vorbereitet in die anstehenden Ausschreibungen gehen.<\/p>\n<p><strong>Ihr Nutzen<\/strong><\/p>\n<ul>\n<li>Ausschreibungsreifes Konzept<\/li>\n<li>Abgestimmte Schnittstellen zu weiteren Gewerken (u.a. Bau und IT)<\/li>\n<li>Hohe Planungssicherheit<\/li>\n<\/ul>\n<p>[\/et_pb_text][\/et_pb_column][et_pb_column type=&#8220;1_3&#8243; _builder_version=&#8220;4.16&#8243; _module_preset=&#8220;default&#8220; global_colors_info=&#8220;{}&#8220;][et_pb_team_member name=&#8220;Inga Frerkers&#8220; position=&#8220;Project Manager&#8220; image_url=&#8220;https:\/\/timintralog.com\/wp-content\/uploads\/2024\/03\/012-20231107-TIM-INTRALOG.-GmbH-IMG_2440Z-2000x1334px-72DPI.jpg&#8220; _builder_version=&#8220;4.24.2&#8243; _module_preset=&#8220;default&#8220; saved_tabs=&#8220;all&#8220; global_colors_info=&#8220;{}&#8220;]<a title=\"Mail Inga Frerkers\" href=\"mailto:i.frerkers@timintralog.com\">i.frerkers@timintralog.com<\/a><br \/>\n<a title=\"Telefon Inga Frerkers\" href=\"tel:+49621490855-15\">+49 (0)621 490855-15<\/a>[\/et_pb_team_member][et_pb_button button_url=&#8220;mailto:i.frerkers@timintralog.com&#8220; button_text=&#8220;Jetzt Kontakt aufnehmen&#8220; button_alignment=&#8220;center&#8220; _builder_version=&#8220;4.24.2&#8243; _module_preset=&#8220;348f19b4-43c0-43f7-bba8-36c430caaa73&#8243; custom_margin=&#8220;0px||||false|false&#8220; hover_enabled=&#8220;0&#8243; global_colors_info=&#8220;{}&#8220; sticky_enabled=&#8220;0&#8243;][\/et_pb_button][\/et_pb_column][\/et_pb_row][\/et_pb_section]<\/p>\n","protected":false},"excerpt":{"rendered":"<p>Im Detail liegt die St\u00e4rke<span><span><a href=\"https:\/\/timintralog.com\/de\/\">Home<\/a><\/span><\/span> Detailplanung Generelle Prozesse und Techniken sind ausgew\u00e4hlt, Dimension und Lage des Lagers entschieden, Budgets freigegeben \u2013 nun geht es an die Vertiefung des Konzeptes und die Erarbeitung der Details. Unter intensiver Nutzung und Einbringung unserer Realisierungsexpertise verfeinern wir gemeinsam mit Ihnen das Konzept und schaffen so die Basis f\u00fcr eine [&hellip;]<\/p>\n","protected":false},"author":1,"featured_media":0,"parent":2621,"menu_order":2,"comment_status":"closed","ping_status":"closed","template":"","meta":{"_et_pb_use_builder":"on","_et_pb_old_content":"","_et_gb_content_width":"","footnotes":""},"class_list":["post-2811","page","type-page","status-publish","hentry"],"yoast_head":"<!-- This site is optimized with the Yoast SEO plugin v27.5 - https:\/\/yoast.com\/product\/yoast-seo-wordpress\/ -->\n<title>Detailplanung - Hohe Planungssicherheit<\/title>\n<meta name=\"description\" content=\"In der Detailplanung \u00fcberpr\u00fcfen wir getroffene Annahmen und konkretisieren die Anforderungen f\u00fcr eine marktorientierte Ausschreibung.\" \/>\n<meta name=\"robots\" content=\"index, follow, max-snippet:-1, max-image-preview:large, max-video-preview:-1\" \/>\n<link rel=\"canonical\" href=\"https:\/\/timintralog.com\/de\/leistungsfelder\/planung-und-realisierung\/detailplanung\/\" \/>\n<meta property=\"og:locale\" content=\"de_DE\" \/>\n<meta property=\"og:type\" content=\"article\" \/>\n<meta property=\"og:title\" content=\"Detailplanung - Hohe Planungssicherheit\" \/>\n<meta property=\"og:description\" content=\"In der Detailplanung \u00fcberpr\u00fcfen wir getroffene Annahmen und konkretisieren die Anforderungen f\u00fcr eine marktorientierte Ausschreibung.\" \/>\n<meta property=\"og:url\" content=\"https:\/\/timintralog.com\/de\/leistungsfelder\/planung-und-realisierung\/detailplanung\/\" \/>\n<meta property=\"og:site_name\" content=\"TIM INTRALOG.\" \/>\n<meta property=\"article:modified_time\" content=\"2024-03-12T12:56:07+00:00\" \/>\n<meta name=\"twitter:card\" content=\"summary_large_image\" \/>\n<meta name=\"twitter:label1\" content=\"Gesch\u00e4tzte Lesezeit\" \/>\n\t<meta name=\"twitter:data1\" content=\"3\u00a0Minuten\" \/>\n<script type=\"application\/ld+json\" class=\"yoast-schema-graph\">{\"@context\":\"https:\\\/\\\/schema.org\",\"@graph\":[{\"@type\":\"WebPage\",\"@id\":\"https:\\\/\\\/timintralog.com\\\/de\\\/leistungsfelder\\\/planung-und-realisierung\\\/detailplanung\\\/\",\"url\":\"https:\\\/\\\/timintralog.com\\\/de\\\/leistungsfelder\\\/planung-und-realisierung\\\/detailplanung\\\/\",\"name\":\"Detailplanung - Hohe Planungssicherheit\",\"isPartOf\":{\"@id\":\"https:\\\/\\\/timintralog.com\\\/de\\\/#website\"},\"datePublished\":\"2020-08-03T14:19:34+00:00\",\"dateModified\":\"2024-03-12T12:56:07+00:00\",\"description\":\"In der Detailplanung \u00fcberpr\u00fcfen wir getroffene Annahmen und konkretisieren die Anforderungen f\u00fcr eine marktorientierte Ausschreibung.\",\"breadcrumb\":{\"@id\":\"https:\\\/\\\/timintralog.com\\\/de\\\/leistungsfelder\\\/planung-und-realisierung\\\/detailplanung\\\/#breadcrumb\"},\"inLanguage\":\"de\",\"potentialAction\":[{\"@type\":\"ReadAction\",\"target\":[\"https:\\\/\\\/timintralog.com\\\/de\\\/leistungsfelder\\\/planung-und-realisierung\\\/detailplanung\\\/\"]}]},{\"@type\":\"BreadcrumbList\",\"@id\":\"https:\\\/\\\/timintralog.com\\\/de\\\/leistungsfelder\\\/planung-und-realisierung\\\/detailplanung\\\/#breadcrumb\",\"itemListElement\":[{\"@type\":\"ListItem\",\"position\":1,\"name\":\"Home\",\"item\":\"https:\\\/\\\/timintralog.com\\\/de\\\/\"},{\"@type\":\"ListItem\",\"position\":2,\"name\":\"Leistungsfelder\",\"item\":\"https:\\\/\\\/timintralog.com\\\/de\\\/leistungsfelder\\\/\"},{\"@type\":\"ListItem\",\"position\":3,\"name\":\"Planung &#038; Realisierung\",\"item\":\"https:\\\/\\\/timintralog.com\\\/de\\\/leistungsfelder\\\/planung-und-realisierung\\\/\"},{\"@type\":\"ListItem\",\"position\":4,\"name\":\"Detailplanung\"}]},{\"@type\":\"WebSite\",\"@id\":\"https:\\\/\\\/timintralog.com\\\/de\\\/#website\",\"url\":\"https:\\\/\\\/timintralog.com\\\/de\\\/\",\"name\":\"TIM INTRALOG.\",\"description\":\"Lager- und Intralogistik Beratung\",\"publisher\":{\"@id\":\"https:\\\/\\\/timintralog.com\\\/de\\\/#organization\"},\"potentialAction\":[{\"@type\":\"SearchAction\",\"target\":{\"@type\":\"EntryPoint\",\"urlTemplate\":\"https:\\\/\\\/timintralog.com\\\/de\\\/?s={search_term_string}\"},\"query-input\":{\"@type\":\"PropertyValueSpecification\",\"valueRequired\":true,\"valueName\":\"search_term_string\"}}],\"inLanguage\":\"de\"},{\"@type\":\"Organization\",\"@id\":\"https:\\\/\\\/timintralog.com\\\/de\\\/#organization\",\"name\":\"TIM INTRALOG.\",\"url\":\"https:\\\/\\\/timintralog.com\\\/de\\\/\",\"logo\":{\"@type\":\"ImageObject\",\"inLanguage\":\"de\",\"@id\":\"https:\\\/\\\/timintralog.com\\\/de\\\/#\\\/schema\\\/logo\\\/image\\\/\",\"url\":\"https:\\\/\\\/timintralog.com\\\/wp-content\\\/uploads\\\/2020\\\/02\\\/logo.svg\",\"contentUrl\":\"https:\\\/\\\/timintralog.com\\\/wp-content\\\/uploads\\\/2020\\\/02\\\/logo.svg\",\"width\":552,\"height\":81,\"caption\":\"TIM INTRALOG.\"},\"image\":{\"@id\":\"https:\\\/\\\/timintralog.com\\\/de\\\/#\\\/schema\\\/logo\\\/image\\\/\"}}]}<\/script>\n<!-- \/ Yoast SEO plugin. -->","yoast_head_json":{"title":"Detailplanung - Hohe Planungssicherheit","description":"In der Detailplanung \u00fcberpr\u00fcfen wir getroffene Annahmen und konkretisieren die Anforderungen f\u00fcr eine marktorientierte Ausschreibung.","robots":{"index":"index","follow":"follow","max-snippet":"max-snippet:-1","max-image-preview":"max-image-preview:large","max-video-preview":"max-video-preview:-1"},"canonical":"https:\/\/timintralog.com\/de\/leistungsfelder\/planung-und-realisierung\/detailplanung\/","og_locale":"de_DE","og_type":"article","og_title":"Detailplanung - Hohe Planungssicherheit","og_description":"In der Detailplanung \u00fcberpr\u00fcfen wir getroffene Annahmen und konkretisieren die Anforderungen f\u00fcr eine marktorientierte Ausschreibung.","og_url":"https:\/\/timintralog.com\/de\/leistungsfelder\/planung-und-realisierung\/detailplanung\/","og_site_name":"TIM INTRALOG.","article_modified_time":"2024-03-12T12:56:07+00:00","twitter_card":"summary_large_image","twitter_misc":{"Gesch\u00e4tzte Lesezeit":"3\u00a0Minuten"},"schema":{"@context":"https:\/\/schema.org","@graph":[{"@type":"WebPage","@id":"https:\/\/timintralog.com\/de\/leistungsfelder\/planung-und-realisierung\/detailplanung\/","url":"https:\/\/timintralog.com\/de\/leistungsfelder\/planung-und-realisierung\/detailplanung\/","name":"Detailplanung - Hohe Planungssicherheit","isPartOf":{"@id":"https:\/\/timintralog.com\/de\/#website"},"datePublished":"2020-08-03T14:19:34+00:00","dateModified":"2024-03-12T12:56:07+00:00","description":"In der Detailplanung \u00fcberpr\u00fcfen wir getroffene Annahmen und konkretisieren die Anforderungen f\u00fcr eine marktorientierte Ausschreibung.","breadcrumb":{"@id":"https:\/\/timintralog.com\/de\/leistungsfelder\/planung-und-realisierung\/detailplanung\/#breadcrumb"},"inLanguage":"de","potentialAction":[{"@type":"ReadAction","target":["https:\/\/timintralog.com\/de\/leistungsfelder\/planung-und-realisierung\/detailplanung\/"]}]},{"@type":"BreadcrumbList","@id":"https:\/\/timintralog.com\/de\/leistungsfelder\/planung-und-realisierung\/detailplanung\/#breadcrumb","itemListElement":[{"@type":"ListItem","position":1,"name":"Home","item":"https:\/\/timintralog.com\/de\/"},{"@type":"ListItem","position":2,"name":"Leistungsfelder","item":"https:\/\/timintralog.com\/de\/leistungsfelder\/"},{"@type":"ListItem","position":3,"name":"Planung &#038; Realisierung","item":"https:\/\/timintralog.com\/de\/leistungsfelder\/planung-und-realisierung\/"},{"@type":"ListItem","position":4,"name":"Detailplanung"}]},{"@type":"WebSite","@id":"https:\/\/timintralog.com\/de\/#website","url":"https:\/\/timintralog.com\/de\/","name":"TIM INTRALOG.","description":"Lager- und Intralogistik Beratung","publisher":{"@id":"https:\/\/timintralog.com\/de\/#organization"},"potentialAction":[{"@type":"SearchAction","target":{"@type":"EntryPoint","urlTemplate":"https:\/\/timintralog.com\/de\/?s={search_term_string}"},"query-input":{"@type":"PropertyValueSpecification","valueRequired":true,"valueName":"search_term_string"}}],"inLanguage":"de"},{"@type":"Organization","@id":"https:\/\/timintralog.com\/de\/#organization","name":"TIM INTRALOG.","url":"https:\/\/timintralog.com\/de\/","logo":{"@type":"ImageObject","inLanguage":"de","@id":"https:\/\/timintralog.com\/de\/#\/schema\/logo\/image\/","url":"https:\/\/timintralog.com\/wp-content\/uploads\/2020\/02\/logo.svg","contentUrl":"https:\/\/timintralog.com\/wp-content\/uploads\/2020\/02\/logo.svg","width":552,"height":81,"caption":"TIM INTRALOG."},"image":{"@id":"https:\/\/timintralog.com\/de\/#\/schema\/logo\/image\/"}}]}},"_links":{"self":[{"href":"https:\/\/timintralog.com\/de\/wp-json\/wp\/v2\/pages\/2811","targetHints":{"allow":["GET"]}}],"collection":[{"href":"https:\/\/timintralog.com\/de\/wp-json\/wp\/v2\/pages"}],"about":[{"href":"https:\/\/timintralog.com\/de\/wp-json\/wp\/v2\/types\/page"}],"author":[{"embeddable":true,"href":"https:\/\/timintralog.com\/de\/wp-json\/wp\/v2\/users\/1"}],"replies":[{"embeddable":true,"href":"https:\/\/timintralog.com\/de\/wp-json\/wp\/v2\/comments?post=2811"}],"version-history":[{"count":3,"href":"https:\/\/timintralog.com\/de\/wp-json\/wp\/v2\/pages\/2811\/revisions"}],"predecessor-version":[{"id":5885,"href":"https:\/\/timintralog.com\/de\/wp-json\/wp\/v2\/pages\/2811\/revisions\/5885"}],"up":[{"embeddable":true,"href":"https:\/\/timintralog.com\/de\/wp-json\/wp\/v2\/pages\/2621"}],"wp:attachment":[{"href":"https:\/\/timintralog.com\/de\/wp-json\/wp\/v2\/media?parent=2811"}],"curies":[{"name":"wp","href":"https:\/\/api.w.org\/{rel}","templated":true}]}}