{"id":2813,"date":"2020-08-03T16:20:02","date_gmt":"2020-08-03T14:20:02","guid":{"rendered":"https:\/\/timintralog.com\/?page_id=2813"},"modified":"2020-09-15T09:30:50","modified_gmt":"2020-09-15T07:30:50","slug":"simulation","status":"publish","type":"page","link":"https:\/\/timintralog.com\/de\/leistungsfelder\/planung-und-realisierung\/simulation\/","title":{"rendered":"Simulation"},"content":{"rendered":"<p>[et_pb_section fb_built=&#8220;1&#8243; _builder_version=&#8220;4.6.1&#8243; _module_preset=&#8220;default&#8220; background_color=&#8220;rgba(0,0,0,0)&#8220; use_background_color_gradient=&#8220;on&#8220; background_color_gradient_start=&#8220;rgba(238,238,239,0.85)&#8220; background_color_gradient_end=&#8220;rgba(0,0,0,0)&#8220; background_color_gradient_direction=&#8220;110deg&#8220; background_color_gradient_start_position=&#8220;30%&#8220; background_color_gradient_overlays_image=&#8220;on&#8220; background_image=&#8220;https:\/\/timintralog.com\/wp-content\/uploads\/2020\/02\/TIM-INTRALOG_Ru\u0308ckwand_1zu1_4462x3000_JFH-V2.png&#8220; custom_padding=&#8220;6vw||6vw||true|false&#8220;][et_pb_row _builder_version=&#8220;4.5.1&#8243; _module_preset=&#8220;default&#8220;][et_pb_column type=&#8220;4_4&#8243; _builder_version=&#8220;4.5.1&#8243; _module_preset=&#8220;default&#8220;][et_pb_text _builder_version=&#8220;4.5.1&#8243; _module_preset=&#8220;default&#8220; width=&#8220;70%&#8220; max_width_last_edited=&#8220;off|tablet&#8220; custom_margin=&#8220;||||false|false&#8220; custom_padding=&#8220;||||false|false&#8220;]<\/p>\n<h1>Ihr Lager auf dem Pr\u00fcfstand<\/h1>\n<p>[\/et_pb_text][\/et_pb_column][\/et_pb_row][\/et_pb_section][et_pb_section fb_built=&#8220;1&#8243; _builder_version=&#8220;4.5.1&#8243; _module_preset=&#8220;default&#8220; custom_padding=&#8220;0px||0px||false|false&#8220;][et_pb_row _builder_version=&#8220;4.5.1&#8243; _module_preset=&#8220;default&#8220; custom_padding=&#8220;20px||20px||true|false&#8220;][et_pb_column type=&#8220;4_4&#8243; _builder_version=&#8220;4.5.1&#8243; _module_preset=&#8220;default&#8220;][et_pb_text _builder_version=&#8220;4.5.6&#8243; _module_preset=&#8220;default&#8220; link_text_color=&#8220;#222222&#8243; global_module=&#8220;2466&#8243; saved_tabs=&#8220;all&#8220; link_text_color__hover_enabled=&#8220;on|hover&#8220; link_text_color__hover=&#8220;#004b85&#8243;]<\/p>\n<span><span><a href=\"https:\/\/timintralog.com\/de\/\">Home<\/a><\/span><\/span>\n<p>[\/et_pb_text][\/et_pb_column][\/et_pb_row][\/et_pb_section][et_pb_section fb_built=&#8220;1&#8243; _builder_version=&#8220;4.5.1&#8243; _module_preset=&#8220;default&#8220; custom_padding=&#8220;0px||||false|false&#8220;][et_pb_row column_structure=&#8220;2_3,1_3&#8243; use_custom_gutter=&#8220;on&#8220; gutter_width=&#8220;4&#8243; _builder_version=&#8220;4.5.1&#8243; _module_preset=&#8220;default&#8220;][et_pb_column type=&#8220;2_3&#8243; _builder_version=&#8220;4.5.1&#8243; _module_preset=&#8220;default&#8220;][et_pb_text _builder_version=&#8220;4.5.1&#8243; _module_preset=&#8220;default&#8220;]<\/p>\n<h2>Simulation<\/h2>\n<p>Komplexe Materialfl\u00fcsse und Bestandseffekte lassen sich mit statischen Berechnungen nicht zu 100% abbilden.<\/p>\n<p>Bei komplexen Lagerprojekten setzen wir daher Simulationen ein. So k\u00f6nnen wir die angedachten Prozesse dynamisch abbilden, Prozessst\u00f6rungen bzw. kritische Bereiche fr\u00fchzeitig erkennen und bereits in der Planungsphase ausschlie\u00dfen.<\/p>\n<p>Auf Basis Ihrer Anforderungen sowie den Ergebnissen aus der Detailplanung simulieren wir Ihren zuk\u00fcnftigen Lagerbetrieb. In verschiedenen Modellen \u00fcberpr\u00fcfen wir Materialfl\u00fcsse und unterschiedliche Steuerungslogiken. Hierbei stellen wir die geplante Lager- und Materialflusstechnik noch einmal auf den Pr\u00fcfstand und identifizieren Engp\u00e4sse.<\/p>\n<p>Im Rahmen der Simulationsl\u00e4ufe passen wir Materialfl\u00fcsse, Prozesse oder Steuerungslogiken teilweise an. So haben Sie noch mehr Sicherheit, dass die ausgearbeitete Planung Ihren zuk\u00fcnftigen Anforderungen entspricht und Sie k\u00f6nnen erste Erfahrungen mit der Steuerung Ihrer Anlage machen.<\/p>\n<p><strong>Ihr Nutzen<\/strong><\/p>\n<ul>\n<li>Verifizierte Steuerungslogiken f\u00fcr den Materialfluss<\/li>\n<li>Validierte Leistungsf\u00e4higkeit der Anlage<\/li>\n<li>Gepr\u00fcfte Sensitivit\u00e4t der Anlage gegen\u00fcber strukturellen Schwankungen<\/li>\n<li>Fr\u00fchzeitig Engp\u00e4sse erkennen und beseitigen<\/li>\n<li>Hohe Planungssicherheit<\/li>\n<\/ul>\n<p>[\/et_pb_text][\/et_pb_column][et_pb_column type=&#8220;1_3&#8243; _builder_version=&#8220;4.5.1&#8243; _module_preset=&#8220;default&#8220;][et_pb_team_member name=&#8220;Nils Bernhard&#8220; position=&#8220;Bereichsleiter Lagerlogistik&#8220; image_url=&#8220;https:\/\/timintralog.com\/wp-content\/uploads\/2020\/07\/niels-bernhard-ansprechpartner.png&#8220; _builder_version=&#8220;4.6.1&#8243; _module_preset=&#8220;default&#8220; global_module=&#8220;3147&#8243; saved_tabs=&#8220;all&#8220;]<\/p>\n<p><a title=\"Mail Nils Bernhard\" href=\"mailto:n.bernhard@timintralog.com\">n.bernhard@timintralog.com<\/a><br \/> <a title=\"Telefon Nils Bernhard\" href=\"fon:+4962115044895\">+49 (0) 621 150 448-95<\/a><br \/> <a href=\"\/wp-content\/uploads\/2020\/08\/Nils-Bernhard.vcf\">Download Visitenkarte<\/a><\/p>\n<p>[\/et_pb_team_member][et_pb_button button_url=&#8220;mailto:n.bernhard@timintralog.com&#8220; button_text=&#8220;Jetzt Kontakt aufnehmen&#8220; button_alignment=&#8220;center&#8220; _builder_version=&#8220;4.6.1&#8243; _module_preset=&#8220;348f19b4-43c0-43f7-bba8-36c430caaa73&#8243; custom_margin=&#8220;0px||||false|false&#8220; hover_enabled=&#8220;0&#8243; sticky_enabled=&#8220;0&#8243;][\/et_pb_button][\/et_pb_column][\/et_pb_row][\/et_pb_section]<\/p>\n","protected":false},"excerpt":{"rendered":"<p>Ihr Lager auf dem Pr\u00fcfstand<span><span><a href=\"https:\/\/timintralog.com\/de\/\">Home<\/a><\/span><\/span> Simulation Komplexe Materialfl\u00fcsse und Bestandseffekte lassen sich mit statischen Berechnungen nicht zu 100% abbilden. Bei komplexen Lagerprojekten setzen wir daher Simulationen ein. So k\u00f6nnen wir die angedachten Prozesse dynamisch abbilden, Prozessst\u00f6rungen bzw. kritische Bereiche fr\u00fchzeitig erkennen und bereits in der Planungsphase ausschlie\u00dfen. Auf Basis Ihrer Anforderungen sowie den Ergebnissen aus [&hellip;]<\/p>\n","protected":false},"author":1,"featured_media":0,"parent":2621,"menu_order":3,"comment_status":"closed","ping_status":"closed","template":"","meta":{"_et_pb_use_builder":"on","_et_pb_old_content":"","_et_gb_content_width":"","footnotes":""},"class_list":["post-2813","page","type-page","status-publish","hentry"],"yoast_head":"<!-- This site is optimized with the Yoast SEO plugin v27.3 - https:\/\/yoast.com\/product\/yoast-seo-wordpress\/ -->\n<title>Simulation - Gepr\u00fcfte Lager-Sensitivit\u00e4t<\/title>\n<meta name=\"description\" content=\"Angedachte Prozesse werden dynamisch abgebildet und Prozessst\u00f6rungen bzw. kritische Bereiche fr\u00fchzeitig erkannt.\" \/>\n<meta name=\"robots\" content=\"index, follow, max-snippet:-1, max-image-preview:large, max-video-preview:-1\" \/>\n<link rel=\"canonical\" href=\"https:\/\/timintralog.com\/de\/leistungsfelder\/planung-und-realisierung\/simulation\/\" \/>\n<meta property=\"og:locale\" content=\"de_DE\" \/>\n<meta property=\"og:type\" content=\"article\" \/>\n<meta property=\"og:title\" content=\"Simulation - Gepr\u00fcfte Lager-Sensitivit\u00e4t\" \/>\n<meta property=\"og:description\" content=\"Angedachte Prozesse werden dynamisch abgebildet und Prozessst\u00f6rungen bzw. kritische Bereiche fr\u00fchzeitig erkannt.\" \/>\n<meta property=\"og:url\" content=\"https:\/\/timintralog.com\/de\/leistungsfelder\/planung-und-realisierung\/simulation\/\" \/>\n<meta property=\"og:site_name\" content=\"TIM INTRALOG.\" \/>\n<meta property=\"article:modified_time\" content=\"2020-09-15T07:30:50+00:00\" \/>\n<meta name=\"twitter:card\" content=\"summary_large_image\" \/>\n<meta name=\"twitter:label1\" content=\"Gesch\u00e4tzte Lesezeit\" \/>\n\t<meta name=\"twitter:data1\" content=\"3\u00a0Minuten\" \/>\n<script type=\"application\/ld+json\" class=\"yoast-schema-graph\">{\"@context\":\"https:\\\/\\\/schema.org\",\"@graph\":[{\"@type\":\"WebPage\",\"@id\":\"https:\\\/\\\/timintralog.com\\\/de\\\/leistungsfelder\\\/planung-und-realisierung\\\/simulation\\\/\",\"url\":\"https:\\\/\\\/timintralog.com\\\/de\\\/leistungsfelder\\\/planung-und-realisierung\\\/simulation\\\/\",\"name\":\"Simulation - Gepr\u00fcfte Lager-Sensitivit\u00e4t\",\"isPartOf\":{\"@id\":\"https:\\\/\\\/timintralog.com\\\/de\\\/#website\"},\"datePublished\":\"2020-08-03T14:20:02+00:00\",\"dateModified\":\"2020-09-15T07:30:50+00:00\",\"description\":\"Angedachte Prozesse werden dynamisch abgebildet und Prozessst\u00f6rungen bzw. kritische Bereiche fr\u00fchzeitig erkannt.\",\"breadcrumb\":{\"@id\":\"https:\\\/\\\/timintralog.com\\\/de\\\/leistungsfelder\\\/planung-und-realisierung\\\/simulation\\\/#breadcrumb\"},\"inLanguage\":\"de\",\"potentialAction\":[{\"@type\":\"ReadAction\",\"target\":[\"https:\\\/\\\/timintralog.com\\\/de\\\/leistungsfelder\\\/planung-und-realisierung\\\/simulation\\\/\"]}]},{\"@type\":\"BreadcrumbList\",\"@id\":\"https:\\\/\\\/timintralog.com\\\/de\\\/leistungsfelder\\\/planung-und-realisierung\\\/simulation\\\/#breadcrumb\",\"itemListElement\":[{\"@type\":\"ListItem\",\"position\":1,\"name\":\"Home\",\"item\":\"https:\\\/\\\/timintralog.com\\\/de\\\/\"},{\"@type\":\"ListItem\",\"position\":2,\"name\":\"Leistungsfelder\",\"item\":\"https:\\\/\\\/timintralog.com\\\/de\\\/leistungsfelder\\\/\"},{\"@type\":\"ListItem\",\"position\":3,\"name\":\"Planung &#038; Realisierung\",\"item\":\"https:\\\/\\\/timintralog.com\\\/de\\\/leistungsfelder\\\/planung-und-realisierung\\\/\"},{\"@type\":\"ListItem\",\"position\":4,\"name\":\"Simulation\"}]},{\"@type\":\"WebSite\",\"@id\":\"https:\\\/\\\/timintralog.com\\\/de\\\/#website\",\"url\":\"https:\\\/\\\/timintralog.com\\\/de\\\/\",\"name\":\"TIM INTRALOG.\",\"description\":\"Lager- und Intralogistik Beratung\",\"publisher\":{\"@id\":\"https:\\\/\\\/timintralog.com\\\/de\\\/#organization\"},\"potentialAction\":[{\"@type\":\"SearchAction\",\"target\":{\"@type\":\"EntryPoint\",\"urlTemplate\":\"https:\\\/\\\/timintralog.com\\\/de\\\/?s={search_term_string}\"},\"query-input\":{\"@type\":\"PropertyValueSpecification\",\"valueRequired\":true,\"valueName\":\"search_term_string\"}}],\"inLanguage\":\"de\"},{\"@type\":\"Organization\",\"@id\":\"https:\\\/\\\/timintralog.com\\\/de\\\/#organization\",\"name\":\"TIM INTRALOG.\",\"url\":\"https:\\\/\\\/timintralog.com\\\/de\\\/\",\"logo\":{\"@type\":\"ImageObject\",\"inLanguage\":\"de\",\"@id\":\"https:\\\/\\\/timintralog.com\\\/de\\\/#\\\/schema\\\/logo\\\/image\\\/\",\"url\":\"https:\\\/\\\/timintralog.com\\\/wp-content\\\/uploads\\\/2020\\\/02\\\/logo.svg\",\"contentUrl\":\"https:\\\/\\\/timintralog.com\\\/wp-content\\\/uploads\\\/2020\\\/02\\\/logo.svg\",\"width\":552,\"height\":81,\"caption\":\"TIM INTRALOG.\"},\"image\":{\"@id\":\"https:\\\/\\\/timintralog.com\\\/de\\\/#\\\/schema\\\/logo\\\/image\\\/\"}}]}<\/script>\n<!-- \/ Yoast SEO plugin. -->","yoast_head_json":{"title":"Simulation - Gepr\u00fcfte Lager-Sensitivit\u00e4t","description":"Angedachte Prozesse werden dynamisch abgebildet und Prozessst\u00f6rungen bzw. kritische Bereiche fr\u00fchzeitig erkannt.","robots":{"index":"index","follow":"follow","max-snippet":"max-snippet:-1","max-image-preview":"max-image-preview:large","max-video-preview":"max-video-preview:-1"},"canonical":"https:\/\/timintralog.com\/de\/leistungsfelder\/planung-und-realisierung\/simulation\/","og_locale":"de_DE","og_type":"article","og_title":"Simulation - Gepr\u00fcfte Lager-Sensitivit\u00e4t","og_description":"Angedachte Prozesse werden dynamisch abgebildet und Prozessst\u00f6rungen bzw. kritische Bereiche fr\u00fchzeitig erkannt.","og_url":"https:\/\/timintralog.com\/de\/leistungsfelder\/planung-und-realisierung\/simulation\/","og_site_name":"TIM INTRALOG.","article_modified_time":"2020-09-15T07:30:50+00:00","twitter_card":"summary_large_image","twitter_misc":{"Gesch\u00e4tzte Lesezeit":"3\u00a0Minuten"},"schema":{"@context":"https:\/\/schema.org","@graph":[{"@type":"WebPage","@id":"https:\/\/timintralog.com\/de\/leistungsfelder\/planung-und-realisierung\/simulation\/","url":"https:\/\/timintralog.com\/de\/leistungsfelder\/planung-und-realisierung\/simulation\/","name":"Simulation - Gepr\u00fcfte Lager-Sensitivit\u00e4t","isPartOf":{"@id":"https:\/\/timintralog.com\/de\/#website"},"datePublished":"2020-08-03T14:20:02+00:00","dateModified":"2020-09-15T07:30:50+00:00","description":"Angedachte Prozesse werden dynamisch abgebildet und Prozessst\u00f6rungen bzw. kritische Bereiche fr\u00fchzeitig erkannt.","breadcrumb":{"@id":"https:\/\/timintralog.com\/de\/leistungsfelder\/planung-und-realisierung\/simulation\/#breadcrumb"},"inLanguage":"de","potentialAction":[{"@type":"ReadAction","target":["https:\/\/timintralog.com\/de\/leistungsfelder\/planung-und-realisierung\/simulation\/"]}]},{"@type":"BreadcrumbList","@id":"https:\/\/timintralog.com\/de\/leistungsfelder\/planung-und-realisierung\/simulation\/#breadcrumb","itemListElement":[{"@type":"ListItem","position":1,"name":"Home","item":"https:\/\/timintralog.com\/de\/"},{"@type":"ListItem","position":2,"name":"Leistungsfelder","item":"https:\/\/timintralog.com\/de\/leistungsfelder\/"},{"@type":"ListItem","position":3,"name":"Planung &#038; Realisierung","item":"https:\/\/timintralog.com\/de\/leistungsfelder\/planung-und-realisierung\/"},{"@type":"ListItem","position":4,"name":"Simulation"}]},{"@type":"WebSite","@id":"https:\/\/timintralog.com\/de\/#website","url":"https:\/\/timintralog.com\/de\/","name":"TIM INTRALOG.","description":"Lager- und Intralogistik Beratung","publisher":{"@id":"https:\/\/timintralog.com\/de\/#organization"},"potentialAction":[{"@type":"SearchAction","target":{"@type":"EntryPoint","urlTemplate":"https:\/\/timintralog.com\/de\/?s={search_term_string}"},"query-input":{"@type":"PropertyValueSpecification","valueRequired":true,"valueName":"search_term_string"}}],"inLanguage":"de"},{"@type":"Organization","@id":"https:\/\/timintralog.com\/de\/#organization","name":"TIM INTRALOG.","url":"https:\/\/timintralog.com\/de\/","logo":{"@type":"ImageObject","inLanguage":"de","@id":"https:\/\/timintralog.com\/de\/#\/schema\/logo\/image\/","url":"https:\/\/timintralog.com\/wp-content\/uploads\/2020\/02\/logo.svg","contentUrl":"https:\/\/timintralog.com\/wp-content\/uploads\/2020\/02\/logo.svg","width":552,"height":81,"caption":"TIM INTRALOG."},"image":{"@id":"https:\/\/timintralog.com\/de\/#\/schema\/logo\/image\/"}}]}},"_links":{"self":[{"href":"https:\/\/timintralog.com\/de\/wp-json\/wp\/v2\/pages\/2813","targetHints":{"allow":["GET"]}}],"collection":[{"href":"https:\/\/timintralog.com\/de\/wp-json\/wp\/v2\/pages"}],"about":[{"href":"https:\/\/timintralog.com\/de\/wp-json\/wp\/v2\/types\/page"}],"author":[{"embeddable":true,"href":"https:\/\/timintralog.com\/de\/wp-json\/wp\/v2\/users\/1"}],"replies":[{"embeddable":true,"href":"https:\/\/timintralog.com\/de\/wp-json\/wp\/v2\/comments?post=2813"}],"version-history":[{"count":0,"href":"https:\/\/timintralog.com\/de\/wp-json\/wp\/v2\/pages\/2813\/revisions"}],"up":[{"embeddable":true,"href":"https:\/\/timintralog.com\/de\/wp-json\/wp\/v2\/pages\/2621"}],"wp:attachment":[{"href":"https:\/\/timintralog.com\/de\/wp-json\/wp\/v2\/media?parent=2813"}],"curies":[{"name":"wp","href":"https:\/\/api.w.org\/{rel}","templated":true}]}}