{"id":2815,"date":"2020-08-03T16:20:18","date_gmt":"2020-08-03T14:20:18","guid":{"rendered":"https:\/\/timintralog.com\/?page_id=2815"},"modified":"2024-03-12T13:57:05","modified_gmt":"2024-03-12T12:57:05","slug":"ausschreibung-und-vergabe","status":"publish","type":"page","link":"https:\/\/timintralog.com\/de\/leistungsfelder\/planung-und-realisierung\/ausschreibung-und-vergabe\/","title":{"rendered":"Ausschreibung &#038; Vergabe"},"content":{"rendered":"<p>[et_pb_section fb_built=&#8220;1&#8243; _builder_version=&#8220;4.16&#8243; _module_preset=&#8220;default&#8220; background_color=&#8220;rgba(0,0,0,0)&#8220; use_background_color_gradient=&#8220;on&#8220; background_color_gradient_direction=&#8220;110deg&#8220; background_color_gradient_stops=&#8220;rgba(238,238,239,0.85) 30%|rgba(0,0,0,0) 100%&#8220; background_color_gradient_overlays_image=&#8220;on&#8220; background_color_gradient_start=&#8220;rgba(238,238,239,0.85)&#8220; background_color_gradient_start_position=&#8220;30%&#8220; background_color_gradient_end=&#8220;rgba(0,0,0,0)&#8220; background_image=&#8220;https:\/\/timintralog.com\/wp-content\/uploads\/2020\/09\/header-ausschreibung-vergabe.jpg&#8220; custom_padding=&#8220;6vw||6vw||true|false&#8220; global_colors_info=&#8220;{}&#8220;][et_pb_row _builder_version=&#8220;4.16&#8243; _module_preset=&#8220;default&#8220; global_colors_info=&#8220;{}&#8220;][et_pb_column type=&#8220;4_4&#8243; _builder_version=&#8220;4.16&#8243; _module_preset=&#8220;default&#8220; global_colors_info=&#8220;{}&#8220;][et_pb_text _builder_version=&#8220;4.16&#8243; _module_preset=&#8220;default&#8220; width=&#8220;70%&#8220; max_width_last_edited=&#8220;off|tablet&#8220; custom_margin=&#8220;||||false|false&#8220; custom_padding=&#8220;||||false|false&#8220; global_colors_info=&#8220;{}&#8220;]<\/p>\n<h1>Smart Contracting als Erfolgsrezept<\/h1>\n<p>[\/et_pb_text][\/et_pb_column][\/et_pb_row][\/et_pb_section][et_pb_section fb_built=&#8220;1&#8243; _builder_version=&#8220;4.16&#8243; _module_preset=&#8220;default&#8220; custom_padding=&#8220;0px||0px||false|false&#8220; global_colors_info=&#8220;{}&#8220;][et_pb_row _builder_version=&#8220;4.16&#8243; _module_preset=&#8220;default&#8220; custom_padding=&#8220;20px||20px||true|false&#8220; global_colors_info=&#8220;{}&#8220;][et_pb_column type=&#8220;4_4&#8243; _builder_version=&#8220;4.16&#8243; _module_preset=&#8220;default&#8220; global_colors_info=&#8220;{}&#8220;][et_pb_text _builder_version=&#8220;4.5.6&#8243; _module_preset=&#8220;default&#8220; link_text_color=&#8220;#222222&#8243; global_module=&#8220;2466&#8243; saved_tabs=&#8220;all&#8220; global_colors_info=&#8220;{}&#8220; link_text_color__hover_enabled=&#8220;on|hover&#8220; link_text_color__hover=&#8220;#004b85&#8243;]<\/p>\n<span><span><a href=\"https:\/\/timintralog.com\/de\/\">Home<\/a><\/span><\/span>\n<p>[\/et_pb_text][\/et_pb_column][\/et_pb_row][\/et_pb_section][et_pb_section fb_built=&#8220;1&#8243; _builder_version=&#8220;4.16&#8243; _module_preset=&#8220;default&#8220; custom_padding=&#8220;0px||||false|false&#8220; global_colors_info=&#8220;{}&#8220;][et_pb_row column_structure=&#8220;2_3,1_3&#8243; use_custom_gutter=&#8220;on&#8220; gutter_width=&#8220;4&#8243; _builder_version=&#8220;4.16&#8243; _module_preset=&#8220;default&#8220; global_colors_info=&#8220;{}&#8220;][et_pb_column type=&#8220;2_3&#8243; _builder_version=&#8220;4.16&#8243; _module_preset=&#8220;default&#8220; global_colors_info=&#8220;{}&#8220;][et_pb_text _builder_version=&#8220;4.16&#8243; _module_preset=&#8220;default&#8220; global_colors_info=&#8220;{}&#8220;]<\/p>\n<h2>Ausschreibung &amp; Vergabe<\/h2>\n<p>Sobald das Logistikkonzept im Detail ausgearbeitet ist, gilt es die passenden Lieferanten f\u00fcr Einrichtung, Logistik IT oder die gesamte Logistik-Dienstleistung zu finden. Der Markt hierf\u00fcr ist gro\u00df und nicht immer \u00fcbersichtlich.<\/p>\n<p>Mit uns platzieren Sie marktgerechte Ausschreibungsunterlagen und stellen sicher, dass zum Schluss der von Ihnen gew\u00fcnschte Leistungsumfang umgesetzt wird.<\/p>\n<p>Mit unserem Smart Contracting Ansatz erm\u00f6glichen wir Ihnen eine gezielte Festlegung geeigneter Ausschreibungs-Lose. Durch eine intelligente Aufteilung der ben\u00f6tigten Leistungen erh\u00f6hen wir die Anzahl potenzieller Bieter, vermeiden Generalunternehmer-Zuschl\u00e4ge f\u00fcr zugekaufte Teile, minimieren Schnittstellen-Risiken und sparen Zeit bei der sp\u00e4teren Umsetzung. Wir erstellen f\u00fcr Sie standardisierte Leistungsverzeichnisse mit pr\u00e4zise definierten Anforderungen. So erreichen wir eine hohe Vergleichbarkeit. Gerne \u00fcbernehmen wir auch das Angebotsmanagement f\u00fcr Sie. In Workshops bereiten wir die Bieter auf die Angebotslegung vor und erreichen so, dass Sie exakt das angeboten bekommen, was Sie ben\u00f6tigen.<\/p>\n<p>Unsere Unterst\u00fctzung erm\u00f6glicht Ihnen eine Harmonisierung der Angebote und damit eine objektive Bewertung. Dar\u00fcber hinaus erhalten Sie von uns eine Vergabeempfehlung und Unterst\u00fctzung bei den Verhandlungen.<\/p>\n<p><strong>Ihr Nutzen<\/strong><\/p>\n<ul>\n<li>Marktgerechte Platzierung der Ausschreibung<\/li>\n<li>Auswahl geeigneter Projektpartner<\/li>\n<li>Objektive Bewertung der Angebote<\/li>\n<li>Verk\u00fcrzung der Implementierungszeiten<\/li>\n<li>Senkung des Zeit- und Budgetrisikos<\/li>\n<\/ul>\n<p>[\/et_pb_text][\/et_pb_column][et_pb_column type=&#8220;1_3&#8243; _builder_version=&#8220;4.16&#8243; _module_preset=&#8220;default&#8220; global_colors_info=&#8220;{}&#8220;][et_pb_team_member name=&#8220;Inga Frerkers&#8220; position=&#8220;Project Manager&#8220; image_url=&#8220;https:\/\/timintralog.com\/wp-content\/uploads\/2024\/03\/012-20231107-TIM-INTRALOG.-GmbH-IMG_2440Z-2000x1334px-72DPI.jpg&#8220; _builder_version=&#8220;4.24.2&#8243; _module_preset=&#8220;default&#8220; saved_tabs=&#8220;all&#8220; global_colors_info=&#8220;{}&#8220;]<a title=\"Mail Inga Frerkers\" href=\"mailto:i.frerkers@timintralog.com\">i.frerkers@timintralog.com<\/a><br \/>\n<a title=\"Telefon Inga Frerkers\" href=\"tel:+49621490855-15\">+49 (0)621 490855-15<\/a>[\/et_pb_team_member][et_pb_button button_url=&#8220;mailto:i.frerkers@timintralog.com&#8220; button_text=&#8220;Jetzt Kontakt aufnehmen&#8220; button_alignment=&#8220;center&#8220; _builder_version=&#8220;4.24.2&#8243; _module_preset=&#8220;348f19b4-43c0-43f7-bba8-36c430caaa73&#8243; custom_margin=&#8220;0px||||false|false&#8220; hover_enabled=&#8220;0&#8243; global_colors_info=&#8220;{}&#8220; sticky_enabled=&#8220;0&#8243;][\/et_pb_button][\/et_pb_column][\/et_pb_row][\/et_pb_section]<\/p>\n","protected":false},"excerpt":{"rendered":"<p>Smart Contracting als Erfolgsrezept<span><span><a href=\"https:\/\/timintralog.com\/de\/\">Home<\/a><\/span><\/span> Ausschreibung &amp; Vergabe Sobald das Logistikkonzept im Detail ausgearbeitet ist, gilt es die passenden Lieferanten f\u00fcr Einrichtung, Logistik IT oder die gesamte Logistik-Dienstleistung zu finden. Der Markt hierf\u00fcr ist gro\u00df und nicht immer \u00fcbersichtlich. Mit uns platzieren Sie marktgerechte Ausschreibungsunterlagen und stellen sicher, dass zum Schluss der von Ihnen gew\u00fcnschte Leistungsumfang [&hellip;]<\/p>\n","protected":false},"author":1,"featured_media":0,"parent":2621,"menu_order":4,"comment_status":"closed","ping_status":"closed","template":"","meta":{"_et_pb_use_builder":"on","_et_pb_old_content":"","_et_gb_content_width":"","footnotes":""},"class_list":["post-2815","page","type-page","status-publish","hentry"],"yoast_head":"<!-- This site is optimized with the Yoast SEO plugin v27.3 - https:\/\/yoast.com\/product\/yoast-seo-wordpress\/ -->\n<title>Ausschreibung &amp; Vergabe - Objektive Bewertung<\/title>\n<meta name=\"description\" content=\"Mit unserem Smart Contracting Ansatz definieren wir Ihnen geeignete Ausschreibungs-Lose f\u00fcr eine beschleunigte Projektabwicklung.\" \/>\n<meta name=\"robots\" content=\"index, follow, max-snippet:-1, max-image-preview:large, max-video-preview:-1\" \/>\n<link rel=\"canonical\" href=\"https:\/\/timintralog.com\/de\/leistungsfelder\/planung-und-realisierung\/ausschreibung-und-vergabe\/\" \/>\n<meta property=\"og:locale\" content=\"de_DE\" \/>\n<meta property=\"og:type\" content=\"article\" \/>\n<meta property=\"og:title\" content=\"Ausschreibung &amp; Vergabe - Objektive Bewertung\" \/>\n<meta property=\"og:description\" content=\"Mit unserem Smart Contracting Ansatz definieren wir Ihnen geeignete Ausschreibungs-Lose f\u00fcr eine beschleunigte Projektabwicklung.\" \/>\n<meta property=\"og:url\" content=\"https:\/\/timintralog.com\/de\/leistungsfelder\/planung-und-realisierung\/ausschreibung-und-vergabe\/\" \/>\n<meta property=\"og:site_name\" content=\"TIM INTRALOG.\" \/>\n<meta property=\"article:modified_time\" content=\"2024-03-12T12:57:05+00:00\" \/>\n<meta name=\"twitter:card\" content=\"summary_large_image\" \/>\n<meta name=\"twitter:label1\" content=\"Gesch\u00e4tzte Lesezeit\" \/>\n\t<meta name=\"twitter:data1\" content=\"3\u00a0Minuten\" \/>\n<script type=\"application\/ld+json\" class=\"yoast-schema-graph\">{\"@context\":\"https:\\\/\\\/schema.org\",\"@graph\":[{\"@type\":\"WebPage\",\"@id\":\"https:\\\/\\\/timintralog.com\\\/de\\\/leistungsfelder\\\/planung-und-realisierung\\\/ausschreibung-und-vergabe\\\/\",\"url\":\"https:\\\/\\\/timintralog.com\\\/de\\\/leistungsfelder\\\/planung-und-realisierung\\\/ausschreibung-und-vergabe\\\/\",\"name\":\"Ausschreibung & Vergabe - Objektive Bewertung\",\"isPartOf\":{\"@id\":\"https:\\\/\\\/timintralog.com\\\/de\\\/#website\"},\"datePublished\":\"2020-08-03T14:20:18+00:00\",\"dateModified\":\"2024-03-12T12:57:05+00:00\",\"description\":\"Mit unserem Smart Contracting Ansatz definieren wir Ihnen geeignete Ausschreibungs-Lose f\u00fcr eine beschleunigte Projektabwicklung.\",\"breadcrumb\":{\"@id\":\"https:\\\/\\\/timintralog.com\\\/de\\\/leistungsfelder\\\/planung-und-realisierung\\\/ausschreibung-und-vergabe\\\/#breadcrumb\"},\"inLanguage\":\"de\",\"potentialAction\":[{\"@type\":\"ReadAction\",\"target\":[\"https:\\\/\\\/timintralog.com\\\/de\\\/leistungsfelder\\\/planung-und-realisierung\\\/ausschreibung-und-vergabe\\\/\"]}]},{\"@type\":\"BreadcrumbList\",\"@id\":\"https:\\\/\\\/timintralog.com\\\/de\\\/leistungsfelder\\\/planung-und-realisierung\\\/ausschreibung-und-vergabe\\\/#breadcrumb\",\"itemListElement\":[{\"@type\":\"ListItem\",\"position\":1,\"name\":\"Home\",\"item\":\"https:\\\/\\\/timintralog.com\\\/de\\\/\"},{\"@type\":\"ListItem\",\"position\":2,\"name\":\"Leistungsfelder\",\"item\":\"https:\\\/\\\/timintralog.com\\\/de\\\/leistungsfelder\\\/\"},{\"@type\":\"ListItem\",\"position\":3,\"name\":\"Planung &#038; Realisierung\",\"item\":\"https:\\\/\\\/timintralog.com\\\/de\\\/leistungsfelder\\\/planung-und-realisierung\\\/\"},{\"@type\":\"ListItem\",\"position\":4,\"name\":\"Ausschreibung &#038; Vergabe\"}]},{\"@type\":\"WebSite\",\"@id\":\"https:\\\/\\\/timintralog.com\\\/de\\\/#website\",\"url\":\"https:\\\/\\\/timintralog.com\\\/de\\\/\",\"name\":\"TIM INTRALOG.\",\"description\":\"Lager- und Intralogistik Beratung\",\"publisher\":{\"@id\":\"https:\\\/\\\/timintralog.com\\\/de\\\/#organization\"},\"potentialAction\":[{\"@type\":\"SearchAction\",\"target\":{\"@type\":\"EntryPoint\",\"urlTemplate\":\"https:\\\/\\\/timintralog.com\\\/de\\\/?s={search_term_string}\"},\"query-input\":{\"@type\":\"PropertyValueSpecification\",\"valueRequired\":true,\"valueName\":\"search_term_string\"}}],\"inLanguage\":\"de\"},{\"@type\":\"Organization\",\"@id\":\"https:\\\/\\\/timintralog.com\\\/de\\\/#organization\",\"name\":\"TIM INTRALOG.\",\"url\":\"https:\\\/\\\/timintralog.com\\\/de\\\/\",\"logo\":{\"@type\":\"ImageObject\",\"inLanguage\":\"de\",\"@id\":\"https:\\\/\\\/timintralog.com\\\/de\\\/#\\\/schema\\\/logo\\\/image\\\/\",\"url\":\"https:\\\/\\\/timintralog.com\\\/wp-content\\\/uploads\\\/2020\\\/02\\\/logo.svg\",\"contentUrl\":\"https:\\\/\\\/timintralog.com\\\/wp-content\\\/uploads\\\/2020\\\/02\\\/logo.svg\",\"width\":552,\"height\":81,\"caption\":\"TIM INTRALOG.\"},\"image\":{\"@id\":\"https:\\\/\\\/timintralog.com\\\/de\\\/#\\\/schema\\\/logo\\\/image\\\/\"}}]}<\/script>\n<!-- \/ Yoast SEO plugin. -->","yoast_head_json":{"title":"Ausschreibung & Vergabe - Objektive Bewertung","description":"Mit unserem Smart Contracting Ansatz definieren wir Ihnen geeignete Ausschreibungs-Lose f\u00fcr eine beschleunigte Projektabwicklung.","robots":{"index":"index","follow":"follow","max-snippet":"max-snippet:-1","max-image-preview":"max-image-preview:large","max-video-preview":"max-video-preview:-1"},"canonical":"https:\/\/timintralog.com\/de\/leistungsfelder\/planung-und-realisierung\/ausschreibung-und-vergabe\/","og_locale":"de_DE","og_type":"article","og_title":"Ausschreibung & Vergabe - Objektive Bewertung","og_description":"Mit unserem Smart Contracting Ansatz definieren wir Ihnen geeignete Ausschreibungs-Lose f\u00fcr eine beschleunigte Projektabwicklung.","og_url":"https:\/\/timintralog.com\/de\/leistungsfelder\/planung-und-realisierung\/ausschreibung-und-vergabe\/","og_site_name":"TIM INTRALOG.","article_modified_time":"2024-03-12T12:57:05+00:00","twitter_card":"summary_large_image","twitter_misc":{"Gesch\u00e4tzte Lesezeit":"3\u00a0Minuten"},"schema":{"@context":"https:\/\/schema.org","@graph":[{"@type":"WebPage","@id":"https:\/\/timintralog.com\/de\/leistungsfelder\/planung-und-realisierung\/ausschreibung-und-vergabe\/","url":"https:\/\/timintralog.com\/de\/leistungsfelder\/planung-und-realisierung\/ausschreibung-und-vergabe\/","name":"Ausschreibung & Vergabe - Objektive Bewertung","isPartOf":{"@id":"https:\/\/timintralog.com\/de\/#website"},"datePublished":"2020-08-03T14:20:18+00:00","dateModified":"2024-03-12T12:57:05+00:00","description":"Mit unserem Smart Contracting Ansatz definieren wir Ihnen geeignete Ausschreibungs-Lose f\u00fcr eine beschleunigte Projektabwicklung.","breadcrumb":{"@id":"https:\/\/timintralog.com\/de\/leistungsfelder\/planung-und-realisierung\/ausschreibung-und-vergabe\/#breadcrumb"},"inLanguage":"de","potentialAction":[{"@type":"ReadAction","target":["https:\/\/timintralog.com\/de\/leistungsfelder\/planung-und-realisierung\/ausschreibung-und-vergabe\/"]}]},{"@type":"BreadcrumbList","@id":"https:\/\/timintralog.com\/de\/leistungsfelder\/planung-und-realisierung\/ausschreibung-und-vergabe\/#breadcrumb","itemListElement":[{"@type":"ListItem","position":1,"name":"Home","item":"https:\/\/timintralog.com\/de\/"},{"@type":"ListItem","position":2,"name":"Leistungsfelder","item":"https:\/\/timintralog.com\/de\/leistungsfelder\/"},{"@type":"ListItem","position":3,"name":"Planung &#038; Realisierung","item":"https:\/\/timintralog.com\/de\/leistungsfelder\/planung-und-realisierung\/"},{"@type":"ListItem","position":4,"name":"Ausschreibung &#038; Vergabe"}]},{"@type":"WebSite","@id":"https:\/\/timintralog.com\/de\/#website","url":"https:\/\/timintralog.com\/de\/","name":"TIM INTRALOG.","description":"Lager- und Intralogistik Beratung","publisher":{"@id":"https:\/\/timintralog.com\/de\/#organization"},"potentialAction":[{"@type":"SearchAction","target":{"@type":"EntryPoint","urlTemplate":"https:\/\/timintralog.com\/de\/?s={search_term_string}"},"query-input":{"@type":"PropertyValueSpecification","valueRequired":true,"valueName":"search_term_string"}}],"inLanguage":"de"},{"@type":"Organization","@id":"https:\/\/timintralog.com\/de\/#organization","name":"TIM INTRALOG.","url":"https:\/\/timintralog.com\/de\/","logo":{"@type":"ImageObject","inLanguage":"de","@id":"https:\/\/timintralog.com\/de\/#\/schema\/logo\/image\/","url":"https:\/\/timintralog.com\/wp-content\/uploads\/2020\/02\/logo.svg","contentUrl":"https:\/\/timintralog.com\/wp-content\/uploads\/2020\/02\/logo.svg","width":552,"height":81,"caption":"TIM INTRALOG."},"image":{"@id":"https:\/\/timintralog.com\/de\/#\/schema\/logo\/image\/"}}]}},"_links":{"self":[{"href":"https:\/\/timintralog.com\/de\/wp-json\/wp\/v2\/pages\/2815","targetHints":{"allow":["GET"]}}],"collection":[{"href":"https:\/\/timintralog.com\/de\/wp-json\/wp\/v2\/pages"}],"about":[{"href":"https:\/\/timintralog.com\/de\/wp-json\/wp\/v2\/types\/page"}],"author":[{"embeddable":true,"href":"https:\/\/timintralog.com\/de\/wp-json\/wp\/v2\/users\/1"}],"replies":[{"embeddable":true,"href":"https:\/\/timintralog.com\/de\/wp-json\/wp\/v2\/comments?post=2815"}],"version-history":[{"count":3,"href":"https:\/\/timintralog.com\/de\/wp-json\/wp\/v2\/pages\/2815\/revisions"}],"predecessor-version":[{"id":5886,"href":"https:\/\/timintralog.com\/de\/wp-json\/wp\/v2\/pages\/2815\/revisions\/5886"}],"up":[{"embeddable":true,"href":"https:\/\/timintralog.com\/de\/wp-json\/wp\/v2\/pages\/2621"}],"wp:attachment":[{"href":"https:\/\/timintralog.com\/de\/wp-json\/wp\/v2\/media?parent=2815"}],"curies":[{"name":"wp","href":"https:\/\/api.w.org\/{rel}","templated":true}]}}