{"id":2817,"date":"2020-08-03T16:20:39","date_gmt":"2020-08-03T14:20:39","guid":{"rendered":"https:\/\/timintralog.com\/?page_id=2817"},"modified":"2020-09-15T09:31:30","modified_gmt":"2020-09-15T07:31:30","slug":"projektmanagement-realisierung","status":"publish","type":"page","link":"https:\/\/timintralog.com\/de\/leistungsfelder\/planung-und-realisierung\/projektmanagement-realisierung\/","title":{"rendered":"Projektmanagement Realisierung"},"content":{"rendered":"<p>[et_pb_section fb_built=&#8220;1&#8243; _builder_version=&#8220;4.6.1&#8243; _module_preset=&#8220;default&#8220; background_color=&#8220;rgba(0,0,0,0)&#8220; use_background_color_gradient=&#8220;on&#8220; background_color_gradient_start=&#8220;rgba(238,238,239,0.85)&#8220; background_color_gradient_end=&#8220;rgba(0,0,0,0)&#8220; background_color_gradient_direction=&#8220;110deg&#8220; background_color_gradient_start_position=&#8220;30%&#8220; background_color_gradient_overlays_image=&#8220;on&#8220; background_image=&#8220;https:\/\/timintralog.com\/wp-content\/uploads\/2020\/09\/header-projektmanagement-realisierung.jpg&#8220; custom_padding=&#8220;6vw||6vw||true|false&#8220;][et_pb_row _builder_version=&#8220;4.5.1&#8243; _module_preset=&#8220;default&#8220;][et_pb_column type=&#8220;4_4&#8243; _builder_version=&#8220;4.5.1&#8243; _module_preset=&#8220;default&#8220;][et_pb_text _builder_version=&#8220;4.5.1&#8243; _module_preset=&#8220;default&#8220; width=&#8220;70%&#8220; max_width_last_edited=&#8220;off|tablet&#8220; custom_margin=&#8220;||||false|false&#8220; custom_padding=&#8220;||||false|false&#8220;]<\/p>\n<h1>Wir halten alle F\u00e4den in der Hand<\/h1>\n<p>[\/et_pb_text][\/et_pb_column][\/et_pb_row][\/et_pb_section][et_pb_section fb_built=&#8220;1&#8243; _builder_version=&#8220;4.5.1&#8243; _module_preset=&#8220;default&#8220; custom_padding=&#8220;0px||0px||false|false&#8220;][et_pb_row _builder_version=&#8220;4.5.1&#8243; _module_preset=&#8220;default&#8220; custom_padding=&#8220;20px||20px||true|false&#8220;][et_pb_column type=&#8220;4_4&#8243; _builder_version=&#8220;4.5.1&#8243; _module_preset=&#8220;default&#8220;][et_pb_text _builder_version=&#8220;4.5.6&#8243; _module_preset=&#8220;default&#8220; link_text_color=&#8220;#222222&#8243; global_module=&#8220;2466&#8243; saved_tabs=&#8220;all&#8220; link_text_color__hover_enabled=&#8220;on|hover&#8220; link_text_color__hover=&#8220;#004b85&#8243;]<\/p>\n<span><span><a href=\"https:\/\/timintralog.com\/de\/\">Home<\/a><\/span><\/span>\n<p>[\/et_pb_text][\/et_pb_column][\/et_pb_row][\/et_pb_section][et_pb_section fb_built=&#8220;1&#8243; _builder_version=&#8220;4.5.1&#8243; _module_preset=&#8220;default&#8220; custom_padding=&#8220;0px||||false|false&#8220;][et_pb_row column_structure=&#8220;2_3,1_3&#8243; use_custom_gutter=&#8220;on&#8220; gutter_width=&#8220;4&#8243; _builder_version=&#8220;4.5.1&#8243; _module_preset=&#8220;default&#8220;][et_pb_column type=&#8220;2_3&#8243; _builder_version=&#8220;4.5.1&#8243; _module_preset=&#8220;default&#8220;][et_pb_text _builder_version=&#8220;4.6.1&#8243; _module_preset=&#8220;default&#8220;]<\/p>\n<h2>Projektmanagement Realisierung<\/h2>\n<p>F\u00fcr ein erfolgreiches Lagerprojekt gilt: Lager- und F\u00f6rdertechniklieferanten m\u00fcssen koordiniert, die Schnittstellen zur Immobilie und zu IT-Strukturen verwirklicht und Risiken reduziert werden. Ein fr\u00fchzeitiges Auseinandersetzen mit Unerwartetem verhindert au\u00dferdem unangenehme \u00dcberraschungen.<\/p>\n<p>Gemeinsam mit Ihnen oder in Ihrem Auftrag \u00fcbernehmen wir das Projektmanagement und die Bau\u00fcberwachung. Wir koordinieren alle Partner und Schnittstellen und sorgen damit f\u00fcr ein optimales Miteinander zwischen allen Beteiligten.<\/p>\n<p>Wir stimmen die Ausf\u00fchrungsplanung mit allen Gewerken ab und sichern den Fortlauf des Projektes nach Plan. Dazu geh\u00f6rt, dass wir f\u00fcr Sie die Vor-Ort-Installationen und die Implementierung der Lieferanten \u00fcberwachen. Dar\u00fcber hinaus kontrollieren und koordinieren wir Inbetriebnahmen und Tests, unterst\u00fctzen Sie bei den Abnahmen und organisieren fr\u00fchzeitig die Schulung Ihrer Key User. Hierdurch sichern wir die Akzeptanz Ihrer Mitarbeiter f\u00fcr das Projekt. Auch nach dem Go-Live stehen wir gerne an Ihrer Seite und sorgen f\u00fcr einen geordneten und stressfreien Hochlauf der Anlage.<\/p>\n<p><strong>Ihr Nutzen<\/strong><\/p>\n<ul>\n<li>Ein Partner f\u00fcr Planung &amp; Realisierung<\/li>\n<li>Risikobegrenzung &amp; -bew\u00e4ltigung<\/li>\n<li>Exzellenz in Kommunikation<\/li>\n<li>Sicherstellen der Einhaltung der Lieferantenvertr\u00e4ge<\/li>\n<li>Effizienter Umgang mit Planabweichungen<\/li>\n<\/ul>\n<p>[\/et_pb_text][\/et_pb_column][et_pb_column type=&#8220;1_3&#8243; _builder_version=&#8220;4.5.1&#8243; _module_preset=&#8220;default&#8220;][et_pb_team_member name=&#8220;Nils Bernhard&#8220; position=&#8220;Bereichsleiter Lagerlogistik&#8220; image_url=&#8220;https:\/\/timintralog.com\/wp-content\/uploads\/2020\/07\/niels-bernhard-ansprechpartner.png&#8220; _builder_version=&#8220;4.6.1&#8243; _module_preset=&#8220;default&#8220; saved_tabs=&#8220;all&#8220; global_module=&#8220;3147&#8243;]<\/p>\n<p><a title=\"Mail Nils Bernhard\" href=\"mailto:n.bernhard@timintralog.com\">n.bernhard@timintralog.com<\/a><br \/> <a title=\"Telefon Nils Bernhard\" href=\"fon:+4962115044895\">+49 (0) 621 150 448-95<\/a><br \/> <a href=\"\/wp-content\/uploads\/2020\/08\/Nils-Bernhard.vcf\">Download Visitenkarte<\/a><\/p>\n<p>[\/et_pb_team_member][et_pb_button button_url=&#8220;mailto:n.bernhard@timintralog.com&#8220; button_text=&#8220;Jetzt Kontakt aufnehmen&#8220; button_alignment=&#8220;center&#8220; _builder_version=&#8220;4.6.1&#8243; _module_preset=&#8220;348f19b4-43c0-43f7-bba8-36c430caaa73&#8243; custom_margin=&#8220;0px||||false|false&#8220; hover_enabled=&#8220;0&#8243; sticky_enabled=&#8220;0&#8243;][\/et_pb_button][\/et_pb_column][\/et_pb_row][\/et_pb_section]<\/p>\n","protected":false},"excerpt":{"rendered":"<p>Wir halten alle F\u00e4den in der Hand<span><span><a href=\"https:\/\/timintralog.com\/de\/\">Home<\/a><\/span><\/span> Projektmanagement Realisierung F\u00fcr ein erfolgreiches Lagerprojekt gilt: Lager- und F\u00f6rdertechniklieferanten m\u00fcssen koordiniert, die Schnittstellen zur Immobilie und zu IT-Strukturen verwirklicht und Risiken reduziert werden. Ein fr\u00fchzeitiges Auseinandersetzen mit Unerwartetem verhindert au\u00dferdem unangenehme \u00dcberraschungen. Gemeinsam mit Ihnen oder in Ihrem Auftrag \u00fcbernehmen wir das Projektmanagement und die Bau\u00fcberwachung. Wir [&hellip;]<\/p>\n","protected":false},"author":1,"featured_media":0,"parent":2621,"menu_order":5,"comment_status":"closed","ping_status":"closed","template":"","meta":{"_et_pb_use_builder":"on","_et_pb_old_content":"","_et_gb_content_width":"","footnotes":""},"class_list":["post-2817","page","type-page","status-publish","hentry"],"yoast_head":"<!-- This site is optimized with the Yoast SEO plugin v27.3 - https:\/\/yoast.com\/product\/yoast-seo-wordpress\/ -->\n<title>Projektmanagement Realisierung - In-Time &amp; In-Budget<\/title>\n<meta name=\"description\" content=\"Gemeinsam mit Ihnen oder in Ihrem Auftrag \u00fcbernehmen wir das Projektmanagement und die Bau\u00fcberwachung zur Minimierung des Zeit- und Kostenrisikos.\" \/>\n<meta name=\"robots\" content=\"index, follow, max-snippet:-1, max-image-preview:large, max-video-preview:-1\" \/>\n<link rel=\"canonical\" href=\"https:\/\/timintralog.com\/de\/leistungsfelder\/planung-und-realisierung\/projektmanagement-realisierung\/\" \/>\n<meta property=\"og:locale\" content=\"de_DE\" \/>\n<meta property=\"og:type\" content=\"article\" \/>\n<meta property=\"og:title\" content=\"Projektmanagement Realisierung - In-Time &amp; In-Budget\" \/>\n<meta property=\"og:description\" content=\"Gemeinsam mit Ihnen oder in Ihrem Auftrag \u00fcbernehmen wir das Projektmanagement und die Bau\u00fcberwachung zur Minimierung des Zeit- und Kostenrisikos.\" \/>\n<meta property=\"og:url\" content=\"https:\/\/timintralog.com\/de\/leistungsfelder\/planung-und-realisierung\/projektmanagement-realisierung\/\" \/>\n<meta property=\"og:site_name\" content=\"TIM INTRALOG.\" \/>\n<meta property=\"article:modified_time\" content=\"2020-09-15T07:31:30+00:00\" \/>\n<meta name=\"twitter:card\" content=\"summary_large_image\" \/>\n<meta name=\"twitter:label1\" content=\"Gesch\u00e4tzte Lesezeit\" \/>\n\t<meta name=\"twitter:data1\" content=\"3\u00a0Minuten\" \/>\n<script type=\"application\/ld+json\" class=\"yoast-schema-graph\">{\"@context\":\"https:\\\/\\\/schema.org\",\"@graph\":[{\"@type\":\"WebPage\",\"@id\":\"https:\\\/\\\/timintralog.com\\\/de\\\/leistungsfelder\\\/planung-und-realisierung\\\/projektmanagement-realisierung\\\/\",\"url\":\"https:\\\/\\\/timintralog.com\\\/de\\\/leistungsfelder\\\/planung-und-realisierung\\\/projektmanagement-realisierung\\\/\",\"name\":\"Projektmanagement Realisierung - In-Time & In-Budget\",\"isPartOf\":{\"@id\":\"https:\\\/\\\/timintralog.com\\\/de\\\/#website\"},\"datePublished\":\"2020-08-03T14:20:39+00:00\",\"dateModified\":\"2020-09-15T07:31:30+00:00\",\"description\":\"Gemeinsam mit Ihnen oder in Ihrem Auftrag \u00fcbernehmen wir das Projektmanagement und die Bau\u00fcberwachung zur Minimierung des Zeit- und Kostenrisikos.\",\"breadcrumb\":{\"@id\":\"https:\\\/\\\/timintralog.com\\\/de\\\/leistungsfelder\\\/planung-und-realisierung\\\/projektmanagement-realisierung\\\/#breadcrumb\"},\"inLanguage\":\"de\",\"potentialAction\":[{\"@type\":\"ReadAction\",\"target\":[\"https:\\\/\\\/timintralog.com\\\/de\\\/leistungsfelder\\\/planung-und-realisierung\\\/projektmanagement-realisierung\\\/\"]}]},{\"@type\":\"BreadcrumbList\",\"@id\":\"https:\\\/\\\/timintralog.com\\\/de\\\/leistungsfelder\\\/planung-und-realisierung\\\/projektmanagement-realisierung\\\/#breadcrumb\",\"itemListElement\":[{\"@type\":\"ListItem\",\"position\":1,\"name\":\"Home\",\"item\":\"https:\\\/\\\/timintralog.com\\\/de\\\/\"},{\"@type\":\"ListItem\",\"position\":2,\"name\":\"Leistungsfelder\",\"item\":\"https:\\\/\\\/timintralog.com\\\/de\\\/leistungsfelder\\\/\"},{\"@type\":\"ListItem\",\"position\":3,\"name\":\"Planung &#038; Realisierung\",\"item\":\"https:\\\/\\\/timintralog.com\\\/de\\\/leistungsfelder\\\/planung-und-realisierung\\\/\"},{\"@type\":\"ListItem\",\"position\":4,\"name\":\"Projektmanagement Realisierung\"}]},{\"@type\":\"WebSite\",\"@id\":\"https:\\\/\\\/timintralog.com\\\/de\\\/#website\",\"url\":\"https:\\\/\\\/timintralog.com\\\/de\\\/\",\"name\":\"TIM INTRALOG.\",\"description\":\"Lager- und Intralogistik Beratung\",\"publisher\":{\"@id\":\"https:\\\/\\\/timintralog.com\\\/de\\\/#organization\"},\"potentialAction\":[{\"@type\":\"SearchAction\",\"target\":{\"@type\":\"EntryPoint\",\"urlTemplate\":\"https:\\\/\\\/timintralog.com\\\/de\\\/?s={search_term_string}\"},\"query-input\":{\"@type\":\"PropertyValueSpecification\",\"valueRequired\":true,\"valueName\":\"search_term_string\"}}],\"inLanguage\":\"de\"},{\"@type\":\"Organization\",\"@id\":\"https:\\\/\\\/timintralog.com\\\/de\\\/#organization\",\"name\":\"TIM INTRALOG.\",\"url\":\"https:\\\/\\\/timintralog.com\\\/de\\\/\",\"logo\":{\"@type\":\"ImageObject\",\"inLanguage\":\"de\",\"@id\":\"https:\\\/\\\/timintralog.com\\\/de\\\/#\\\/schema\\\/logo\\\/image\\\/\",\"url\":\"https:\\\/\\\/timintralog.com\\\/wp-content\\\/uploads\\\/2020\\\/02\\\/logo.svg\",\"contentUrl\":\"https:\\\/\\\/timintralog.com\\\/wp-content\\\/uploads\\\/2020\\\/02\\\/logo.svg\",\"width\":552,\"height\":81,\"caption\":\"TIM INTRALOG.\"},\"image\":{\"@id\":\"https:\\\/\\\/timintralog.com\\\/de\\\/#\\\/schema\\\/logo\\\/image\\\/\"}}]}<\/script>\n<!-- \/ Yoast SEO plugin. -->","yoast_head_json":{"title":"Projektmanagement Realisierung - In-Time & In-Budget","description":"Gemeinsam mit Ihnen oder in Ihrem Auftrag \u00fcbernehmen wir das Projektmanagement und die Bau\u00fcberwachung zur Minimierung des Zeit- und Kostenrisikos.","robots":{"index":"index","follow":"follow","max-snippet":"max-snippet:-1","max-image-preview":"max-image-preview:large","max-video-preview":"max-video-preview:-1"},"canonical":"https:\/\/timintralog.com\/de\/leistungsfelder\/planung-und-realisierung\/projektmanagement-realisierung\/","og_locale":"de_DE","og_type":"article","og_title":"Projektmanagement Realisierung - In-Time & In-Budget","og_description":"Gemeinsam mit Ihnen oder in Ihrem Auftrag \u00fcbernehmen wir das Projektmanagement und die Bau\u00fcberwachung zur Minimierung des Zeit- und Kostenrisikos.","og_url":"https:\/\/timintralog.com\/de\/leistungsfelder\/planung-und-realisierung\/projektmanagement-realisierung\/","og_site_name":"TIM INTRALOG.","article_modified_time":"2020-09-15T07:31:30+00:00","twitter_card":"summary_large_image","twitter_misc":{"Gesch\u00e4tzte Lesezeit":"3\u00a0Minuten"},"schema":{"@context":"https:\/\/schema.org","@graph":[{"@type":"WebPage","@id":"https:\/\/timintralog.com\/de\/leistungsfelder\/planung-und-realisierung\/projektmanagement-realisierung\/","url":"https:\/\/timintralog.com\/de\/leistungsfelder\/planung-und-realisierung\/projektmanagement-realisierung\/","name":"Projektmanagement Realisierung - In-Time & In-Budget","isPartOf":{"@id":"https:\/\/timintralog.com\/de\/#website"},"datePublished":"2020-08-03T14:20:39+00:00","dateModified":"2020-09-15T07:31:30+00:00","description":"Gemeinsam mit Ihnen oder in Ihrem Auftrag \u00fcbernehmen wir das Projektmanagement und die Bau\u00fcberwachung zur Minimierung des Zeit- und Kostenrisikos.","breadcrumb":{"@id":"https:\/\/timintralog.com\/de\/leistungsfelder\/planung-und-realisierung\/projektmanagement-realisierung\/#breadcrumb"},"inLanguage":"de","potentialAction":[{"@type":"ReadAction","target":["https:\/\/timintralog.com\/de\/leistungsfelder\/planung-und-realisierung\/projektmanagement-realisierung\/"]}]},{"@type":"BreadcrumbList","@id":"https:\/\/timintralog.com\/de\/leistungsfelder\/planung-und-realisierung\/projektmanagement-realisierung\/#breadcrumb","itemListElement":[{"@type":"ListItem","position":1,"name":"Home","item":"https:\/\/timintralog.com\/de\/"},{"@type":"ListItem","position":2,"name":"Leistungsfelder","item":"https:\/\/timintralog.com\/de\/leistungsfelder\/"},{"@type":"ListItem","position":3,"name":"Planung &#038; Realisierung","item":"https:\/\/timintralog.com\/de\/leistungsfelder\/planung-und-realisierung\/"},{"@type":"ListItem","position":4,"name":"Projektmanagement Realisierung"}]},{"@type":"WebSite","@id":"https:\/\/timintralog.com\/de\/#website","url":"https:\/\/timintralog.com\/de\/","name":"TIM INTRALOG.","description":"Lager- und Intralogistik Beratung","publisher":{"@id":"https:\/\/timintralog.com\/de\/#organization"},"potentialAction":[{"@type":"SearchAction","target":{"@type":"EntryPoint","urlTemplate":"https:\/\/timintralog.com\/de\/?s={search_term_string}"},"query-input":{"@type":"PropertyValueSpecification","valueRequired":true,"valueName":"search_term_string"}}],"inLanguage":"de"},{"@type":"Organization","@id":"https:\/\/timintralog.com\/de\/#organization","name":"TIM INTRALOG.","url":"https:\/\/timintralog.com\/de\/","logo":{"@type":"ImageObject","inLanguage":"de","@id":"https:\/\/timintralog.com\/de\/#\/schema\/logo\/image\/","url":"https:\/\/timintralog.com\/wp-content\/uploads\/2020\/02\/logo.svg","contentUrl":"https:\/\/timintralog.com\/wp-content\/uploads\/2020\/02\/logo.svg","width":552,"height":81,"caption":"TIM INTRALOG."},"image":{"@id":"https:\/\/timintralog.com\/de\/#\/schema\/logo\/image\/"}}]}},"_links":{"self":[{"href":"https:\/\/timintralog.com\/de\/wp-json\/wp\/v2\/pages\/2817","targetHints":{"allow":["GET"]}}],"collection":[{"href":"https:\/\/timintralog.com\/de\/wp-json\/wp\/v2\/pages"}],"about":[{"href":"https:\/\/timintralog.com\/de\/wp-json\/wp\/v2\/types\/page"}],"author":[{"embeddable":true,"href":"https:\/\/timintralog.com\/de\/wp-json\/wp\/v2\/users\/1"}],"replies":[{"embeddable":true,"href":"https:\/\/timintralog.com\/de\/wp-json\/wp\/v2\/comments?post=2817"}],"version-history":[{"count":0,"href":"https:\/\/timintralog.com\/de\/wp-json\/wp\/v2\/pages\/2817\/revisions"}],"up":[{"embeddable":true,"href":"https:\/\/timintralog.com\/de\/wp-json\/wp\/v2\/pages\/2621"}],"wp:attachment":[{"href":"https:\/\/timintralog.com\/de\/wp-json\/wp\/v2\/media?parent=2817"}],"curies":[{"name":"wp","href":"https:\/\/api.w.org\/{rel}","templated":true}]}}