{"id":2848,"date":"2020-08-03T16:40:17","date_gmt":"2020-08-03T14:40:17","guid":{"rendered":"https:\/\/timintralog.com\/?page_id=2848"},"modified":"2024-03-12T13:59:14","modified_gmt":"2024-03-12T12:59:14","slug":"lager-audit","status":"publish","type":"page","link":"https:\/\/timintralog.com\/de\/leistungsfelder\/optimierung-und-tuning\/lager-audit\/","title":{"rendered":"Lager-Audit"},"content":{"rendered":"<p>[et_pb_section fb_built=&#8220;1&#8243; _builder_version=&#8220;4.16&#8243; _module_preset=&#8220;default&#8220; background_color=&#8220;rgba(0,0,0,0)&#8220; use_background_color_gradient=&#8220;on&#8220; background_color_gradient_direction=&#8220;110deg&#8220; background_color_gradient_stops=&#8220;rgba(238,238,239,0.85) 30%|rgba(0,0,0,0) 100%&#8220; background_color_gradient_overlays_image=&#8220;on&#8220; background_color_gradient_start=&#8220;rgba(238,238,239,0.85)&#8220; background_color_gradient_start_position=&#8220;30%&#8220; background_color_gradient_end=&#8220;rgba(0,0,0,0)&#8220; background_image=&#8220;https:\/\/timintralog.com\/wp-content\/uploads\/2020\/09\/header-lager-audit-2.jpg&#8220; background_position=&#8220;top_center&#8220; custom_padding=&#8220;6vw||6vw||true|false&#8220; global_colors_info=&#8220;{}&#8220;][et_pb_row _builder_version=&#8220;4.16&#8243; _module_preset=&#8220;default&#8220; global_colors_info=&#8220;{}&#8220;][et_pb_column type=&#8220;4_4&#8243; _builder_version=&#8220;4.16&#8243; _module_preset=&#8220;default&#8220; global_colors_info=&#8220;{}&#8220;][et_pb_text _builder_version=&#8220;4.16&#8243; _module_preset=&#8220;default&#8220; width=&#8220;70%&#8220; custom_margin=&#8220;||||false|false&#8220; custom_padding=&#8220;||||false|false&#8220; global_colors_info=&#8220;{}&#8220;]<\/p>\n<h1>Lager-Audit schafft Transparenz<\/h1>\n<p>[\/et_pb_text][\/et_pb_column][\/et_pb_row][\/et_pb_section][et_pb_section fb_built=&#8220;1&#8243; _builder_version=&#8220;4.16&#8243; _module_preset=&#8220;default&#8220; custom_padding=&#8220;0px||0px||false|false&#8220; global_colors_info=&#8220;{}&#8220;][et_pb_row _builder_version=&#8220;4.16&#8243; _module_preset=&#8220;default&#8220; custom_padding=&#8220;20px||20px||true|false&#8220; global_colors_info=&#8220;{}&#8220;][et_pb_column type=&#8220;4_4&#8243; _builder_version=&#8220;4.16&#8243; _module_preset=&#8220;default&#8220; global_colors_info=&#8220;{}&#8220;][et_pb_text _builder_version=&#8220;4.5.6&#8243; _module_preset=&#8220;default&#8220; link_text_color=&#8220;#222222&#8243; global_module=&#8220;2466&#8243; saved_tabs=&#8220;all&#8220; global_colors_info=&#8220;{}&#8220; link_text_color__hover_enabled=&#8220;on|hover&#8220; link_text_color__hover=&#8220;#004b85&#8243;]<\/p>\n<span><span><a href=\"https:\/\/timintralog.com\/de\/\">Home<\/a><\/span><\/span>\n<p>[\/et_pb_text][\/et_pb_column][\/et_pb_row][\/et_pb_section][et_pb_section fb_built=&#8220;1&#8243; _builder_version=&#8220;4.16&#8243; _module_preset=&#8220;default&#8220; custom_padding=&#8220;0px||||false|false&#8220; global_colors_info=&#8220;{}&#8220;][et_pb_row column_structure=&#8220;2_3,1_3&#8243; use_custom_gutter=&#8220;on&#8220; gutter_width=&#8220;4&#8243; _builder_version=&#8220;4.16&#8243; _module_preset=&#8220;default&#8220; global_colors_info=&#8220;{}&#8220;][et_pb_column type=&#8220;2_3&#8243; _builder_version=&#8220;4.16&#8243; _module_preset=&#8220;default&#8220; global_colors_info=&#8220;{}&#8220;][et_pb_text _builder_version=&#8220;4.16&#8243; _module_preset=&#8220;default&#8220; global_colors_info=&#8220;{}&#8220;]<\/p>\n<h2>Lager-Audit<\/h2>\n<p>Einspar- und Optimierungspotenziale im Lagerbetrieb erkennen und nutzen \u00ad\u2013 ein bedeutender Erfolgsfaktor f\u00fcr Ihre Logistik. Potenziale gibt es in jedem Lager, da sind wir uns sicher. H\u00e4ufig fehlt es aber an Zeit und Ressourcen, diese zu ermitteln und zu nutzen. Als neutraler Partner mit einem objektiven Blick von au\u00dfen helfen wir Ihnen, ein Maximum an Leistung und Qualit\u00e4t aus Ihrem bestehenden Lager freizusetzen. Dabei behalten wir die Bed\u00fcrfnisse Ihrer Kunden nach hoher Servicequalit\u00e4t und ihr k\u00fcnftiges Unternehmenswachstum fest im Blick.<\/p>\n<p>Mit dem TIM INTRALOG. Lager-Audit bringen wir Ihren Lagerbetrieb dem Idealzustand einen wesentlichen Schritt n\u00e4her. Entscheidend f\u00fcr eine erfolgreiche Lagerabwicklung sind zwei Blickwinkel: Mitarbeiter und Prozesse. Mit der von uns entwickelten und seit Jahren erprobten Lager-Audit-Methode analysieren und bewerten wir Materialfluss, Prozesse, Prozesszeiten und Arbeitsweise der Mitarbeiter. Es gilt, offensichtliche und versteckte Verschwendungen zu enth\u00fcllen. Auf der Basis der Analyse identifizieren wir mit Ihnen gemeinsam Verbesserungsma\u00dfnahmen und pr\u00fcfen deren Umsetzbarkeit und Effizienz. Bereits vermeintlich kleine Ma\u00dfnahmen k\u00f6nnen gro\u00dfe Effizienzsteigerungen hervorrufen.<\/p>\n<p><strong>Ihr Nutzen<\/strong><\/p>\n<ul>\n<li>Quick-Wins<\/li>\n<li>Erh\u00f6hte Leistungsf\u00e4higkeit &amp; Kapazit\u00e4t<\/li>\n<li>Transparenz \u00fcber Einsparpotenziale<\/li>\n<li>Verbesserung Service &amp; Qualit\u00e4t<\/li>\n<li>Produktivit\u00e4tssteigerungen von bis zu 50%<\/li>\n<\/ul>\n<p>[\/et_pb_text][\/et_pb_column][et_pb_column type=&#8220;1_3&#8243; _builder_version=&#8220;4.16&#8243; _module_preset=&#8220;default&#8220; global_colors_info=&#8220;{}&#8220;][et_pb_team_member name=&#8220;Natalie Sawjalow&#8220; position=&#8220;Project Manager&#8220; image_url=&#8220;https:\/\/timintralog.com\/wp-content\/uploads\/2024\/03\/007-20231107-TIM-INTRALOG.-GmbH-IMG_4414Z-2000x1334px-72DPI.jpg&#8220; _builder_version=&#8220;4.24.2&#8243; _module_preset=&#8220;default&#8220; hover_enabled=&#8220;0&#8243; saved_tabs=&#8220;all&#8220; global_colors_info=&#8220;{}&#8220; sticky_enabled=&#8220;0&#8243;]<a title=\"Mail Natalie Sawjalow\" href=\"mailto:n.sawjalow@timintralog.com\">n.sawjalow@timintralog.com<\/a><br \/>\n<a title=\"Telefon Natalie Sawjalow\" href=\"tel:+49621490855-16\">+49 (0)621 490855-16<\/a>[\/et_pb_team_member][et_pb_button button_url=&#8220;mailto:n.sawjalow@timintralog.com&#8220; button_text=&#8220;Jetzt Kontakt aufnehmen&#8220; button_alignment=&#8220;center&#8220; _builder_version=&#8220;4.24.2&#8243; _module_preset=&#8220;348f19b4-43c0-43f7-bba8-36c430caaa73&#8243; custom_margin=&#8220;0px||||false|false&#8220; global_colors_info=&#8220;{}&#8220;][\/et_pb_button][\/et_pb_column][\/et_pb_row][\/et_pb_section]<\/p>\n","protected":false},"excerpt":{"rendered":"<p>Lager-Audit schafft Transparenz<span><span><a href=\"https:\/\/timintralog.com\/de\/\">Home<\/a><\/span><\/span> Lager-Audit Einspar- und Optimierungspotenziale im Lagerbetrieb erkennen und nutzen \u00ad\u2013 ein bedeutender Erfolgsfaktor f\u00fcr Ihre Logistik. Potenziale gibt es in jedem Lager, da sind wir uns sicher. H\u00e4ufig fehlt es aber an Zeit und Ressourcen, diese zu ermitteln und zu nutzen. Als neutraler Partner mit einem objektiven Blick von au\u00dfen helfen wir [&hellip;]<\/p>\n","protected":false},"author":1,"featured_media":0,"parent":2624,"menu_order":1,"comment_status":"closed","ping_status":"closed","template":"","meta":{"_et_pb_use_builder":"on","_et_pb_old_content":"","_et_gb_content_width":"","footnotes":""},"class_list":["post-2848","page","type-page","status-publish","hentry"],"yoast_head":"<!-- This site is optimized with the Yoast SEO plugin v27.4 - https:\/\/yoast.com\/product\/yoast-seo-wordpress\/ -->\n<title>Lager-Audit - Erh\u00f6hte Leistungsf\u00e4higkeit &amp; Kapazit\u00e4t<\/title>\n<meta name=\"description\" content=\"Erkennen und nutzen Sie Einspar- und Optimierungspotenziale im Lagerbetrieb \u00ad\u2013 ein bedeutender Erfolgsfaktor f\u00fcr Ihre Logistik.\" \/>\n<meta name=\"robots\" content=\"index, follow, max-snippet:-1, max-image-preview:large, max-video-preview:-1\" \/>\n<link rel=\"canonical\" href=\"https:\/\/timintralog.com\/de\/leistungsfelder\/optimierung-und-tuning\/lager-audit\/\" \/>\n<meta property=\"og:locale\" content=\"de_DE\" \/>\n<meta property=\"og:type\" content=\"article\" \/>\n<meta property=\"og:title\" content=\"Lager-Audit - Erh\u00f6hte Leistungsf\u00e4higkeit &amp; Kapazit\u00e4t\" \/>\n<meta property=\"og:description\" content=\"Erkennen und nutzen Sie Einspar- und Optimierungspotenziale im Lagerbetrieb \u00ad\u2013 ein bedeutender Erfolgsfaktor f\u00fcr Ihre Logistik.\" \/>\n<meta property=\"og:url\" content=\"https:\/\/timintralog.com\/de\/leistungsfelder\/optimierung-und-tuning\/lager-audit\/\" \/>\n<meta property=\"og:site_name\" content=\"TIM INTRALOG.\" \/>\n<meta property=\"article:modified_time\" content=\"2024-03-12T12:59:14+00:00\" \/>\n<meta name=\"twitter:card\" content=\"summary_large_image\" \/>\n<meta name=\"twitter:label1\" content=\"Gesch\u00e4tzte Lesezeit\" \/>\n\t<meta name=\"twitter:data1\" content=\"3\u00a0Minuten\" \/>\n<script type=\"application\/ld+json\" class=\"yoast-schema-graph\">{\"@context\":\"https:\\\/\\\/schema.org\",\"@graph\":[{\"@type\":\"WebPage\",\"@id\":\"https:\\\/\\\/timintralog.com\\\/de\\\/leistungsfelder\\\/optimierung-und-tuning\\\/lager-audit\\\/\",\"url\":\"https:\\\/\\\/timintralog.com\\\/de\\\/leistungsfelder\\\/optimierung-und-tuning\\\/lager-audit\\\/\",\"name\":\"Lager-Audit - Erh\u00f6hte Leistungsf\u00e4higkeit & Kapazit\u00e4t\",\"isPartOf\":{\"@id\":\"https:\\\/\\\/timintralog.com\\\/de\\\/#website\"},\"datePublished\":\"2020-08-03T14:40:17+00:00\",\"dateModified\":\"2024-03-12T12:59:14+00:00\",\"description\":\"Erkennen und nutzen Sie Einspar- und Optimierungspotenziale im Lagerbetrieb \u00ad\u2013 ein bedeutender Erfolgsfaktor f\u00fcr Ihre Logistik.\",\"breadcrumb\":{\"@id\":\"https:\\\/\\\/timintralog.com\\\/de\\\/leistungsfelder\\\/optimierung-und-tuning\\\/lager-audit\\\/#breadcrumb\"},\"inLanguage\":\"de\",\"potentialAction\":[{\"@type\":\"ReadAction\",\"target\":[\"https:\\\/\\\/timintralog.com\\\/de\\\/leistungsfelder\\\/optimierung-und-tuning\\\/lager-audit\\\/\"]}]},{\"@type\":\"BreadcrumbList\",\"@id\":\"https:\\\/\\\/timintralog.com\\\/de\\\/leistungsfelder\\\/optimierung-und-tuning\\\/lager-audit\\\/#breadcrumb\",\"itemListElement\":[{\"@type\":\"ListItem\",\"position\":1,\"name\":\"Home\",\"item\":\"https:\\\/\\\/timintralog.com\\\/de\\\/\"},{\"@type\":\"ListItem\",\"position\":2,\"name\":\"Leistungsfelder\",\"item\":\"https:\\\/\\\/timintralog.com\\\/de\\\/leistungsfelder\\\/\"},{\"@type\":\"ListItem\",\"position\":3,\"name\":\"Optimierung &#038; Tuning\",\"item\":\"https:\\\/\\\/timintralog.com\\\/de\\\/leistungsfelder\\\/optimierung-und-tuning\\\/\"},{\"@type\":\"ListItem\",\"position\":4,\"name\":\"Lager-Audit\"}]},{\"@type\":\"WebSite\",\"@id\":\"https:\\\/\\\/timintralog.com\\\/de\\\/#website\",\"url\":\"https:\\\/\\\/timintralog.com\\\/de\\\/\",\"name\":\"TIM INTRALOG.\",\"description\":\"Lager- und Intralogistik Beratung\",\"publisher\":{\"@id\":\"https:\\\/\\\/timintralog.com\\\/de\\\/#organization\"},\"potentialAction\":[{\"@type\":\"SearchAction\",\"target\":{\"@type\":\"EntryPoint\",\"urlTemplate\":\"https:\\\/\\\/timintralog.com\\\/de\\\/?s={search_term_string}\"},\"query-input\":{\"@type\":\"PropertyValueSpecification\",\"valueRequired\":true,\"valueName\":\"search_term_string\"}}],\"inLanguage\":\"de\"},{\"@type\":\"Organization\",\"@id\":\"https:\\\/\\\/timintralog.com\\\/de\\\/#organization\",\"name\":\"TIM INTRALOG.\",\"url\":\"https:\\\/\\\/timintralog.com\\\/de\\\/\",\"logo\":{\"@type\":\"ImageObject\",\"inLanguage\":\"de\",\"@id\":\"https:\\\/\\\/timintralog.com\\\/de\\\/#\\\/schema\\\/logo\\\/image\\\/\",\"url\":\"https:\\\/\\\/timintralog.com\\\/wp-content\\\/uploads\\\/2020\\\/02\\\/logo.svg\",\"contentUrl\":\"https:\\\/\\\/timintralog.com\\\/wp-content\\\/uploads\\\/2020\\\/02\\\/logo.svg\",\"width\":552,\"height\":81,\"caption\":\"TIM INTRALOG.\"},\"image\":{\"@id\":\"https:\\\/\\\/timintralog.com\\\/de\\\/#\\\/schema\\\/logo\\\/image\\\/\"}}]}<\/script>\n<!-- \/ Yoast SEO plugin. -->","yoast_head_json":{"title":"Lager-Audit - Erh\u00f6hte Leistungsf\u00e4higkeit & Kapazit\u00e4t","description":"Erkennen und nutzen Sie Einspar- und Optimierungspotenziale im Lagerbetrieb \u00ad\u2013 ein bedeutender Erfolgsfaktor f\u00fcr Ihre Logistik.","robots":{"index":"index","follow":"follow","max-snippet":"max-snippet:-1","max-image-preview":"max-image-preview:large","max-video-preview":"max-video-preview:-1"},"canonical":"https:\/\/timintralog.com\/de\/leistungsfelder\/optimierung-und-tuning\/lager-audit\/","og_locale":"de_DE","og_type":"article","og_title":"Lager-Audit - Erh\u00f6hte Leistungsf\u00e4higkeit & Kapazit\u00e4t","og_description":"Erkennen und nutzen Sie Einspar- und Optimierungspotenziale im Lagerbetrieb \u00ad\u2013 ein bedeutender Erfolgsfaktor f\u00fcr Ihre Logistik.","og_url":"https:\/\/timintralog.com\/de\/leistungsfelder\/optimierung-und-tuning\/lager-audit\/","og_site_name":"TIM INTRALOG.","article_modified_time":"2024-03-12T12:59:14+00:00","twitter_card":"summary_large_image","twitter_misc":{"Gesch\u00e4tzte Lesezeit":"3\u00a0Minuten"},"schema":{"@context":"https:\/\/schema.org","@graph":[{"@type":"WebPage","@id":"https:\/\/timintralog.com\/de\/leistungsfelder\/optimierung-und-tuning\/lager-audit\/","url":"https:\/\/timintralog.com\/de\/leistungsfelder\/optimierung-und-tuning\/lager-audit\/","name":"Lager-Audit - Erh\u00f6hte Leistungsf\u00e4higkeit & Kapazit\u00e4t","isPartOf":{"@id":"https:\/\/timintralog.com\/de\/#website"},"datePublished":"2020-08-03T14:40:17+00:00","dateModified":"2024-03-12T12:59:14+00:00","description":"Erkennen und nutzen Sie Einspar- und Optimierungspotenziale im Lagerbetrieb \u00ad\u2013 ein bedeutender Erfolgsfaktor f\u00fcr Ihre Logistik.","breadcrumb":{"@id":"https:\/\/timintralog.com\/de\/leistungsfelder\/optimierung-und-tuning\/lager-audit\/#breadcrumb"},"inLanguage":"de","potentialAction":[{"@type":"ReadAction","target":["https:\/\/timintralog.com\/de\/leistungsfelder\/optimierung-und-tuning\/lager-audit\/"]}]},{"@type":"BreadcrumbList","@id":"https:\/\/timintralog.com\/de\/leistungsfelder\/optimierung-und-tuning\/lager-audit\/#breadcrumb","itemListElement":[{"@type":"ListItem","position":1,"name":"Home","item":"https:\/\/timintralog.com\/de\/"},{"@type":"ListItem","position":2,"name":"Leistungsfelder","item":"https:\/\/timintralog.com\/de\/leistungsfelder\/"},{"@type":"ListItem","position":3,"name":"Optimierung &#038; Tuning","item":"https:\/\/timintralog.com\/de\/leistungsfelder\/optimierung-und-tuning\/"},{"@type":"ListItem","position":4,"name":"Lager-Audit"}]},{"@type":"WebSite","@id":"https:\/\/timintralog.com\/de\/#website","url":"https:\/\/timintralog.com\/de\/","name":"TIM INTRALOG.","description":"Lager- und Intralogistik Beratung","publisher":{"@id":"https:\/\/timintralog.com\/de\/#organization"},"potentialAction":[{"@type":"SearchAction","target":{"@type":"EntryPoint","urlTemplate":"https:\/\/timintralog.com\/de\/?s={search_term_string}"},"query-input":{"@type":"PropertyValueSpecification","valueRequired":true,"valueName":"search_term_string"}}],"inLanguage":"de"},{"@type":"Organization","@id":"https:\/\/timintralog.com\/de\/#organization","name":"TIM INTRALOG.","url":"https:\/\/timintralog.com\/de\/","logo":{"@type":"ImageObject","inLanguage":"de","@id":"https:\/\/timintralog.com\/de\/#\/schema\/logo\/image\/","url":"https:\/\/timintralog.com\/wp-content\/uploads\/2020\/02\/logo.svg","contentUrl":"https:\/\/timintralog.com\/wp-content\/uploads\/2020\/02\/logo.svg","width":552,"height":81,"caption":"TIM INTRALOG."},"image":{"@id":"https:\/\/timintralog.com\/de\/#\/schema\/logo\/image\/"}}]}},"_links":{"self":[{"href":"https:\/\/timintralog.com\/de\/wp-json\/wp\/v2\/pages\/2848","targetHints":{"allow":["GET"]}}],"collection":[{"href":"https:\/\/timintralog.com\/de\/wp-json\/wp\/v2\/pages"}],"about":[{"href":"https:\/\/timintralog.com\/de\/wp-json\/wp\/v2\/types\/page"}],"author":[{"embeddable":true,"href":"https:\/\/timintralog.com\/de\/wp-json\/wp\/v2\/users\/1"}],"replies":[{"embeddable":true,"href":"https:\/\/timintralog.com\/de\/wp-json\/wp\/v2\/comments?post=2848"}],"version-history":[{"count":3,"href":"https:\/\/timintralog.com\/de\/wp-json\/wp\/v2\/pages\/2848\/revisions"}],"predecessor-version":[{"id":5889,"href":"https:\/\/timintralog.com\/de\/wp-json\/wp\/v2\/pages\/2848\/revisions\/5889"}],"up":[{"embeddable":true,"href":"https:\/\/timintralog.com\/de\/wp-json\/wp\/v2\/pages\/2624"}],"wp:attachment":[{"href":"https:\/\/timintralog.com\/de\/wp-json\/wp\/v2\/media?parent=2848"}],"curies":[{"name":"wp","href":"https:\/\/api.w.org\/{rel}","templated":true}]}}