{"id":2850,"date":"2020-08-03T16:40:40","date_gmt":"2020-08-03T14:40:40","guid":{"rendered":"https:\/\/timintralog.com\/?page_id=2850"},"modified":"2025-01-16T17:20:35","modified_gmt":"2025-01-16T16:20:35","slug":"bestands-audit","status":"publish","type":"page","link":"https:\/\/timintralog.com\/de\/leistungsfelder\/optimierung-und-tuning\/bestands-audit\/","title":{"rendered":"Bestands-Audit"},"content":{"rendered":"<p>[et_pb_section fb_built=&#8220;1&#8243; _builder_version=&#8220;4.16&#8243; _module_preset=&#8220;default&#8220; background_color=&#8220;rgba(0,0,0,0)&#8220; use_background_color_gradient=&#8220;on&#8220; background_color_gradient_direction=&#8220;110deg&#8220; background_color_gradient_stops=&#8220;rgba(238,238,239,0.85) 30%|rgba(0,0,0,0) 100%&#8220; background_color_gradient_overlays_image=&#8220;on&#8220; background_color_gradient_start=&#8220;rgba(238,238,239,0.85)&#8220; background_color_gradient_start_position=&#8220;30%&#8220; background_color_gradient_end=&#8220;rgba(0,0,0,0)&#8220; background_image=&#8220;https:\/\/timintralog.com\/wp-content\/uploads\/2020\/09\/header-bestands-audit.jpg&#8220; custom_padding=&#8220;6vw||6vw||true|false&#8220; global_colors_info=&#8220;{}&#8220;][et_pb_row _builder_version=&#8220;4.16&#8243; _module_preset=&#8220;default&#8220; global_colors_info=&#8220;{}&#8220;][et_pb_column type=&#8220;4_4&#8243; _builder_version=&#8220;4.16&#8243; _module_preset=&#8220;default&#8220; global_colors_info=&#8220;{}&#8220;][et_pb_text _builder_version=&#8220;4.16&#8243; _module_preset=&#8220;default&#8220; width=&#8220;70%&#8220; custom_margin=&#8220;||||false|false&#8220; custom_padding=&#8220;||||false|false&#8220; global_colors_info=&#8220;{}&#8220;]<\/p>\n<h1>Hohe Verf\u00fcgbarkeit &#8211; geringe Kapitalbindung &amp; Kosten<\/h1>\n<p>[\/et_pb_text][\/et_pb_column][\/et_pb_row][\/et_pb_section][et_pb_section fb_built=&#8220;1&#8243; _builder_version=&#8220;4.16&#8243; _module_preset=&#8220;default&#8220; custom_padding=&#8220;0px||0px||false|false&#8220; global_colors_info=&#8220;{}&#8220;][et_pb_row _builder_version=&#8220;4.16&#8243; _module_preset=&#8220;default&#8220; custom_padding=&#8220;20px||20px||true|false&#8220; global_colors_info=&#8220;{}&#8220;][et_pb_column type=&#8220;4_4&#8243; _builder_version=&#8220;4.16&#8243; _module_preset=&#8220;default&#8220; global_colors_info=&#8220;{}&#8220;][et_pb_text _builder_version=&#8220;4.5.6&#8243; _module_preset=&#8220;default&#8220; link_text_color=&#8220;#222222&#8243; global_module=&#8220;2466&#8243; saved_tabs=&#8220;all&#8220; global_colors_info=&#8220;{}&#8220; link_text_color__hover_enabled=&#8220;on|hover&#8220; link_text_color__hover=&#8220;#004b85&#8243;]<\/p>\n<span><span><a href=\"https:\/\/timintralog.com\/de\/\">Home<\/a><\/span><\/span>\n<p>[\/et_pb_text][\/et_pb_column][\/et_pb_row][\/et_pb_section][et_pb_section fb_built=&#8220;1&#8243; _builder_version=&#8220;4.16&#8243; _module_preset=&#8220;default&#8220; custom_padding=&#8220;0px||||false|false&#8220; global_colors_info=&#8220;{}&#8220;][et_pb_row column_structure=&#8220;2_3,1_3&#8243; use_custom_gutter=&#8220;on&#8220; gutter_width=&#8220;4&#8243; _builder_version=&#8220;4.16&#8243; _module_preset=&#8220;default&#8220; global_colors_info=&#8220;{}&#8220;][et_pb_column type=&#8220;2_3&#8243; _builder_version=&#8220;4.16&#8243; _module_preset=&#8220;default&#8220; global_colors_info=&#8220;{}&#8220;][et_pb_text _builder_version=&#8220;4.16&#8243; _module_preset=&#8220;default&#8220; global_colors_info=&#8220;{}&#8220;]<\/p>\n<h2>Bestands-Audit<\/h2>\n<p>Hohe Warenbest\u00e4nde in Unternehmen binden Platz und Kapital. Gleichzeitig erwarten Kunden heute immer k\u00fcrzere Lieferzeiten und eine hohe Verf\u00fcgbarkeit. Es gilt die richtige Balance zu finden zwischen einer geringen Bestandsh\u00f6he und einer hervorragenden Lieferbereitschaft.<\/p>\n<p>Auf der Basis unserer jahrelangen Erfahrung im Bestandsmanagement und dem Wissen \u00fcber den Einfluss verschiedener logistischer Stellhebel entwickeln wir praktikable L\u00f6sungen, die Ihnen helfen, strukturelle Bestandsprobleme zu l\u00f6sen.<\/p>\n<p>Mit der bew\u00e4hrten TIM INTRALOG. Bestands-Audit-Methode helfen wir Ihnen, das f\u00fcr Ihr Unternehmen bestm\u00f6gliche Bestandsniveau zu finden. In einem ersten Schritt pr\u00fcfen wir die richtige Wahl der Parameter des Dispositionssystems Anschlie\u00dfend suchen wir Wege die Best\u00e4nde zu reduzieren. F\u00fcr jeden Artikel wird dabei die optimale Bestandsh\u00f6he definiert. In einem zweiten Schritt betrachten wir logistische Einflussgr\u00f6\u00dfen. In verschiedenen Szenario-Modellen werden die Auswirkungen ver\u00e4nderter Rahmenbedingungen in der Supply-Chain untersucht. Als Ergebnis erhalten Sie ein klares Bild auf Ihre aktuelle Bestandssituation und Ansatzpunkte f\u00fcr Optimierungen.<\/p>\n<p><strong>Ihr Nutzen<\/strong><\/p>\n<ul>\n<li>Wirtschaftliche Warenbest\u00e4nde<\/li>\n<li>Bestm\u00f6gliche Verf\u00fcgbarkeit<\/li>\n<li>Freigesetztes Kapital<\/li>\n<\/ul>\n<p>[\/et_pb_text][\/et_pb_column][et_pb_column type=&#8220;1_3&#8243; _builder_version=&#8220;4.16&#8243; _module_preset=&#8220;default&#8220; global_colors_info=&#8220;{}&#8220;][et_pb_team_member name=&#8220;Natalie Sawjalow&#8220; position=&#8220;Project Manager&#8220; image_url=&#8220;https:\/\/timintralog.com\/wp-content\/uploads\/2024\/03\/007-20231107-TIM-INTRALOG.-GmbH-IMG_4414Z-2000x1334px-72DPI.jpg&#8220; _builder_version=&#8220;4.24.2&#8243; _module_preset=&#8220;default&#8220; saved_tabs=&#8220;all&#8220; global_colors_info=&#8220;{}&#8220; theme_builder_area=&#8220;post_content&#8220;]<a title=\"Mail Natalie Sawjalow\" href=\"mailto:n.sawjalow@timintralog.com\">n.sawjalow@timintralog.com<\/a><br \/>\n<a title=\"Telefon Natalie Sawjalow\" href=\"tel:+49621490855-16\">+49 (0)621 490855-16<\/a>[\/et_pb_team_member][et_pb_button button_url=&#8220;mailto:n.sawjalow@timintralog.com&#8220; button_text=&#8220;Jetzt Kontakt aufnehmen&#8220; button_alignment=&#8220;center&#8220; _builder_version=&#8220;4.27.4&#8243; _module_preset=&#8220;348f19b4-43c0-43f7-bba8-36c430caaa73&#8243; custom_margin=&#8220;0px||||false|false&#8220; hover_enabled=&#8220;0&#8243; global_colors_info=&#8220;{}&#8220; sticky_enabled=&#8220;0&#8243;][\/et_pb_button][\/et_pb_column][\/et_pb_row][\/et_pb_section]<\/p>\n","protected":false},"excerpt":{"rendered":"<p>Hohe Verf\u00fcgbarkeit &#8211; geringe Kapitalbindung &amp; Kosten<span><span><a href=\"https:\/\/timintralog.com\/de\/\">Home<\/a><\/span><\/span> Bestands-Audit Hohe Warenbest\u00e4nde in Unternehmen binden Platz und Kapital. Gleichzeitig erwarten Kunden heute immer k\u00fcrzere Lieferzeiten und eine hohe Verf\u00fcgbarkeit. Es gilt die richtige Balance zu finden zwischen einer geringen Bestandsh\u00f6he und einer hervorragenden Lieferbereitschaft. Auf der Basis unserer jahrelangen Erfahrung im Bestandsmanagement und dem Wissen \u00fcber den [&hellip;]<\/p>\n","protected":false},"author":1,"featured_media":0,"parent":2624,"menu_order":2,"comment_status":"closed","ping_status":"closed","template":"","meta":{"_et_pb_use_builder":"on","_et_pb_old_content":"","_et_gb_content_width":"","footnotes":""},"class_list":["post-2850","page","type-page","status-publish","hentry"],"yoast_head":"<!-- This site is optimized with the Yoast SEO plugin v27.3 - https:\/\/yoast.com\/product\/yoast-seo-wordpress\/ -->\n<title>Bestands-Audit - Wirtschaftliche Warenbest\u00e4nde<\/title>\n<meta name=\"description\" content=\"Es gilt die richtige Balance zu finden zwischen einer geringen Bestandsh\u00f6he und einer hervorragenden Lieferbereitschaft.\" \/>\n<meta name=\"robots\" content=\"index, follow, max-snippet:-1, max-image-preview:large, max-video-preview:-1\" \/>\n<link rel=\"canonical\" href=\"https:\/\/timintralog.com\/de\/leistungsfelder\/optimierung-und-tuning\/bestands-audit\/\" \/>\n<meta property=\"og:locale\" content=\"de_DE\" \/>\n<meta property=\"og:type\" content=\"article\" \/>\n<meta property=\"og:title\" content=\"Bestands-Audit - Wirtschaftliche Warenbest\u00e4nde\" \/>\n<meta property=\"og:description\" content=\"Es gilt die richtige Balance zu finden zwischen einer geringen Bestandsh\u00f6he und einer hervorragenden Lieferbereitschaft.\" \/>\n<meta property=\"og:url\" content=\"https:\/\/timintralog.com\/de\/leistungsfelder\/optimierung-und-tuning\/bestands-audit\/\" \/>\n<meta property=\"og:site_name\" content=\"TIM INTRALOG.\" \/>\n<meta property=\"article:modified_time\" content=\"2025-01-16T16:20:35+00:00\" \/>\n<meta name=\"twitter:card\" content=\"summary_large_image\" \/>\n<meta name=\"twitter:label1\" content=\"Gesch\u00e4tzte Lesezeit\" \/>\n\t<meta name=\"twitter:data1\" content=\"2\u00a0Minuten\" \/>\n<script type=\"application\/ld+json\" class=\"yoast-schema-graph\">{\"@context\":\"https:\\\/\\\/schema.org\",\"@graph\":[{\"@type\":\"WebPage\",\"@id\":\"https:\\\/\\\/timintralog.com\\\/de\\\/leistungsfelder\\\/optimierung-und-tuning\\\/bestands-audit\\\/\",\"url\":\"https:\\\/\\\/timintralog.com\\\/de\\\/leistungsfelder\\\/optimierung-und-tuning\\\/bestands-audit\\\/\",\"name\":\"Bestands-Audit - Wirtschaftliche Warenbest\u00e4nde\",\"isPartOf\":{\"@id\":\"https:\\\/\\\/timintralog.com\\\/de\\\/#website\"},\"datePublished\":\"2020-08-03T14:40:40+00:00\",\"dateModified\":\"2025-01-16T16:20:35+00:00\",\"description\":\"Es gilt die richtige Balance zu finden zwischen einer geringen Bestandsh\u00f6he und einer hervorragenden Lieferbereitschaft.\",\"breadcrumb\":{\"@id\":\"https:\\\/\\\/timintralog.com\\\/de\\\/leistungsfelder\\\/optimierung-und-tuning\\\/bestands-audit\\\/#breadcrumb\"},\"inLanguage\":\"de\",\"potentialAction\":[{\"@type\":\"ReadAction\",\"target\":[\"https:\\\/\\\/timintralog.com\\\/de\\\/leistungsfelder\\\/optimierung-und-tuning\\\/bestands-audit\\\/\"]}]},{\"@type\":\"BreadcrumbList\",\"@id\":\"https:\\\/\\\/timintralog.com\\\/de\\\/leistungsfelder\\\/optimierung-und-tuning\\\/bestands-audit\\\/#breadcrumb\",\"itemListElement\":[{\"@type\":\"ListItem\",\"position\":1,\"name\":\"Home\",\"item\":\"https:\\\/\\\/timintralog.com\\\/de\\\/\"},{\"@type\":\"ListItem\",\"position\":2,\"name\":\"Leistungsfelder\",\"item\":\"https:\\\/\\\/timintralog.com\\\/de\\\/leistungsfelder\\\/\"},{\"@type\":\"ListItem\",\"position\":3,\"name\":\"Optimierung &#038; Tuning\",\"item\":\"https:\\\/\\\/timintralog.com\\\/de\\\/leistungsfelder\\\/optimierung-und-tuning\\\/\"},{\"@type\":\"ListItem\",\"position\":4,\"name\":\"Bestands-Audit\"}]},{\"@type\":\"WebSite\",\"@id\":\"https:\\\/\\\/timintralog.com\\\/de\\\/#website\",\"url\":\"https:\\\/\\\/timintralog.com\\\/de\\\/\",\"name\":\"TIM INTRALOG.\",\"description\":\"Lager- und Intralogistik Beratung\",\"publisher\":{\"@id\":\"https:\\\/\\\/timintralog.com\\\/de\\\/#organization\"},\"potentialAction\":[{\"@type\":\"SearchAction\",\"target\":{\"@type\":\"EntryPoint\",\"urlTemplate\":\"https:\\\/\\\/timintralog.com\\\/de\\\/?s={search_term_string}\"},\"query-input\":{\"@type\":\"PropertyValueSpecification\",\"valueRequired\":true,\"valueName\":\"search_term_string\"}}],\"inLanguage\":\"de\"},{\"@type\":\"Organization\",\"@id\":\"https:\\\/\\\/timintralog.com\\\/de\\\/#organization\",\"name\":\"TIM INTRALOG.\",\"url\":\"https:\\\/\\\/timintralog.com\\\/de\\\/\",\"logo\":{\"@type\":\"ImageObject\",\"inLanguage\":\"de\",\"@id\":\"https:\\\/\\\/timintralog.com\\\/de\\\/#\\\/schema\\\/logo\\\/image\\\/\",\"url\":\"https:\\\/\\\/timintralog.com\\\/wp-content\\\/uploads\\\/2020\\\/02\\\/logo.svg\",\"contentUrl\":\"https:\\\/\\\/timintralog.com\\\/wp-content\\\/uploads\\\/2020\\\/02\\\/logo.svg\",\"width\":552,\"height\":81,\"caption\":\"TIM INTRALOG.\"},\"image\":{\"@id\":\"https:\\\/\\\/timintralog.com\\\/de\\\/#\\\/schema\\\/logo\\\/image\\\/\"}}]}<\/script>\n<!-- \/ Yoast SEO plugin. -->","yoast_head_json":{"title":"Bestands-Audit - Wirtschaftliche Warenbest\u00e4nde","description":"Es gilt die richtige Balance zu finden zwischen einer geringen Bestandsh\u00f6he und einer hervorragenden Lieferbereitschaft.","robots":{"index":"index","follow":"follow","max-snippet":"max-snippet:-1","max-image-preview":"max-image-preview:large","max-video-preview":"max-video-preview:-1"},"canonical":"https:\/\/timintralog.com\/de\/leistungsfelder\/optimierung-und-tuning\/bestands-audit\/","og_locale":"de_DE","og_type":"article","og_title":"Bestands-Audit - Wirtschaftliche Warenbest\u00e4nde","og_description":"Es gilt die richtige Balance zu finden zwischen einer geringen Bestandsh\u00f6he und einer hervorragenden Lieferbereitschaft.","og_url":"https:\/\/timintralog.com\/de\/leistungsfelder\/optimierung-und-tuning\/bestands-audit\/","og_site_name":"TIM INTRALOG.","article_modified_time":"2025-01-16T16:20:35+00:00","twitter_card":"summary_large_image","twitter_misc":{"Gesch\u00e4tzte Lesezeit":"2\u00a0Minuten"},"schema":{"@context":"https:\/\/schema.org","@graph":[{"@type":"WebPage","@id":"https:\/\/timintralog.com\/de\/leistungsfelder\/optimierung-und-tuning\/bestands-audit\/","url":"https:\/\/timintralog.com\/de\/leistungsfelder\/optimierung-und-tuning\/bestands-audit\/","name":"Bestands-Audit - Wirtschaftliche Warenbest\u00e4nde","isPartOf":{"@id":"https:\/\/timintralog.com\/de\/#website"},"datePublished":"2020-08-03T14:40:40+00:00","dateModified":"2025-01-16T16:20:35+00:00","description":"Es gilt die richtige Balance zu finden zwischen einer geringen Bestandsh\u00f6he und einer hervorragenden Lieferbereitschaft.","breadcrumb":{"@id":"https:\/\/timintralog.com\/de\/leistungsfelder\/optimierung-und-tuning\/bestands-audit\/#breadcrumb"},"inLanguage":"de","potentialAction":[{"@type":"ReadAction","target":["https:\/\/timintralog.com\/de\/leistungsfelder\/optimierung-und-tuning\/bestands-audit\/"]}]},{"@type":"BreadcrumbList","@id":"https:\/\/timintralog.com\/de\/leistungsfelder\/optimierung-und-tuning\/bestands-audit\/#breadcrumb","itemListElement":[{"@type":"ListItem","position":1,"name":"Home","item":"https:\/\/timintralog.com\/de\/"},{"@type":"ListItem","position":2,"name":"Leistungsfelder","item":"https:\/\/timintralog.com\/de\/leistungsfelder\/"},{"@type":"ListItem","position":3,"name":"Optimierung &#038; Tuning","item":"https:\/\/timintralog.com\/de\/leistungsfelder\/optimierung-und-tuning\/"},{"@type":"ListItem","position":4,"name":"Bestands-Audit"}]},{"@type":"WebSite","@id":"https:\/\/timintralog.com\/de\/#website","url":"https:\/\/timintralog.com\/de\/","name":"TIM INTRALOG.","description":"Lager- und Intralogistik Beratung","publisher":{"@id":"https:\/\/timintralog.com\/de\/#organization"},"potentialAction":[{"@type":"SearchAction","target":{"@type":"EntryPoint","urlTemplate":"https:\/\/timintralog.com\/de\/?s={search_term_string}"},"query-input":{"@type":"PropertyValueSpecification","valueRequired":true,"valueName":"search_term_string"}}],"inLanguage":"de"},{"@type":"Organization","@id":"https:\/\/timintralog.com\/de\/#organization","name":"TIM INTRALOG.","url":"https:\/\/timintralog.com\/de\/","logo":{"@type":"ImageObject","inLanguage":"de","@id":"https:\/\/timintralog.com\/de\/#\/schema\/logo\/image\/","url":"https:\/\/timintralog.com\/wp-content\/uploads\/2020\/02\/logo.svg","contentUrl":"https:\/\/timintralog.com\/wp-content\/uploads\/2020\/02\/logo.svg","width":552,"height":81,"caption":"TIM INTRALOG."},"image":{"@id":"https:\/\/timintralog.com\/de\/#\/schema\/logo\/image\/"}}]}},"_links":{"self":[{"href":"https:\/\/timintralog.com\/de\/wp-json\/wp\/v2\/pages\/2850","targetHints":{"allow":["GET"]}}],"collection":[{"href":"https:\/\/timintralog.com\/de\/wp-json\/wp\/v2\/pages"}],"about":[{"href":"https:\/\/timintralog.com\/de\/wp-json\/wp\/v2\/types\/page"}],"author":[{"embeddable":true,"href":"https:\/\/timintralog.com\/de\/wp-json\/wp\/v2\/users\/1"}],"replies":[{"embeddable":true,"href":"https:\/\/timintralog.com\/de\/wp-json\/wp\/v2\/comments?post=2850"}],"version-history":[{"count":2,"href":"https:\/\/timintralog.com\/de\/wp-json\/wp\/v2\/pages\/2850\/revisions"}],"predecessor-version":[{"id":5943,"href":"https:\/\/timintralog.com\/de\/wp-json\/wp\/v2\/pages\/2850\/revisions\/5943"}],"up":[{"embeddable":true,"href":"https:\/\/timintralog.com\/de\/wp-json\/wp\/v2\/pages\/2624"}],"wp:attachment":[{"href":"https:\/\/timintralog.com\/de\/wp-json\/wp\/v2\/media?parent=2850"}],"curies":[{"name":"wp","href":"https:\/\/api.w.org\/{rel}","templated":true}]}}