{"id":2852,"date":"2020-08-03T16:40:57","date_gmt":"2020-08-03T14:40:57","guid":{"rendered":"https:\/\/timintralog.com\/?page_id=2852"},"modified":"2024-03-12T14:00:49","modified_gmt":"2024-03-12T13:00:49","slug":"warehouse-tuning","status":"publish","type":"page","link":"https:\/\/timintralog.com\/de\/leistungsfelder\/optimierung-und-tuning\/warehouse-tuning\/","title":{"rendered":"Warehouse Tuning"},"content":{"rendered":"<p>[et_pb_section fb_built=&#8220;1&#8243; _builder_version=&#8220;4.16&#8243; _module_preset=&#8220;default&#8220; background_color=&#8220;rgba(0,0,0,0)&#8220; use_background_color_gradient=&#8220;on&#8220; background_color_gradient_direction=&#8220;110deg&#8220; background_color_gradient_stops=&#8220;rgba(238,238,239,0.85) 30%|rgba(0,0,0,0) 100%&#8220; background_color_gradient_overlays_image=&#8220;on&#8220; background_color_gradient_start=&#8220;rgba(238,238,239,0.85)&#8220; background_color_gradient_start_position=&#8220;30%&#8220; background_color_gradient_end=&#8220;rgba(0,0,0,0)&#8220; background_image=&#8220;https:\/\/timintralog.com\/wp-content\/uploads\/2020\/09\/header-warehouse-tuning.jpg&#8220; custom_padding=&#8220;6vw||6vw||true|false&#8220; global_colors_info=&#8220;{}&#8220;][et_pb_row _builder_version=&#8220;4.16&#8243; _module_preset=&#8220;default&#8220; global_colors_info=&#8220;{}&#8220;][et_pb_column type=&#8220;4_4&#8243; _builder_version=&#8220;4.16&#8243; _module_preset=&#8220;default&#8220; global_colors_info=&#8220;{}&#8220;][et_pb_text _builder_version=&#8220;4.16&#8243; _module_preset=&#8220;default&#8220; width=&#8220;70%&#8220; custom_margin=&#8220;||||false|false&#8220; custom_padding=&#8220;||||false|false&#8220; global_colors_info=&#8220;{}&#8220;]<\/p>\n<h1>Perfekt aufgestellt f\u00fcr neue Anforderungen<\/h1>\n<p>[\/et_pb_text][\/et_pb_column][\/et_pb_row][\/et_pb_section][et_pb_section fb_built=&#8220;1&#8243; _builder_version=&#8220;4.16&#8243; _module_preset=&#8220;default&#8220; custom_padding=&#8220;0px||0px||false|false&#8220; global_colors_info=&#8220;{}&#8220;][et_pb_row _builder_version=&#8220;4.16&#8243; _module_preset=&#8220;default&#8220; custom_padding=&#8220;20px||20px||true|false&#8220; global_colors_info=&#8220;{}&#8220;][et_pb_column type=&#8220;4_4&#8243; _builder_version=&#8220;4.16&#8243; _module_preset=&#8220;default&#8220; global_colors_info=&#8220;{}&#8220;][et_pb_text _builder_version=&#8220;4.5.6&#8243; _module_preset=&#8220;default&#8220; link_text_color=&#8220;#222222&#8243; global_module=&#8220;2466&#8243; saved_tabs=&#8220;all&#8220; global_colors_info=&#8220;{}&#8220; link_text_color__hover_enabled=&#8220;on|hover&#8220; link_text_color__hover=&#8220;#004b85&#8243;]<\/p>\n<span><span><a href=\"https:\/\/timintralog.com\/de\/\">Home<\/a><\/span><\/span>\n<p>[\/et_pb_text][\/et_pb_column][\/et_pb_row][\/et_pb_section][et_pb_section fb_built=&#8220;1&#8243; _builder_version=&#8220;4.16&#8243; _module_preset=&#8220;default&#8220; custom_padding=&#8220;0px||||false|false&#8220; global_colors_info=&#8220;{}&#8220;][et_pb_row column_structure=&#8220;2_3,1_3&#8243; use_custom_gutter=&#8220;on&#8220; gutter_width=&#8220;4&#8243; _builder_version=&#8220;4.16&#8243; _module_preset=&#8220;default&#8220; global_colors_info=&#8220;{}&#8220;][et_pb_column type=&#8220;2_3&#8243; _builder_version=&#8220;4.16&#8243; _module_preset=&#8220;default&#8220; global_colors_info=&#8220;{}&#8220;][et_pb_text _builder_version=&#8220;4.16&#8243; _module_preset=&#8220;default&#8220; global_colors_info=&#8220;{}&#8220;]<\/p>\n<h2>Warehouse Tuning<\/h2>\n<p>Der Markt ist heute sehr schnelllebig und die Anforderungen an die Logistik ver\u00e4ndern sich in einem enormen Tempo. Lagereinrichtungen und Prozesse, die gestern noch perfekt Ihrem Bedarf entsprachen, passen heute nicht mehr. Wir zeigen Ihnen, wie Sie Ihre Anlage den ver\u00e4nderten Marktanforderungen anpassen k\u00f6nnen. Dank unserer Erfahrungen und unserem Markt\u00fcberblick k\u00f6nnen wir Sie lieferantenunabh\u00e4ngig beraten und helfen, Ihr Lagersystem kosteng\u00fcnstig und effizient zu revitalisieren.<\/p>\n<p>Damit bei unserem Warehouse Tuning wirklich alle Optimierungspotentiale identifiziert werden k\u00f6nnen, betrachten wir den vollst\u00e4ndigen Lagerprozess. Wir starten bei der Aufnahme Ihrer aktuellen und k\u00fcnftigen Anforderungen und analysieren die Auswirkungen auf Prozesse sowie insbesondere auf Lager- und F\u00f6rdertechnik und IT. Wir zeigen Ihnen, an welchen Stellen und in welcher Art Anpassungen notwendig sind, um sich auf die neuen Gegebenheiten einzustellen. Selbstverst\u00e4ndlich unterst\u00fctzen wir Sie auch bei der Umsetzung der Revitalisierungsma\u00dfnahmen und sorgen daf\u00fcr, dass der operative Betrieb m\u00f6glichst ungest\u00f6rt weiterlaufen kann.<\/p>\n<p>In der Regel bringen auch kleine Ver\u00e4nderungen schon eine gro\u00dfe Wirkung.<\/p>\n<p><strong>Ihr Nutzen<\/strong><\/p>\n<ul>\n<li>erh\u00f6hte Wertsch\u00f6pfung Ihres Lagers<\/li>\n<li>reduzierte Logistikkosten<\/li>\n<li>niedrige Investitionen<\/li>\n<\/ul>\n<p>[\/et_pb_text][\/et_pb_column][et_pb_column type=&#8220;1_3&#8243; _builder_version=&#8220;4.16&#8243; _module_preset=&#8220;default&#8220; global_colors_info=&#8220;{}&#8220;][et_pb_team_member name=&#8220;Inga Frerkers&#8220; position=&#8220;Project Manager&#8220; image_url=&#8220;https:\/\/timintralog.com\/wp-content\/uploads\/2024\/03\/012-20231107-TIM-INTRALOG.-GmbH-IMG_2440Z-2000x1334px-72DPI.jpg&#8220; _builder_version=&#8220;4.24.2&#8243; _module_preset=&#8220;default&#8220; saved_tabs=&#8220;all&#8220; global_colors_info=&#8220;{}&#8220;]<a title=\"Mail Inga Frerkers\" href=\"mailto:i.frerkers@timintralog.com\">i.frerkers@timintralog.com<\/a><br \/>\n<a title=\"Telefon Inga Frerkers\" href=\"tel:+49621490855-15\">+49 (0)621 490855-15<\/a>[\/et_pb_team_member][et_pb_button button_url=&#8220;mailto:i.frerkers@timintralog.com&#8220; button_text=&#8220;Jetzt Kontakt aufnehmen&#8220; button_alignment=&#8220;center&#8220; _builder_version=&#8220;4.24.2&#8243; _module_preset=&#8220;348f19b4-43c0-43f7-bba8-36c430caaa73&#8243; custom_margin=&#8220;0px||||false|false&#8220; hover_enabled=&#8220;0&#8243; global_colors_info=&#8220;{}&#8220; sticky_enabled=&#8220;0&#8243;][\/et_pb_button][\/et_pb_column][\/et_pb_row][\/et_pb_section]<\/p>\n","protected":false},"excerpt":{"rendered":"<p>Perfekt aufgestellt f\u00fcr neue Anforderungen<span><span><a href=\"https:\/\/timintralog.com\/de\/\">Home<\/a><\/span><\/span> Warehouse Tuning Der Markt ist heute sehr schnelllebig und die Anforderungen an die Logistik ver\u00e4ndern sich in einem enormen Tempo. Lagereinrichtungen und Prozesse, die gestern noch perfekt Ihrem Bedarf entsprachen, passen heute nicht mehr. Wir zeigen Ihnen, wie Sie Ihre Anlage den ver\u00e4nderten Marktanforderungen anpassen k\u00f6nnen. Dank unserer Erfahrungen und [&hellip;]<\/p>\n","protected":false},"author":1,"featured_media":0,"parent":2624,"menu_order":3,"comment_status":"closed","ping_status":"closed","template":"","meta":{"_et_pb_use_builder":"on","_et_pb_old_content":"","_et_gb_content_width":"","footnotes":""},"class_list":["post-2852","page","type-page","status-publish","hentry"],"yoast_head":"<!-- This site is optimized with the Yoast SEO plugin v27.3 - https:\/\/yoast.com\/product\/yoast-seo-wordpress\/ -->\n<title>Warehouse Tuning - Fit-for-Future<\/title>\n<meta name=\"description\" content=\"Wir unterst\u00fctzen Sie bei der Neuausrichtung Ihrer Bestandsanlage und zeigen Ihnen Ma\u00dfnahmen um sie an ver\u00e4nderte Marktanforderungen anzupassen.\" \/>\n<meta name=\"robots\" content=\"index, follow, max-snippet:-1, max-image-preview:large, max-video-preview:-1\" \/>\n<link rel=\"canonical\" href=\"https:\/\/timintralog.com\/de\/leistungsfelder\/optimierung-und-tuning\/warehouse-tuning\/\" \/>\n<meta property=\"og:locale\" content=\"de_DE\" \/>\n<meta property=\"og:type\" content=\"article\" \/>\n<meta property=\"og:title\" content=\"Warehouse Tuning - Fit-for-Future\" \/>\n<meta property=\"og:description\" content=\"Wir unterst\u00fctzen Sie bei der Neuausrichtung Ihrer Bestandsanlage und zeigen Ihnen Ma\u00dfnahmen um sie an ver\u00e4nderte Marktanforderungen anzupassen.\" \/>\n<meta property=\"og:url\" content=\"https:\/\/timintralog.com\/de\/leistungsfelder\/optimierung-und-tuning\/warehouse-tuning\/\" \/>\n<meta property=\"og:site_name\" content=\"TIM INTRALOG.\" \/>\n<meta property=\"article:modified_time\" content=\"2024-03-12T13:00:49+00:00\" \/>\n<meta name=\"twitter:card\" content=\"summary_large_image\" \/>\n<meta name=\"twitter:label1\" content=\"Gesch\u00e4tzte Lesezeit\" \/>\n\t<meta name=\"twitter:data1\" content=\"3\u00a0Minuten\" \/>\n<script type=\"application\/ld+json\" class=\"yoast-schema-graph\">{\"@context\":\"https:\\\/\\\/schema.org\",\"@graph\":[{\"@type\":\"WebPage\",\"@id\":\"https:\\\/\\\/timintralog.com\\\/de\\\/leistungsfelder\\\/optimierung-und-tuning\\\/warehouse-tuning\\\/\",\"url\":\"https:\\\/\\\/timintralog.com\\\/de\\\/leistungsfelder\\\/optimierung-und-tuning\\\/warehouse-tuning\\\/\",\"name\":\"Warehouse Tuning - Fit-for-Future\",\"isPartOf\":{\"@id\":\"https:\\\/\\\/timintralog.com\\\/de\\\/#website\"},\"datePublished\":\"2020-08-03T14:40:57+00:00\",\"dateModified\":\"2024-03-12T13:00:49+00:00\",\"description\":\"Wir unterst\u00fctzen Sie bei der Neuausrichtung Ihrer Bestandsanlage und zeigen Ihnen Ma\u00dfnahmen um sie an ver\u00e4nderte Marktanforderungen anzupassen.\",\"breadcrumb\":{\"@id\":\"https:\\\/\\\/timintralog.com\\\/de\\\/leistungsfelder\\\/optimierung-und-tuning\\\/warehouse-tuning\\\/#breadcrumb\"},\"inLanguage\":\"de\",\"potentialAction\":[{\"@type\":\"ReadAction\",\"target\":[\"https:\\\/\\\/timintralog.com\\\/de\\\/leistungsfelder\\\/optimierung-und-tuning\\\/warehouse-tuning\\\/\"]}]},{\"@type\":\"BreadcrumbList\",\"@id\":\"https:\\\/\\\/timintralog.com\\\/de\\\/leistungsfelder\\\/optimierung-und-tuning\\\/warehouse-tuning\\\/#breadcrumb\",\"itemListElement\":[{\"@type\":\"ListItem\",\"position\":1,\"name\":\"Home\",\"item\":\"https:\\\/\\\/timintralog.com\\\/de\\\/\"},{\"@type\":\"ListItem\",\"position\":2,\"name\":\"Leistungsfelder\",\"item\":\"https:\\\/\\\/timintralog.com\\\/de\\\/leistungsfelder\\\/\"},{\"@type\":\"ListItem\",\"position\":3,\"name\":\"Optimierung &#038; Tuning\",\"item\":\"https:\\\/\\\/timintralog.com\\\/de\\\/leistungsfelder\\\/optimierung-und-tuning\\\/\"},{\"@type\":\"ListItem\",\"position\":4,\"name\":\"Warehouse Tuning\"}]},{\"@type\":\"WebSite\",\"@id\":\"https:\\\/\\\/timintralog.com\\\/de\\\/#website\",\"url\":\"https:\\\/\\\/timintralog.com\\\/de\\\/\",\"name\":\"TIM INTRALOG.\",\"description\":\"Lager- und Intralogistik Beratung\",\"publisher\":{\"@id\":\"https:\\\/\\\/timintralog.com\\\/de\\\/#organization\"},\"potentialAction\":[{\"@type\":\"SearchAction\",\"target\":{\"@type\":\"EntryPoint\",\"urlTemplate\":\"https:\\\/\\\/timintralog.com\\\/de\\\/?s={search_term_string}\"},\"query-input\":{\"@type\":\"PropertyValueSpecification\",\"valueRequired\":true,\"valueName\":\"search_term_string\"}}],\"inLanguage\":\"de\"},{\"@type\":\"Organization\",\"@id\":\"https:\\\/\\\/timintralog.com\\\/de\\\/#organization\",\"name\":\"TIM INTRALOG.\",\"url\":\"https:\\\/\\\/timintralog.com\\\/de\\\/\",\"logo\":{\"@type\":\"ImageObject\",\"inLanguage\":\"de\",\"@id\":\"https:\\\/\\\/timintralog.com\\\/de\\\/#\\\/schema\\\/logo\\\/image\\\/\",\"url\":\"https:\\\/\\\/timintralog.com\\\/wp-content\\\/uploads\\\/2020\\\/02\\\/logo.svg\",\"contentUrl\":\"https:\\\/\\\/timintralog.com\\\/wp-content\\\/uploads\\\/2020\\\/02\\\/logo.svg\",\"width\":552,\"height\":81,\"caption\":\"TIM INTRALOG.\"},\"image\":{\"@id\":\"https:\\\/\\\/timintralog.com\\\/de\\\/#\\\/schema\\\/logo\\\/image\\\/\"}}]}<\/script>\n<!-- \/ Yoast SEO plugin. -->","yoast_head_json":{"title":"Warehouse Tuning - Fit-for-Future","description":"Wir unterst\u00fctzen Sie bei der Neuausrichtung Ihrer Bestandsanlage und zeigen Ihnen Ma\u00dfnahmen um sie an ver\u00e4nderte Marktanforderungen anzupassen.","robots":{"index":"index","follow":"follow","max-snippet":"max-snippet:-1","max-image-preview":"max-image-preview:large","max-video-preview":"max-video-preview:-1"},"canonical":"https:\/\/timintralog.com\/de\/leistungsfelder\/optimierung-und-tuning\/warehouse-tuning\/","og_locale":"de_DE","og_type":"article","og_title":"Warehouse Tuning - Fit-for-Future","og_description":"Wir unterst\u00fctzen Sie bei der Neuausrichtung Ihrer Bestandsanlage und zeigen Ihnen Ma\u00dfnahmen um sie an ver\u00e4nderte Marktanforderungen anzupassen.","og_url":"https:\/\/timintralog.com\/de\/leistungsfelder\/optimierung-und-tuning\/warehouse-tuning\/","og_site_name":"TIM INTRALOG.","article_modified_time":"2024-03-12T13:00:49+00:00","twitter_card":"summary_large_image","twitter_misc":{"Gesch\u00e4tzte Lesezeit":"3\u00a0Minuten"},"schema":{"@context":"https:\/\/schema.org","@graph":[{"@type":"WebPage","@id":"https:\/\/timintralog.com\/de\/leistungsfelder\/optimierung-und-tuning\/warehouse-tuning\/","url":"https:\/\/timintralog.com\/de\/leistungsfelder\/optimierung-und-tuning\/warehouse-tuning\/","name":"Warehouse Tuning - Fit-for-Future","isPartOf":{"@id":"https:\/\/timintralog.com\/de\/#website"},"datePublished":"2020-08-03T14:40:57+00:00","dateModified":"2024-03-12T13:00:49+00:00","description":"Wir unterst\u00fctzen Sie bei der Neuausrichtung Ihrer Bestandsanlage und zeigen Ihnen Ma\u00dfnahmen um sie an ver\u00e4nderte Marktanforderungen anzupassen.","breadcrumb":{"@id":"https:\/\/timintralog.com\/de\/leistungsfelder\/optimierung-und-tuning\/warehouse-tuning\/#breadcrumb"},"inLanguage":"de","potentialAction":[{"@type":"ReadAction","target":["https:\/\/timintralog.com\/de\/leistungsfelder\/optimierung-und-tuning\/warehouse-tuning\/"]}]},{"@type":"BreadcrumbList","@id":"https:\/\/timintralog.com\/de\/leistungsfelder\/optimierung-und-tuning\/warehouse-tuning\/#breadcrumb","itemListElement":[{"@type":"ListItem","position":1,"name":"Home","item":"https:\/\/timintralog.com\/de\/"},{"@type":"ListItem","position":2,"name":"Leistungsfelder","item":"https:\/\/timintralog.com\/de\/leistungsfelder\/"},{"@type":"ListItem","position":3,"name":"Optimierung &#038; Tuning","item":"https:\/\/timintralog.com\/de\/leistungsfelder\/optimierung-und-tuning\/"},{"@type":"ListItem","position":4,"name":"Warehouse Tuning"}]},{"@type":"WebSite","@id":"https:\/\/timintralog.com\/de\/#website","url":"https:\/\/timintralog.com\/de\/","name":"TIM INTRALOG.","description":"Lager- und Intralogistik Beratung","publisher":{"@id":"https:\/\/timintralog.com\/de\/#organization"},"potentialAction":[{"@type":"SearchAction","target":{"@type":"EntryPoint","urlTemplate":"https:\/\/timintralog.com\/de\/?s={search_term_string}"},"query-input":{"@type":"PropertyValueSpecification","valueRequired":true,"valueName":"search_term_string"}}],"inLanguage":"de"},{"@type":"Organization","@id":"https:\/\/timintralog.com\/de\/#organization","name":"TIM INTRALOG.","url":"https:\/\/timintralog.com\/de\/","logo":{"@type":"ImageObject","inLanguage":"de","@id":"https:\/\/timintralog.com\/de\/#\/schema\/logo\/image\/","url":"https:\/\/timintralog.com\/wp-content\/uploads\/2020\/02\/logo.svg","contentUrl":"https:\/\/timintralog.com\/wp-content\/uploads\/2020\/02\/logo.svg","width":552,"height":81,"caption":"TIM INTRALOG."},"image":{"@id":"https:\/\/timintralog.com\/de\/#\/schema\/logo\/image\/"}}]}},"_links":{"self":[{"href":"https:\/\/timintralog.com\/de\/wp-json\/wp\/v2\/pages\/2852","targetHints":{"allow":["GET"]}}],"collection":[{"href":"https:\/\/timintralog.com\/de\/wp-json\/wp\/v2\/pages"}],"about":[{"href":"https:\/\/timintralog.com\/de\/wp-json\/wp\/v2\/types\/page"}],"author":[{"embeddable":true,"href":"https:\/\/timintralog.com\/de\/wp-json\/wp\/v2\/users\/1"}],"replies":[{"embeddable":true,"href":"https:\/\/timintralog.com\/de\/wp-json\/wp\/v2\/comments?post=2852"}],"version-history":[{"count":2,"href":"https:\/\/timintralog.com\/de\/wp-json\/wp\/v2\/pages\/2852\/revisions"}],"predecessor-version":[{"id":5892,"href":"https:\/\/timintralog.com\/de\/wp-json\/wp\/v2\/pages\/2852\/revisions\/5892"}],"up":[{"embeddable":true,"href":"https:\/\/timintralog.com\/de\/wp-json\/wp\/v2\/pages\/2624"}],"wp:attachment":[{"href":"https:\/\/timintralog.com\/de\/wp-json\/wp\/v2\/media?parent=2852"}],"curies":[{"name":"wp","href":"https:\/\/api.w.org\/{rel}","templated":true}]}}