{"id":2854,"date":"2020-08-03T16:41:11","date_gmt":"2020-08-03T14:41:11","guid":{"rendered":"https:\/\/timintralog.com\/?page_id=2854"},"modified":"2024-03-12T14:01:49","modified_gmt":"2024-03-12T13:01:49","slug":"lager-benchmarking","status":"publish","type":"page","link":"https:\/\/timintralog.com\/de\/leistungsfelder\/optimierung-und-tuning\/lager-benchmarking\/","title":{"rendered":"Lager-Benchmarking"},"content":{"rendered":"<p>[et_pb_section fb_built=&#8220;1&#8243; _builder_version=&#8220;4.16&#8243; _module_preset=&#8220;default&#8220; background_color=&#8220;rgba(0,0,0,0)&#8220; use_background_color_gradient=&#8220;on&#8220; background_color_gradient_direction=&#8220;110deg&#8220; background_color_gradient_stops=&#8220;rgba(238,238,239,0.85) 30%|rgba(0,0,0,0) 100%&#8220; background_color_gradient_overlays_image=&#8220;on&#8220; background_color_gradient_start=&#8220;rgba(238,238,239,0.85)&#8220; background_color_gradient_start_position=&#8220;30%&#8220; background_color_gradient_end=&#8220;rgba(0,0,0,0)&#8220; background_image=&#8220;https:\/\/timintralog.com\/wp-content\/uploads\/2020\/09\/header-lager-benchmarking.jpg&#8220; custom_padding=&#8220;6vw||6vw||true|false&#8220; global_colors_info=&#8220;{}&#8220;][et_pb_row _builder_version=&#8220;4.16&#8243; _module_preset=&#8220;default&#8220; global_colors_info=&#8220;{}&#8220;][et_pb_column type=&#8220;4_4&#8243; _builder_version=&#8220;4.16&#8243; _module_preset=&#8220;default&#8220; global_colors_info=&#8220;{}&#8220;][et_pb_text _builder_version=&#8220;4.16&#8243; _module_preset=&#8220;default&#8220; width=&#8220;70%&#8220; custom_margin=&#8220;||||false|false&#8220; custom_padding=&#8220;||||false|false&#8220; global_colors_info=&#8220;{}&#8220;]<\/p>\n<h1>Ihre Lagerabwicklung im direkten Vergleich<\/h1>\n<p>[\/et_pb_text][\/et_pb_column][\/et_pb_row][\/et_pb_section][et_pb_section fb_built=&#8220;1&#8243; _builder_version=&#8220;4.16&#8243; _module_preset=&#8220;default&#8220; custom_padding=&#8220;0px||0px||false|false&#8220; global_colors_info=&#8220;{}&#8220;][et_pb_row _builder_version=&#8220;4.16&#8243; _module_preset=&#8220;default&#8220; custom_padding=&#8220;20px||20px||true|false&#8220; global_colors_info=&#8220;{}&#8220;][et_pb_column type=&#8220;4_4&#8243; _builder_version=&#8220;4.16&#8243; _module_preset=&#8220;default&#8220; global_colors_info=&#8220;{}&#8220;][et_pb_text _builder_version=&#8220;4.5.6&#8243; _module_preset=&#8220;default&#8220; link_text_color=&#8220;#222222&#8243; global_module=&#8220;2466&#8243; saved_tabs=&#8220;all&#8220; global_colors_info=&#8220;{}&#8220; link_text_color__hover_enabled=&#8220;on|hover&#8220; link_text_color__hover=&#8220;#004b85&#8243;]<\/p>\n<span><span><a href=\"https:\/\/timintralog.com\/de\/\">Home<\/a><\/span><\/span>\n<p>[\/et_pb_text][\/et_pb_column][\/et_pb_row][\/et_pb_section][et_pb_section fb_built=&#8220;1&#8243; _builder_version=&#8220;4.16&#8243; _module_preset=&#8220;default&#8220; custom_padding=&#8220;0px||||false|false&#8220; global_colors_info=&#8220;{}&#8220;][et_pb_row column_structure=&#8220;2_3,1_3&#8243; use_custom_gutter=&#8220;on&#8220; gutter_width=&#8220;4&#8243; _builder_version=&#8220;4.16&#8243; _module_preset=&#8220;default&#8220; global_colors_info=&#8220;{}&#8220;][et_pb_column type=&#8220;2_3&#8243; _builder_version=&#8220;4.16&#8243; _module_preset=&#8220;default&#8220; global_colors_info=&#8220;{}&#8220;][et_pb_text _builder_version=&#8220;4.16&#8243; _module_preset=&#8220;default&#8220; global_colors_info=&#8220;{}&#8220;]<\/p>\n<h2>Lager-Benchmarking<\/h2>\n<p>Niedrige Kosten, guter Service, Flexibilit\u00e4t und Tempo, das sind in der Regel die Anforderungen, mit denen sich Lagerverantwortliche heute konfrontiert sehen. Mit der Zeit b\u00fc\u00dfen intralogistische Prozesse eventuell an Produktivit\u00e4t ein. Der Vergleich mit dem Markt verschafft ein objektives Bild \u00fcber die Leistungsf\u00e4higkeit des eigenen Lagerbetriebs.<\/p>\n<p>Durch unsere jahrelange Beratungsarbeit haben wir ein breites Marktwissen aufgebaut. Wir kennen au\u00dferdem viele Lagerbetriebe und haben Zugriff auf Vergleichsdaten. Dieses Wissen setzen wir im Rahmen unserer Lager-Benchmarks zum Nutzen unserer Kunden ein.<\/p>\n<p>Bei unserem Lagerbenchmark analysieren wir intralogistische Prozesse und vergleichen diese mit denen ausgew\u00e4hlter Benchmarking-Teilnehmer. Unsere Benchmarks beziehen sich entweder auf das Handling, die Fl\u00e4che oder die Organisation. Im Einzelnen betrachten wir Produktions-, Umschlags- und Distributionslager, Prozesse und Strukturen, Produktivit\u00e4ten sowie Arbeitszeitmodelle und Entlohnungssysteme.<\/p>\n<p>Durch eine standardisierte Datenerhebung, intensive Vor-Ort-Aufnahme, Experteninterviews und eine prozessorientierte Harmonisierung k\u00f6nnen wir eine echte Vergleichbarkeit sicherstellen und Ihnen ein klares Feedback zu der Leistungsf\u00e4higkeit in Ihrem Lager geben.<\/p>\n<p><strong>Ihr Nutzen<\/strong><\/p>\n<ul>\n<li>Identifikation von Best-Practices<\/li>\n<li>Rationalisierungspotentiale Fl\u00e4chen, Prozesse und Equipment<\/li>\n<li>Ansatzpunkte zur Optimierung<\/li>\n<\/ul>\n<p>[\/et_pb_text][\/et_pb_column][et_pb_column type=&#8220;1_3&#8243; _builder_version=&#8220;4.16&#8243; _module_preset=&#8220;default&#8220; global_colors_info=&#8220;{}&#8220;][et_pb_team_member name=&#8220;Nils Bernhard&#8220; position=&#8220;Gesch\u00e4ftsf\u00fchrer&#8220; image_url=&#8220;https:\/\/timintralog.com\/wp-content\/uploads\/2024\/03\/006-20231107-TIM-INTRALOG.-GmbH-IMG_4272Z-2000x1334px-72DPI.jpg&#8220; _builder_version=&#8220;4.24.2&#8243; _module_preset=&#8220;default&#8220; global_module=&#8220;3147&#8243; saved_tabs=&#8220;all&#8220; global_colors_info=&#8220;{}&#8220;]<\/p>\n<p><a title=\"Mail Nils Bernhard\" href=\"mailto:n.bernhard@timintralog.com\">n.bernhard@timintralog.com<\/a><br \/><a title=\"Telefon Nils Bernhard\" href=\"tel:+4962115044895\">+49 (0) 621 150 448-95<\/a><br \/><a href=\"\/wp-content\/uploads\/2022\/04\/Nils-Bernhard.vcf\">Download Visitenkarte<\/a><\/p>\n<p>[\/et_pb_team_member][et_pb_button button_url=&#8220;mailto:n.bernhard@timintralog.com&#8220; button_text=&#8220;Jetzt Kontakt aufnehmen&#8220; button_alignment=&#8220;center&#8220; _builder_version=&#8220;4.24.2&#8243; _module_preset=&#8220;348f19b4-43c0-43f7-bba8-36c430caaa73&#8243; custom_margin=&#8220;0px||||false|false&#8220; hover_enabled=&#8220;0&#8243; global_colors_info=&#8220;{}&#8220; sticky_enabled=&#8220;0&#8243;][\/et_pb_button][\/et_pb_column][\/et_pb_row][\/et_pb_section]<\/p>\n","protected":false},"excerpt":{"rendered":"<p>Ihre Lagerabwicklung im direkten Vergleich<span><span><a href=\"https:\/\/timintralog.com\/de\/\">Home<\/a><\/span><\/span> Lager-Benchmarking Niedrige Kosten, guter Service, Flexibilit\u00e4t und Tempo, das sind in der Regel die Anforderungen, mit denen sich Lagerverantwortliche heute konfrontiert sehen. Mit der Zeit b\u00fc\u00dfen intralogistische Prozesse eventuell an Produktivit\u00e4t ein. Der Vergleich mit dem Markt verschafft ein objektives Bild \u00fcber die Leistungsf\u00e4higkeit des eigenen Lagerbetriebs. Durch unsere jahrelange [&hellip;]<\/p>\n","protected":false},"author":1,"featured_media":0,"parent":2624,"menu_order":4,"comment_status":"closed","ping_status":"closed","template":"","meta":{"_et_pb_use_builder":"on","_et_pb_old_content":"","_et_gb_content_width":"","footnotes":""},"class_list":["post-2854","page","type-page","status-publish","hentry"],"yoast_head":"<!-- This site is optimized with the Yoast SEO plugin v27.4 - https:\/\/yoast.com\/product\/yoast-seo-wordpress\/ -->\n<title>Lager-Benchmarking - Wir finden Best-Practices<\/title>\n<meta name=\"description\" content=\"Der Vergleich mit anderen Lagerorganisationen verschafft ein objektives Bild \u00fcber die Leistungsf\u00e4higkeit des eigenen Lagerbetriebs.\" \/>\n<meta name=\"robots\" content=\"index, follow, max-snippet:-1, max-image-preview:large, max-video-preview:-1\" \/>\n<link rel=\"canonical\" href=\"https:\/\/timintralog.com\/de\/leistungsfelder\/optimierung-und-tuning\/lager-benchmarking\/\" \/>\n<meta property=\"og:locale\" content=\"de_DE\" \/>\n<meta property=\"og:type\" content=\"article\" \/>\n<meta property=\"og:title\" content=\"Lager-Benchmarking - Wir finden Best-Practices\" \/>\n<meta property=\"og:description\" content=\"Der Vergleich mit anderen Lagerorganisationen verschafft ein objektives Bild \u00fcber die Leistungsf\u00e4higkeit des eigenen Lagerbetriebs.\" \/>\n<meta property=\"og:url\" content=\"https:\/\/timintralog.com\/de\/leistungsfelder\/optimierung-und-tuning\/lager-benchmarking\/\" \/>\n<meta property=\"og:site_name\" content=\"TIM INTRALOG.\" \/>\n<meta property=\"article:modified_time\" content=\"2024-03-12T13:01:49+00:00\" \/>\n<meta name=\"twitter:card\" content=\"summary_large_image\" \/>\n<meta name=\"twitter:label1\" content=\"Gesch\u00e4tzte Lesezeit\" \/>\n\t<meta name=\"twitter:data1\" content=\"3\u00a0Minuten\" \/>\n<script type=\"application\/ld+json\" class=\"yoast-schema-graph\">{\"@context\":\"https:\\\/\\\/schema.org\",\"@graph\":[{\"@type\":\"WebPage\",\"@id\":\"https:\\\/\\\/timintralog.com\\\/de\\\/leistungsfelder\\\/optimierung-und-tuning\\\/lager-benchmarking\\\/\",\"url\":\"https:\\\/\\\/timintralog.com\\\/de\\\/leistungsfelder\\\/optimierung-und-tuning\\\/lager-benchmarking\\\/\",\"name\":\"Lager-Benchmarking - Wir finden Best-Practices\",\"isPartOf\":{\"@id\":\"https:\\\/\\\/timintralog.com\\\/de\\\/#website\"},\"datePublished\":\"2020-08-03T14:41:11+00:00\",\"dateModified\":\"2024-03-12T13:01:49+00:00\",\"description\":\"Der Vergleich mit anderen Lagerorganisationen verschafft ein objektives Bild \u00fcber die Leistungsf\u00e4higkeit des eigenen Lagerbetriebs.\",\"breadcrumb\":{\"@id\":\"https:\\\/\\\/timintralog.com\\\/de\\\/leistungsfelder\\\/optimierung-und-tuning\\\/lager-benchmarking\\\/#breadcrumb\"},\"inLanguage\":\"de\",\"potentialAction\":[{\"@type\":\"ReadAction\",\"target\":[\"https:\\\/\\\/timintralog.com\\\/de\\\/leistungsfelder\\\/optimierung-und-tuning\\\/lager-benchmarking\\\/\"]}]},{\"@type\":\"BreadcrumbList\",\"@id\":\"https:\\\/\\\/timintralog.com\\\/de\\\/leistungsfelder\\\/optimierung-und-tuning\\\/lager-benchmarking\\\/#breadcrumb\",\"itemListElement\":[{\"@type\":\"ListItem\",\"position\":1,\"name\":\"Home\",\"item\":\"https:\\\/\\\/timintralog.com\\\/de\\\/\"},{\"@type\":\"ListItem\",\"position\":2,\"name\":\"Leistungsfelder\",\"item\":\"https:\\\/\\\/timintralog.com\\\/de\\\/leistungsfelder\\\/\"},{\"@type\":\"ListItem\",\"position\":3,\"name\":\"Optimierung &#038; Tuning\",\"item\":\"https:\\\/\\\/timintralog.com\\\/de\\\/leistungsfelder\\\/optimierung-und-tuning\\\/\"},{\"@type\":\"ListItem\",\"position\":4,\"name\":\"Lager-Benchmarking\"}]},{\"@type\":\"WebSite\",\"@id\":\"https:\\\/\\\/timintralog.com\\\/de\\\/#website\",\"url\":\"https:\\\/\\\/timintralog.com\\\/de\\\/\",\"name\":\"TIM INTRALOG.\",\"description\":\"Lager- und Intralogistik Beratung\",\"publisher\":{\"@id\":\"https:\\\/\\\/timintralog.com\\\/de\\\/#organization\"},\"potentialAction\":[{\"@type\":\"SearchAction\",\"target\":{\"@type\":\"EntryPoint\",\"urlTemplate\":\"https:\\\/\\\/timintralog.com\\\/de\\\/?s={search_term_string}\"},\"query-input\":{\"@type\":\"PropertyValueSpecification\",\"valueRequired\":true,\"valueName\":\"search_term_string\"}}],\"inLanguage\":\"de\"},{\"@type\":\"Organization\",\"@id\":\"https:\\\/\\\/timintralog.com\\\/de\\\/#organization\",\"name\":\"TIM INTRALOG.\",\"url\":\"https:\\\/\\\/timintralog.com\\\/de\\\/\",\"logo\":{\"@type\":\"ImageObject\",\"inLanguage\":\"de\",\"@id\":\"https:\\\/\\\/timintralog.com\\\/de\\\/#\\\/schema\\\/logo\\\/image\\\/\",\"url\":\"https:\\\/\\\/timintralog.com\\\/wp-content\\\/uploads\\\/2020\\\/02\\\/logo.svg\",\"contentUrl\":\"https:\\\/\\\/timintralog.com\\\/wp-content\\\/uploads\\\/2020\\\/02\\\/logo.svg\",\"width\":552,\"height\":81,\"caption\":\"TIM INTRALOG.\"},\"image\":{\"@id\":\"https:\\\/\\\/timintralog.com\\\/de\\\/#\\\/schema\\\/logo\\\/image\\\/\"}}]}<\/script>\n<!-- \/ Yoast SEO plugin. -->","yoast_head_json":{"title":"Lager-Benchmarking - Wir finden Best-Practices","description":"Der Vergleich mit anderen Lagerorganisationen verschafft ein objektives Bild \u00fcber die Leistungsf\u00e4higkeit des eigenen Lagerbetriebs.","robots":{"index":"index","follow":"follow","max-snippet":"max-snippet:-1","max-image-preview":"max-image-preview:large","max-video-preview":"max-video-preview:-1"},"canonical":"https:\/\/timintralog.com\/de\/leistungsfelder\/optimierung-und-tuning\/lager-benchmarking\/","og_locale":"de_DE","og_type":"article","og_title":"Lager-Benchmarking - Wir finden Best-Practices","og_description":"Der Vergleich mit anderen Lagerorganisationen verschafft ein objektives Bild \u00fcber die Leistungsf\u00e4higkeit des eigenen Lagerbetriebs.","og_url":"https:\/\/timintralog.com\/de\/leistungsfelder\/optimierung-und-tuning\/lager-benchmarking\/","og_site_name":"TIM INTRALOG.","article_modified_time":"2024-03-12T13:01:49+00:00","twitter_card":"summary_large_image","twitter_misc":{"Gesch\u00e4tzte Lesezeit":"3\u00a0Minuten"},"schema":{"@context":"https:\/\/schema.org","@graph":[{"@type":"WebPage","@id":"https:\/\/timintralog.com\/de\/leistungsfelder\/optimierung-und-tuning\/lager-benchmarking\/","url":"https:\/\/timintralog.com\/de\/leistungsfelder\/optimierung-und-tuning\/lager-benchmarking\/","name":"Lager-Benchmarking - Wir finden Best-Practices","isPartOf":{"@id":"https:\/\/timintralog.com\/de\/#website"},"datePublished":"2020-08-03T14:41:11+00:00","dateModified":"2024-03-12T13:01:49+00:00","description":"Der Vergleich mit anderen Lagerorganisationen verschafft ein objektives Bild \u00fcber die Leistungsf\u00e4higkeit des eigenen Lagerbetriebs.","breadcrumb":{"@id":"https:\/\/timintralog.com\/de\/leistungsfelder\/optimierung-und-tuning\/lager-benchmarking\/#breadcrumb"},"inLanguage":"de","potentialAction":[{"@type":"ReadAction","target":["https:\/\/timintralog.com\/de\/leistungsfelder\/optimierung-und-tuning\/lager-benchmarking\/"]}]},{"@type":"BreadcrumbList","@id":"https:\/\/timintralog.com\/de\/leistungsfelder\/optimierung-und-tuning\/lager-benchmarking\/#breadcrumb","itemListElement":[{"@type":"ListItem","position":1,"name":"Home","item":"https:\/\/timintralog.com\/de\/"},{"@type":"ListItem","position":2,"name":"Leistungsfelder","item":"https:\/\/timintralog.com\/de\/leistungsfelder\/"},{"@type":"ListItem","position":3,"name":"Optimierung &#038; Tuning","item":"https:\/\/timintralog.com\/de\/leistungsfelder\/optimierung-und-tuning\/"},{"@type":"ListItem","position":4,"name":"Lager-Benchmarking"}]},{"@type":"WebSite","@id":"https:\/\/timintralog.com\/de\/#website","url":"https:\/\/timintralog.com\/de\/","name":"TIM INTRALOG.","description":"Lager- und Intralogistik Beratung","publisher":{"@id":"https:\/\/timintralog.com\/de\/#organization"},"potentialAction":[{"@type":"SearchAction","target":{"@type":"EntryPoint","urlTemplate":"https:\/\/timintralog.com\/de\/?s={search_term_string}"},"query-input":{"@type":"PropertyValueSpecification","valueRequired":true,"valueName":"search_term_string"}}],"inLanguage":"de"},{"@type":"Organization","@id":"https:\/\/timintralog.com\/de\/#organization","name":"TIM INTRALOG.","url":"https:\/\/timintralog.com\/de\/","logo":{"@type":"ImageObject","inLanguage":"de","@id":"https:\/\/timintralog.com\/de\/#\/schema\/logo\/image\/","url":"https:\/\/timintralog.com\/wp-content\/uploads\/2020\/02\/logo.svg","contentUrl":"https:\/\/timintralog.com\/wp-content\/uploads\/2020\/02\/logo.svg","width":552,"height":81,"caption":"TIM INTRALOG."},"image":{"@id":"https:\/\/timintralog.com\/de\/#\/schema\/logo\/image\/"}}]}},"_links":{"self":[{"href":"https:\/\/timintralog.com\/de\/wp-json\/wp\/v2\/pages\/2854","targetHints":{"allow":["GET"]}}],"collection":[{"href":"https:\/\/timintralog.com\/de\/wp-json\/wp\/v2\/pages"}],"about":[{"href":"https:\/\/timintralog.com\/de\/wp-json\/wp\/v2\/types\/page"}],"author":[{"embeddable":true,"href":"https:\/\/timintralog.com\/de\/wp-json\/wp\/v2\/users\/1"}],"replies":[{"embeddable":true,"href":"https:\/\/timintralog.com\/de\/wp-json\/wp\/v2\/comments?post=2854"}],"version-history":[{"count":2,"href":"https:\/\/timintralog.com\/de\/wp-json\/wp\/v2\/pages\/2854\/revisions"}],"predecessor-version":[{"id":5894,"href":"https:\/\/timintralog.com\/de\/wp-json\/wp\/v2\/pages\/2854\/revisions\/5894"}],"up":[{"embeddable":true,"href":"https:\/\/timintralog.com\/de\/wp-json\/wp\/v2\/pages\/2624"}],"wp:attachment":[{"href":"https:\/\/timintralog.com\/de\/wp-json\/wp\/v2\/media?parent=2854"}],"curies":[{"name":"wp","href":"https:\/\/api.w.org\/{rel}","templated":true}]}}